{"id":14488,"date":"2023-06-05T11:36:23","date_gmt":"2023-06-05T11:36:23","guid":{"rendered":"https:\/\/toyman.com.tr\/kisisel-verilerin-korunmasi\/"},"modified":"2023-06-05T11:36:23","modified_gmt":"2023-06-05T11:36:23","slug":"kisisel-verilerin-korunmasi","status":"publish","type":"page","link":"https:\/\/toyman.com.tr\/en\/kisisel-verilerin-korunmasi\/","title":{"rendered":"K\u0130\u015e\u0130SEL VER\u0130LER\u0130N KORUNMASI"},"content":{"rendered":"\t\t<div data-elementor-type=\"wp-page\" data-elementor-id=\"14488\" class=\"elementor elementor-14488 elementor-5986\" data-elementor-post-type=\"page\">\n\t\t\t\t\t\t<section class=\"elementor-section elementor-top-section elementor-element elementor-element-9100a45 ot-traditional elementor-section-boxed elementor-section-height-default elementor-section-height-default\" data-id=\"9100a45\" data-element_type=\"section\">\n\t\t\t\t\t\t<div class=\"elementor-container elementor-column-gap-default\">\n\t\t\t\t\t<div class=\"elementor-column elementor-col-100 elementor-top-column elementor-element elementor-element-6f0ae2c ot-flex-column-vertical\" data-id=\"6f0ae2c\" data-element_type=\"column\">\n\t\t\t<div class=\"elementor-widget-wrap elementor-element-populated\">\n\t\t\t\t\t\t<div class=\"elementor-element elementor-element-ee432b4 elementor-widget elementor-widget-iheading\" data-id=\"ee432b4\" data-element_type=\"widget\" data-widget_type=\"iheading.default\">\n\t\t\t\t<div class=\"elementor-widget-container\">\n\t\t\t\t\t<div class=\"ot-heading\">\r\n\t        \t            <span>\/\/ TOYMAN<\/span>\r\n\t        <h2 class=\"main-heading\">TOYMAN PLAST\u0130K K\u0130\u015e\u0130SEL VER\u0130LER\u0130N \u0130\u015eLENMES\u0130 AYDINLATMA METN\u0130\n<\/h2>\t    <\/div>\r\n\t    \t\t<\/div>\n\t\t\t\t<\/div>\n\t\t\t\t<div class=\"elementor-element elementor-element-3a79c46 elementor-widget elementor-widget-text-editor\" data-id=\"3a79c46\" data-element_type=\"widget\" data-widget_type=\"text-editor.default\">\n\t\t\t\t<div class=\"elementor-widget-container\">\n\t\t\t<style>\/*! elementor - v3.21.0 - 26-05-2024 *\/\n.elementor-widget-text-editor.elementor-drop-cap-view-stacked .elementor-drop-cap{background-color:#69727d;color:#fff}.elementor-widget-text-editor.elementor-drop-cap-view-framed .elementor-drop-cap{color:#69727d;border:3px solid;background-color:transparent}.elementor-widget-text-editor:not(.elementor-drop-cap-view-default) .elementor-drop-cap{margin-top:8px}.elementor-widget-text-editor:not(.elementor-drop-cap-view-default) .elementor-drop-cap-letter{width:1em;height:1em}.elementor-widget-text-editor .elementor-drop-cap{float:left;text-align:center;line-height:1;font-size:50px}.elementor-widget-text-editor .elementor-drop-cap-letter{display:inline-block}<\/style>\t\t\t\t<p><span style=\"font-weight: 400;\">Toyman Plastik Ltd. \u015eti. (\u201c\u015eirket\u201d) olarak m\u00fc\u015fterilerimizin ve \u00e7al\u0131\u015fanlar\u0131m\u0131z\u0131n ki\u015fisel verilerinin g\u00fcvenli\u011fi hususuna azami hassasiyet g\u00f6stermekteyiz. Ba\u015fta temel hak ve \u00f6zg\u00fcrl\u00fcklerini korumak olmak \u00fczere \u00f6zel hayatlar\u0131na ili\u015fkin gizlili\u011fin korunmas\u0131, bilgi g\u00fcvenli\u011finin sa\u011flanmas\u0131 ve korunmas\u0131 prensiplerimiz aras\u0131nda yer almakta olup; verilerin 6698 say\u0131l\u0131 Ki\u015fisel Verilerin Korunmas\u0131 Kanunu (\u201cKVK Kanunu\u201d)\u2019 na uygun olarak i\u015flenerek Toyman Plastik Ltd. \u015eti. taraf\u0131ndan ne \u015fekilde i\u015flendi\u011fine ili\u015fkin bilgiler ba\u015fl\u0131klar alt\u0131nda sunulmaktad\u0131r.<\/span><\/p><p><b>1) Veri Sorumlusu ve Temsilcisi<\/b><\/p><p><span style=\"font-weight: 400;\">Ki\u015fisel verileriniz, 6698 say\u0131l\u0131 Ki\u015fisel Verilerin Korunmas\u0131 Kanunu (\u201c6698 say\u0131l\u0131 Kanun\u201d) kapsam\u0131nda Toyman Plastik Ltd. \u015eti. taraf\u0131ndan i\u015flenebilecektir. Kanun kapsam\u0131nda Toyman Plastik Ltd. \u015eti. veri sorumlusu olarak kabul edilmektedir.<\/span><\/p><p><b>2) Ki\u015fisel Verilerin Hangi Ama\u00e7la \u0130\u015flenece\u011fi<\/b><\/p><p><span style=\"font-weight: 400;\">Toplanan ki\u015fisel verileriniz, Toyman Plastik Ltd. \u015eti. ile i\u015f ili\u015fkisi i\u00e7erisinde olan ki\u015filerin hukuki ve ticari g\u00fcvenli\u011finin temini; Toyman Plastik Ltd. \u015eti.\u2019 nin insan kaynaklar\u0131 politikalar\u0131n\u0131n y\u00fcr\u00fct\u00fclmesinin temini; Toyman Plastik Ltd. \u015eti.\u2019 nin ticari ve i\u015f stratejilerinin belirlenmesi ve uygulanmas\u0131 ama\u00e7lar\u0131yla ki\u015fisel verileriniz, 6698 say\u0131l\u0131 Kanun\u2019 un 5. 6. maddelerinde listelenen ki\u015fisel verilerin i\u015flenmesine ili\u015fkin \u015fartlara uygun olarak i\u015flenmektedir.<\/span><\/p><p><b>3) \u0130\u015flenen Ki\u015fisel Verilerin Kimlere ve Hangi Ama\u00e7la Aktar\u0131labilece\u011fi<\/b><\/p><p><span style=\"font-weight: 400;\">Toplanan ki\u015fisel verileriniz; \u015eirketimiz taraf\u0131ndan sunulan \u00fcr\u00fcn ve hizmetlerden sizleri faydaland\u0131rmak i\u00e7in gerekli \u00e7al\u0131\u015fmalar\u0131n i\u015f birimlerimiz taraf\u0131ndan yap\u0131lmas\u0131; \u015eirketimiz taraf\u0131ndan sunulan \u00fcr\u00fcn ve hizmetlerin sizlerin be\u011feni, kullan\u0131m al\u0131\u015fkanl\u0131klar\u0131 ve ihtiya\u00e7lar\u0131na g\u00f6re \u00f6zelle\u015ftirilerek sizlere \u00f6nerilmesi; \u015eirketimizin insan kaynaklar\u0131 politikalar\u0131n\u0131n y\u00fcr\u00fct\u00fclmesinin temini; \u015eirketimizin ve \u015eirketimizle i\u015f ili\u015fkisi i\u00e7erisinde olan ki\u015filerin hukuki ve ticari g\u00fcvenli\u011finin temini; \u015eirketimizin ticari ve i\u015f stratejilerinin belirlenmesi ve uygulanmas\u0131 ama\u00e7lar\u0131yla; bayilerimize, i\u015f ortaklar\u0131m\u0131za, tedarik\u00e7ilerimize, hissedarlar\u0131m\u0131za, i\u015ftiraklerimize, kanunen yetkili kamu kurumlar\u0131 ve \u00f6zel ki\u015filere, 6698 say\u0131l\u0131 Kanun\u2019un 8. ve 9. maddelerinde belirtilen ki\u015fisel veri i\u015fleme \u015fartlar\u0131 ve ama\u00e7lar\u0131 \u00e7er\u00e7evesinde aktar\u0131labilecektir.<\/span><\/p><p><b>4) Ki\u015fisel Veri Toplaman\u0131n Y\u00f6ntemi ve Hukuki Sebebi<\/b><\/p><p><span style=\"font-weight: 400;\">Bunlarla s\u0131n\u0131rl\u0131 olmamak \u00fczere, internet sitesi, sosyal medya hesaplar\u0131m\u0131z, muhtelif s\u00f6zle\u015fmeler, mobil uygulamalar, elektronik posta, ba\u015fvuru formlar\u0131 (i\u015f ve tedarik\u00e7i), fuar-tan\u0131t\u0131m g\u00f6r\u00fc\u015fme dok\u00fcmanlar\u0131, m\u00fc\u015fteri \u015fikayet hatt\u0131ndan elde edilen kay\u0131tlar, denetim dok\u00fcmanlar\u0131 gibi ara\u00e7lar \u00fczerinden, \u015firketimiz ile yap\u0131lan yaz\u0131l\u0131 veya s\u00f6zl\u00fc ileti\u015fimler vb. kanallar arac\u0131l\u0131\u011f\u0131yla s\u00f6zl\u00fc, yaz\u0131l\u0131 veya elektronik ortamda toplanabilir, onaylar\u0131n\u0131z al\u0131nabilir. Ki\u015fisel verileriniz ayr\u0131ca Kanun\u2019un 5. ve 6. maddelerinde belirtilen ki\u015fisel veri i\u015fleme \u015fartlar\u0131 ve ama\u00e7lar\u0131 kapsam\u0131nda ve bu Ayd\u0131nlatma ve R\u0131za Metni\u2019 nin 1. ve 2. maddelerde belirtilen hukuki sebepler ve ama\u00e7lar do\u011frultusunda i\u015flenebilecek ve payla\u015f\u0131labilecektir.<\/span><\/p><p><b>5) Ki\u015fisel Veri Sahibinin KVK Kanunu\u2019nun 11. maddesinde Say\u0131lan Haklar\u0131<\/b><\/p><p><span style=\"font-weight: 400;\">Ki\u015fisel veri sahipleri olarak, haklar\u0131n\u0131za ili\u015fkin taleplerinizi i\u015fbu Ayd\u0131nlatma Metni\u2019 nde a\u015fa\u011f\u0131da d\u00fczenlenen y\u00f6ntemlerle Toyman Plastik Ltd. \u015eti. ye iletmeniz durumunda Toyman Plastik talebin niteli\u011fine g\u00f6re talebi en k\u0131sa s\u00fcrede ve en ge\u00e7 otuz (30) g\u00fcn i\u00e7inde \u00fccretsiz olarak sonu\u00e7land\u0131racakt\u0131r. Ancak, Ki\u015fisel Verileri Koruma Kurulunca bir \u00fccret tarifesi \u00f6ng\u00f6r\u00fclmesi halinde, Toyman Plastik taraf\u0131ndan, belirlenen tarifedeki \u00fccret al\u0131nacakt\u0131r. Bu kapsamda ki\u015fisel veri sahipleri;<\/span><\/p><p><span style=\"font-weight: 400;\">Ki\u015fisel verilerinin i\u015flenip i\u015flenmedi\u011fini \u00f6\u011frenme,<\/span><\/p><p><span style=\"font-weight: 400;\">Ki\u015fisel verileri i\u015flenmi\u015fse buna ili\u015fkin bilgi talep etme,<\/span><\/p><p><span style=\"font-weight: 400;\">Ki\u015fisel verilerin i\u015flenme amac\u0131n\u0131 ve bunlar\u0131n amac\u0131na uygun kullan\u0131l\u0131p kullan\u0131lmad\u0131\u011f\u0131n\u0131 \u00f6\u011frenme,<\/span><\/p><p><span style=\"font-weight: 400;\">Yurt i\u00e7inde veya yurt d\u0131\u015f\u0131nda ki\u015fisel verilerin aktar\u0131ld\u0131\u011f\u0131 \u00fc\u00e7\u00fcnc\u00fc ki\u015fileri bilme,<\/span><\/p><p><span style=\"font-weight: 400;\">Ki\u015fisel verilerin eksik veya yanl\u0131\u015f i\u015flenmi\u015f olmas\u0131 h\u00e2linde bunlar\u0131n d\u00fczeltilmesini isteme,<\/span><\/p><p><span style=\"font-weight: 400;\">5 ve 6 numaral\u0131 maddeler uyar\u0131nca yap\u0131lan i\u015flemlerin ki\u015fisel verilerin aktar\u0131ld\u0131\u011f\u0131 \u00fc\u00e7\u00fcnc\u00fc ki\u015filere bildirilmesini isteme,<\/span><\/p><p><span style=\"font-weight: 400;\">KVKK 7. maddede \u00f6ng\u00f6r\u00fclen \u015fartlar \u00e7er\u00e7evesinde ki\u015fisel verilerin silinmesini veya yok edilmesini isteme,<\/span><\/p><p><span style=\"font-weight: 400;\">\u0130\u015flenen verilerin m\u00fcnhas\u0131ran otomatik sistemler vas\u0131tas\u0131yla analiz edilmesi suretiyle ki\u015finin kendisi aleyhine bir sonucun ortaya \u00e7\u0131kmas\u0131na itiraz etme,<\/span><\/p><p><span style=\"font-weight: 400;\">Ki\u015fisel verilerin kanuna ayk\u0131r\u0131 olarak i\u015flenmesi sebebiyle zarara u\u011framas\u0131 h\u00e2linde zarar\u0131n giderilmesini talep etme haklar\u0131na sahiptir.<\/span><\/p><p><span style=\"font-weight: 400;\">Yukar\u0131da belirtilen haklar\u0131n\u0131z\u0131 kullanmakla ilgili Toyman Plastik Ltd. \u015eti. ye yaz\u0131l\u0131 olarak ba\u015fvurman\u0131z halinde, talebinizin niteli\u011fine g\u00f6re en ge\u00e7 30 (otuz) g\u00fcn i\u00e7erisinde yan\u0131t verilecektir. Ba\u015fvurunuzu a\u00e7\u0131k, anla\u015f\u0131r bir \u015fekilde ve kimlik ve adres bilgilerini tespit edici belgeleri de ekleyerek, yaz\u0131l\u0131 ve \u0131slak imzal\u0131 olarak elden, postayla ya da noter kanal\u0131yla Toyman Plastik Ltd. \u015eti. &#8220;\u0130TOB Organize Sanayi B\u00f6lgesi 10019 Sokak No:10 Menderes &#8211; \u0130ZM\u0130R\u201d adresine ula\u015ft\u0131rabilir veya bilgi@toyman.com.tr mail adresine e-posta yoluyla g\u00f6nderebilirsiniz.<\/span><\/p>\t\t\t\t\t\t<\/div>\n\t\t\t\t<\/div>\n\t\t\t\t\t<\/div>\n\t\t<\/div>\n\t\t\t\t\t<\/div>\n\t\t<\/section>\n\t\t\t\t<\/div>\n\t\t","protected":false},"excerpt":{"rendered":"<p>\/\/ TOYMAN TOYMAN PLAST\u0130K K\u0130\u015e\u0130SEL VER\u0130LER\u0130N \u0130\u015eLENMES\u0130 AYDINLATMA METN\u0130 Toyman Plastik Ltd. \u015eti. (\u201c\u015eirket\u201d) olarak m\u00fc\u015fterilerimizin ve \u00e7al\u0131\u015fanlar\u0131m\u0131z\u0131n ki\u015fisel verilerinin g\u00fcvenli\u011fi hususuna azami hassasiyet g\u00f6stermekteyiz. Ba\u015fta temel hak ve \u00f6zg\u00fcrl\u00fcklerini korumak olmak \u00fczere \u00f6zel hayatlar\u0131na ili\u015fkin gizlili\u011fin korunmas\u0131, bilgi g\u00fcvenli\u011finin sa\u011flanmas\u0131 ve korunmas\u0131 prensiplerimiz aras\u0131nda yer almakta olup; verilerin 6698 say\u0131l\u0131 Ki\u015fisel Verilerin Korunmas\u0131 Kanunu [&hellip;]<\/p>\n","protected":false},"author":1,"featured_media":0,"parent":0,"menu_order":0,"comment_status":"closed","ping_status":"closed","template":"","meta":{"_acf_changed":false,"footnotes":""},"class_list":["post-14488","page","type-page","status-publish","hentry"],"acf":[],"_links":{"self":[{"href":"https:\/\/toyman.com.tr\/en\/wp-json\/wp\/v2\/pages\/14488","targetHints":{"allow":["GET"]}}],"collection":[{"href":"https:\/\/toyman.com.tr\/en\/wp-json\/wp\/v2\/pages"}],"about":[{"href":"https:\/\/toyman.com.tr\/en\/wp-json\/wp\/v2\/types\/page"}],"author":[{"embeddable":true,"href":"https:\/\/toyman.com.tr\/en\/wp-json\/wp\/v2\/users\/1"}],"replies":[{"embeddable":true,"href":"https:\/\/toyman.com.tr\/en\/wp-json\/wp\/v2\/comments?post=14488"}],"version-history":[{"count":0,"href":"https:\/\/toyman.com.tr\/en\/wp-json\/wp\/v2\/pages\/14488\/revisions"}],"wp:attachment":[{"href":"https:\/\/toyman.com.tr\/en\/wp-json\/wp\/v2\/media?parent=14488"}],"curies":[{"name":"wp","href":"https:\/\/api.w.org\/{rel}","templated":true}]}}