{"id":14495,"date":"2020-01-09T04:10:53","date_gmt":"2020-01-09T04:10:53","guid":{"rendered":"https:\/\/toyman.com.tr\/kurumsal\/"},"modified":"2024-12-03T13:39:54","modified_gmt":"2024-12-03T13:39:54","slug":"corporate","status":"publish","type":"page","link":"https:\/\/toyman.com.tr\/en\/corporate\/","title":{"rendered":"CORPORATE"},"content":{"rendered":"\t\t<div data-elementor-type=\"wp-page\" data-elementor-id=\"14495\" class=\"elementor elementor-14495 elementor-1579\" data-elementor-post-type=\"page\">\n\t\t\t\t\t\t<section class=\"elementor-section elementor-top-section elementor-element elementor-element-7f3cbd8 elementor-section-content-middle ot-traditional elementor-section-boxed elementor-section-height-default elementor-section-height-default\" data-id=\"7f3cbd8\" data-element_type=\"section\" data-settings=\"{&quot;background_background&quot;:&quot;classic&quot;}\">\n\t\t\t\t\t\t<div class=\"elementor-container elementor-column-gap-extended\">\n\t\t\t\t\t<div class=\"elementor-column elementor-col-50 elementor-top-column elementor-element elementor-element-9fc2569 ot-column-items-center ot-flex-column-vertical\" data-id=\"9fc2569\" data-element_type=\"column\">\n\t\t\t<div class=\"elementor-widget-wrap elementor-element-populated\">\n\t\t\t\t\t\t<div class=\"elementor-element elementor-element-925ee15 elementor-widget elementor-widget-iheading\" data-id=\"925ee15\" data-element_type=\"widget\" data-widget_type=\"iheading.default\">\n\t\t\t\t<div class=\"elementor-widget-container\">\n\t\t\t\t\t<div class=\"ot-heading\">\r\n\t        <h2 class=\"main-heading\">ABOUT US<\/h2>\t    <\/div>\r\n\t    \t\t<\/div>\n\t\t\t\t<\/div>\n\t\t\t\t<div class=\"elementor-element elementor-element-5f326aa elementor-widget elementor-widget-text-editor\" data-id=\"5f326aa\" data-element_type=\"widget\" data-widget_type=\"text-editor.default\">\n\t\t\t\t<div class=\"elementor-widget-container\">\n\t\t\t<style>\/*! elementor - v3.21.0 - 26-05-2024 *\/\n.elementor-widget-text-editor.elementor-drop-cap-view-stacked .elementor-drop-cap{background-color:#69727d;color:#fff}.elementor-widget-text-editor.elementor-drop-cap-view-framed .elementor-drop-cap{color:#69727d;border:3px solid;background-color:transparent}.elementor-widget-text-editor:not(.elementor-drop-cap-view-default) .elementor-drop-cap{margin-top:8px}.elementor-widget-text-editor:not(.elementor-drop-cap-view-default) .elementor-drop-cap-letter{width:1em;height:1em}.elementor-widget-text-editor .elementor-drop-cap{float:left;text-align:center;line-height:1;font-size:50px}.elementor-widget-text-editor .elementor-drop-cap-letter{display:inline-block}<\/style>\t\t\t\t<p><span style=\"font-weight: 400;\">Founded by Hasan TOYMAN in 1979 in Izmir, TOYMAN\u00ae operated as a private family business until 2004 under the name of Co\u015fkun Ticaret ve Plastik. Through its clear &#8211; cut vision, dynamic structure and contemporary perspective, TOYMAN\u00ae has extended its product portfolio and supported its organization with top talent in last couple of years. With the second generation taking more prominent role in management, it has institutionalized itself and became a growth company.<\/span><\/p><p><span style=\"font-weight: 400;\">TOYMAN\u00ae currently focuses on agricultural machinery and equipment spare part manufacturing. In addition to manufacturing, it also engages in import and export and aims to a prominent player in its industry worldwide. Given the increasing importance of organized agriculture, TOYMAN\u00ae adopts\u00a0 established standards and\u00a0 technology to continuously improve efficiency and production quality.TOYMAN\u00ae also embraces new\u00a0 management techniques and highly values top talent in management.<\/span><\/p>\t\t\t\t\t\t<\/div>\n\t\t\t\t<\/div>\n\t\t\t\t<div class=\"elementor-element elementor-element-840411c elementor-alert-info elementor-widget elementor-widget-alert\" data-id=\"840411c\" data-element_type=\"widget\" data-widget_type=\"alert.default\">\n\t\t\t\t<div class=\"elementor-widget-container\">\n\t\t\t<style>\/*! elementor - v3.21.0 - 26-05-2024 *\/\n.elementor-alert{padding:15px;border-left:5px solid transparent;position:relative;text-align:start}.elementor-alert .elementor-alert-title{display:block;font-weight:700}.elementor-alert .elementor-alert-description{font-size:13px}.elementor-alert button.elementor-alert-dismiss{position:absolute;right:var(--dismiss-icon-horizontal-position,10px);top:var(--dismiss-icon-vertical-position,10px);padding:3px;font-size:var(--dismiss-icon-size,20px);line-height:1;background:transparent;color:var(--dismiss-icon-normal-color,inherit);border:none;cursor:pointer;transition-duration:var(--dismiss-icon-hover-transition-duration,.3s)}.elementor-alert button.elementor-alert-dismiss:hover{color:var(--dismiss-icon-hover-color,inherit)}.elementor-alert button.elementor-alert-dismiss svg{width:var(--dismiss-icon-size,20px);height:var(--dismiss-icon-size,20px);fill:var(--dismiss-icon-normal-color,currentColor);transition-duration:var(--dismiss-icon-hover-transition-duration,.3s)}.elementor-alert button.elementor-alert-dismiss svg:hover{fill:var(--dismiss-icon-hover-color,currentColor)}.elementor-alert-info .elementor-alert{color:#31708f;background-color:#d9edf7;border-color:#bcdff1}.elementor-alert-success .elementor-alert{color:#3c763d;background-color:#dff0d8;border-color:#cae6be}.elementor-alert-warning .elementor-alert{color:#8a6d3b;background-color:#fcf8e3;border-color:#f9f0c3}.elementor-alert-danger .elementor-alert{color:#a94442;background-color:#f2dede;border-color:#e8c4c4}@media (max-width:767px){.elementor-alert{padding:10px}.elementor-alert button.elementor-alert-dismiss{right:7px;top:7px}}<\/style>\t\t<div class=\"elementor-alert\" role=\"alert\">\n\n\t\t\t\t\t\t<span class=\"elementor-alert-title\">Very first manufacturer of spare parts for agricultural sprayers of Turkey<\/span>\n\t\t\t\n\t\t\t\n\t\t\t\n\t\t<\/div>\n\t\t\t\t<\/div>\n\t\t\t\t<\/div>\n\t\t\t\t\t<\/div>\n\t\t<\/div>\n\t\t\t\t<div class=\"elementor-column elementor-col-50 elementor-top-column elementor-element elementor-element-7564da8 ot-column-items-top ot-flex-column-vertical\" data-id=\"7564da8\" data-element_type=\"column\">\n\t\t\t<div class=\"elementor-widget-wrap elementor-element-populated\">\n\t\t\t\t\t\t<section class=\"elementor-section elementor-inner-section elementor-element elementor-element-c97a89f elementor-section-full_width ot-layout_block elementor-section-height-default elementor-section-height-default\" data-id=\"c97a89f\" data-element_type=\"section\">\n\t\t\t\t\t\t<div class=\"elementor-container elementor-column-gap-extended\">\n\t\t\t\t\t<div class=\"elementor-column elementor-col-50 elementor-inner-column elementor-element elementor-element-ee166a8 ot-flex-column-vertical\" data-id=\"ee166a8\" data-element_type=\"column\">\n\t\t\t<div class=\"elementor-widget-wrap elementor-element-populated\">\n\t\t\t\t\t\t<div class=\"elementor-element elementor-element-3bd0bf1 elementor-widget elementor-widget-iimagebox1\" data-id=\"3bd0bf1\" data-element_type=\"widget\" data-widget_type=\"iimagebox1.default\">\n\t\t\t\t<div class=\"elementor-widget-container\">\n\t\t\t\t\t<a class=\"ot-image-box\" >\r\n\t\t\t<div class=\"overlay\">\r\n\t        \t<h4>OUR MISSION<\/h4>\r\n\t\t\t<\/div>\r\n\t\t\t<img decoding=\"async\" src=\"https:\/\/toyman.com.tr\/wp-content\/uploads\/2023\/06\/misyonumuz-1.jpg\" alt=\"OUR MISSION\">\r\n\t\t<\/a>\r\n\t    \t\t<\/div>\n\t\t\t\t<\/div>\n\t\t\t\t<div class=\"elementor-element elementor-element-f732a9b elementor-widget elementor-widget-iimagebox1\" data-id=\"f732a9b\" data-element_type=\"widget\" data-widget_type=\"iimagebox1.default\">\n\t\t\t\t<div class=\"elementor-widget-container\">\n\t\t\t\t\t<a class=\"ot-image-box\" >\r\n\t\t\t<div class=\"overlay\">\r\n\t        \t<h4>OUR HISTORY<\/h4>\r\n\t\t\t<\/div>\r\n\t\t\t<img decoding=\"async\" src=\"https:\/\/toyman.com.tr\/wp-content\/uploads\/2023\/06\/toyman-tarihce-2.jpg\" alt=\"OUR HISTORY\">\r\n\t\t<\/a>\r\n\t    \t\t<\/div>\n\t\t\t\t<\/div>\n\t\t\t\t\t<\/div>\n\t\t<\/div>\n\t\t\t\t<div class=\"elementor-column elementor-col-50 elementor-inner-column elementor-element elementor-element-d9c942d ot-flex-column-vertical\" data-id=\"d9c942d\" data-element_type=\"column\">\n\t\t\t<div class=\"elementor-widget-wrap elementor-element-populated\">\n\t\t\t\t\t\t<div class=\"elementor-element elementor-element-0d52049 elementor-widget elementor-widget-iimagebox1\" data-id=\"0d52049\" data-element_type=\"widget\" data-widget_type=\"iimagebox1.default\">\n\t\t\t\t<div class=\"elementor-widget-container\">\n\t\t\t\t\t<a class=\"ot-image-box\" >\r\n\t\t\t<div class=\"overlay\">\r\n\t        \t<h4>OUR VISION<\/h4>\r\n\t\t\t<\/div>\r\n\t\t\t<img decoding=\"async\" src=\"https:\/\/toyman.com.tr\/wp-content\/uploads\/2023\/06\/vizyonumuz.jpg\" alt=\"OUR VISION\">\r\n\t\t<\/a>\r\n\t    \t\t<\/div>\n\t\t\t\t<\/div>\n\t\t\t\t<div class=\"elementor-element elementor-element-cf54c53 elementor-widget elementor-widget-iimagebox1\" data-id=\"cf54c53\" data-element_type=\"widget\" data-widget_type=\"iimagebox1.default\">\n\t\t\t\t<div class=\"elementor-widget-container\">\n\t\t\t\t\t<a class=\"ot-image-box\" >\r\n\t\t\t<div class=\"overlay\">\r\n\t        \t<h4>OUR VALUES<\/h4>\r\n\t\t\t<\/div>\r\n\t\t\t<img decoding=\"async\" src=\"https:\/\/toyman.com.tr\/wp-content\/uploads\/2023\/06\/degerlerimiz.jpg\" alt=\"OUR VALUES\">\r\n\t\t<\/a>\r\n\t    \t\t<\/div>\n\t\t\t\t<\/div>\n\t\t\t\t\t<\/div>\n\t\t<\/div>\n\t\t\t\t\t<\/div>\n\t\t<\/section>\n\t\t\t\t\t<\/div>\n\t\t<\/div>\n\t\t\t\t\t<\/div>\n\t\t<\/section>\n\t\t\t\t<section class=\"elementor-section elementor-top-section elementor-element elementor-element-34f0507 ot-traditional elementor-section-boxed elementor-section-height-default elementor-section-height-default\" data-id=\"34f0507\" data-element_type=\"section\">\n\t\t\t\t\t\t<div class=\"elementor-container elementor-column-gap-default\">\n\t\t\t\t\t<div class=\"elementor-column elementor-col-100 elementor-top-column elementor-element elementor-element-ad9f8a2 ot-flex-column-vertical\" data-id=\"ad9f8a2\" data-element_type=\"column\">\n\t\t\t<div class=\"elementor-widget-wrap elementor-element-populated\">\n\t\t\t\t\t\t<section class=\"elementor-section elementor-inner-section elementor-element elementor-element-2b49e7e elementor-section-full_width ot-traditional elementor-section-height-default elementor-section-height-default\" data-id=\"2b49e7e\" data-element_type=\"section\">\n\t\t\t\t\t\t<div class=\"elementor-container elementor-column-gap-extended\">\n\t\t\t\t\t<div class=\"elementor-column elementor-col-50 elementor-inner-column elementor-element elementor-element-9110c9b ot-flex-column-vertical\" data-id=\"9110c9b\" data-element_type=\"column\" data-settings=\"{&quot;background_background&quot;:&quot;classic&quot;}\">\n\t\t\t<div class=\"elementor-widget-wrap elementor-element-populated\">\n\t\t\t\t\t\t<div class=\"elementor-element elementor-element-f5aaf89 elementor-widget elementor-widget-heading\" data-id=\"f5aaf89\" data-element_type=\"widget\" data-widget_type=\"heading.default\">\n\t\t\t\t<div class=\"elementor-widget-container\">\n\t\t\t<style>\/*! elementor - v3.21.0 - 26-05-2024 *\/\n.elementor-heading-title{padding:0;margin:0;line-height:1}.elementor-widget-heading .elementor-heading-title[class*=elementor-size-]>a{color:inherit;font-size:inherit;line-height:inherit}.elementor-widget-heading .elementor-heading-title.elementor-size-small{font-size:15px}.elementor-widget-heading .elementor-heading-title.elementor-size-medium{font-size:19px}.elementor-widget-heading .elementor-heading-title.elementor-size-large{font-size:29px}.elementor-widget-heading .elementor-heading-title.elementor-size-xl{font-size:39px}.elementor-widget-heading .elementor-heading-title.elementor-size-xxl{font-size:59px}<\/style><h5 class=\"elementor-heading-title elementor-size-default\">OUR VISION\n<\/h5>\t\t<\/div>\n\t\t\t\t<\/div>\n\t\t\t\t<div class=\"elementor-element elementor-element-4017544 elementor-widget elementor-widget-text-editor\" data-id=\"4017544\" data-element_type=\"widget\" data-widget_type=\"text-editor.default\">\n\t\t\t\t<div class=\"elementor-widget-container\">\n\t\t\t\t\t\t\t<p><span style=\"font-weight: 400;\">To create a strong world brand by combining our experience with developing technology and considering economic and social importance of the agriculture in our country and in the world.<\/span><\/p>\t\t\t\t\t\t<\/div>\n\t\t\t\t<\/div>\n\t\t\t\t\t<\/div>\n\t\t<\/div>\n\t\t\t\t<div class=\"elementor-column elementor-col-50 elementor-inner-column elementor-element elementor-element-92bfc64 ot-flex-column-vertical\" data-id=\"92bfc64\" data-element_type=\"column\" data-settings=\"{&quot;background_background&quot;:&quot;classic&quot;}\">\n\t\t\t<div class=\"elementor-widget-wrap elementor-element-populated\">\n\t\t\t\t\t\t<div class=\"elementor-element elementor-element-547e790 elementor-widget elementor-widget-heading\" data-id=\"547e790\" data-element_type=\"widget\" data-widget_type=\"heading.default\">\n\t\t\t\t<div class=\"elementor-widget-container\">\n\t\t\t<h5 class=\"elementor-heading-title elementor-size-default\">OUR MISSION\n<\/h5>\t\t<\/div>\n\t\t\t\t<\/div>\n\t\t\t\t<div class=\"elementor-element elementor-element-90182ca elementor-widget elementor-widget-text-editor\" data-id=\"90182ca\" data-element_type=\"widget\" data-widget_type=\"text-editor.default\">\n\t\t\t\t<div class=\"elementor-widget-container\">\n\t\t\t\t\t\t\tWith 45 years of experience, Toyman Plastik has adopted the\nprinciple of continuing its investments, producing quality\nproducts and supplying with them to its customers as\nTurkey&#8217;s first producer of agricultural spraying spare parts.\n\t\t\t\t\t\t<\/div>\n\t\t\t\t<\/div>\n\t\t\t\t\t<\/div>\n\t\t<\/div>\n\t\t\t\t\t<\/div>\n\t\t<\/section>\n\t\t\t\t\t<\/div>\n\t\t<\/div>\n\t\t\t\t\t<\/div>\n\t\t<\/section>\n\t\t\t\t<section class=\"elementor-section elementor-top-section elementor-element elementor-element-170a49a ot-traditional elementor-section-boxed elementor-section-height-default elementor-section-height-default\" data-id=\"170a49a\" data-element_type=\"section\" data-settings=\"{&quot;background_background&quot;:&quot;classic&quot;}\">\n\t\t\t\t\t\t\t<div class=\"elementor-background-overlay\"><\/div>\n\t\t\t\t\t\t\t<div class=\"elementor-container elementor-column-gap-extended\">\n\t\t\t\t\t<div class=\"elementor-column elementor-col-50 elementor-top-column elementor-element elementor-element-43f1d1e ot-column-items-center ot-flex-column-vertical\" data-id=\"43f1d1e\" data-element_type=\"column\">\n\t\t\t<div class=\"elementor-widget-wrap elementor-element-populated\">\n\t\t\t\t\t\t<div class=\"elementor-element elementor-element-d41fd46 elementor-widget elementor-widget-image\" data-id=\"d41fd46\" data-element_type=\"widget\" data-widget_type=\"image.default\">\n\t\t\t\t<div class=\"elementor-widget-container\">\n\t\t\t<style>\/*! elementor - v3.21.0 - 26-05-2024 *\/\n.elementor-widget-image{text-align:center}.elementor-widget-image a{display:inline-block}.elementor-widget-image a img[src$=\".svg\"]{width:48px}.elementor-widget-image img{vertical-align:middle;display:inline-block}<\/style>\t\t\t\t\t\t\t\t\t\t<img fetchpriority=\"high\" decoding=\"async\" width=\"665\" height=\"493\" src=\"https:\/\/toyman.com.tr\/wp-content\/uploads\/2023\/06\/tarihce-1.jpg\" class=\"attachment-full size-full wp-image-6462\" alt=\"\" srcset=\"https:\/\/toyman.com.tr\/wp-content\/uploads\/2023\/06\/tarihce-1.jpg 665w, https:\/\/toyman.com.tr\/wp-content\/uploads\/2023\/06\/tarihce-1-300x222.jpg 300w, https:\/\/toyman.com.tr\/wp-content\/uploads\/2023\/06\/tarihce-1-600x445.jpg 600w\" sizes=\"(max-width: 665px) 100vw, 665px\" \/>\t\t\t\t\t\t\t\t\t\t\t\t\t<\/div>\n\t\t\t\t<\/div>\n\t\t\t\t\t<\/div>\n\t\t<\/div>\n\t\t\t\t<div class=\"elementor-column elementor-col-50 elementor-top-column elementor-element elementor-element-6a613e7 ot-flex-column-vertical\" data-id=\"6a613e7\" data-element_type=\"column\">\n\t\t\t<div class=\"elementor-widget-wrap elementor-element-populated\">\n\t\t\t\t\t\t<div class=\"elementor-element elementor-element-2a85ab8 elementor-widget elementor-widget-iheading\" data-id=\"2a85ab8\" data-element_type=\"widget\" data-widget_type=\"iheading.default\">\n\t\t\t\t<div class=\"elementor-widget-container\">\n\t\t\t\t\t<div class=\"ot-heading\">\r\n\t        \t            <span>\/\/ TOYMAN<\/span>\r\n\t        <h2 class=\"main-heading\">HISTORY<\/h2>\t    <\/div>\r\n\t    \t\t<\/div>\n\t\t\t\t<\/div>\n\t\t\t\t<section class=\"elementor-section elementor-inner-section elementor-element elementor-element-3c9f961 elementor-section-full_width ot-traditional elementor-section-height-default elementor-section-height-default\" data-id=\"3c9f961\" data-element_type=\"section\">\n\t\t\t\t\t\t<div class=\"elementor-container elementor-column-gap-default\">\n\t\t\t\t\t<div class=\"elementor-column elementor-col-100 elementor-inner-column elementor-element elementor-element-75497dc ot-flex-column-vertical\" data-id=\"75497dc\" data-element_type=\"column\">\n\t\t\t<div class=\"elementor-widget-wrap elementor-element-populated\">\n\t\t\t\t\t\t<div class=\"elementor-element elementor-element-5ccb72a elementor-widget elementor-widget-heading\" data-id=\"5ccb72a\" data-element_type=\"widget\" data-widget_type=\"heading.default\">\n\t\t\t\t<div class=\"elementor-widget-container\">\n\t\t\t<h5 class=\"elementor-heading-title elementor-size-default\">Very first manufacturer of spare parts for agricultural sprayers of Turkey<\/h5>\t\t<\/div>\n\t\t\t\t<\/div>\n\t\t\t\t<div class=\"elementor-element elementor-element-d3c7251 elementor-widget elementor-widget-text-editor\" data-id=\"d3c7251\" data-element_type=\"widget\" data-widget_type=\"text-editor.default\">\n\t\t\t\t<div class=\"elementor-widget-container\">\n\t\t\t\t\t\t\t<p><span style=\"font-weight: 400;\">Toyman Plastic, of which foundations were laid under the tradename Co\u015fkun Ticaret in the Kemeralt\u0131 district in \u0130zmir in 1979 by Hasan TOYMAN, is now an industrial business manufacturing spare parts for agricultural sprayers for the national and international markets.<\/span><\/p>\t\t\t\t\t\t<\/div>\n\t\t\t\t<\/div>\n\t\t\t\t<div class=\"elementor-element elementor-element-30f7760 elementor-widget elementor-widget-heading\" data-id=\"30f7760\" data-element_type=\"widget\" data-widget_type=\"heading.default\">\n\t\t\t\t<div class=\"elementor-widget-container\">\n\t\t\t<h5 class=\"elementor-heading-title elementor-size-default\">We started manufacturing with a hand-held pressed plastic machine and two moulds<\/h5>\t\t<\/div>\n\t\t\t\t<\/div>\n\t\t\t\t<div class=\"elementor-element elementor-element-c9a991b elementor-widget elementor-widget-text-editor\" data-id=\"c9a991b\" data-element_type=\"widget\" data-widget_type=\"text-editor.default\">\n\t\t\t\t<div class=\"elementor-widget-container\">\n\t\t\t\t\t\t\t<p><span style=\"font-weight: 400;\">The firm started manufacturing with a mechanical hand-held pressed plastic machine and two moulds. In the 1980s, it grew by increasing its production through the increased mechanisation in the agricultural sector. In 1989, it moved to the Karaba\u011flar district in Izmir which was densely populated by small-scale industrial enterprises. In 1990, it purchased its very first plastic injection machine. And in 1992, it established its own moulding room. In 1998, it maintained its production with its very first PLC-controlled plastic injection machine in the highest quality.<\/span><\/p>\t\t\t\t\t\t<\/div>\n\t\t\t\t<\/div>\n\t\t\t\t<div class=\"elementor-element elementor-element-eb4d4c4 elementor-widget elementor-widget-ibutton\" data-id=\"eb4d4c4\" data-element_type=\"widget\" data-widget_type=\"ibutton.default\">\n\t\t\t\t<div class=\"elementor-widget-container\">\n\t\t\t\t\t<div class=\"ot-button\">\r\n\t\t\t<a href=\"https:\/\/toyman.com.tr\/en\/history\/\" class=\"btn-details\"><i class=\"flaticon-right-arrow-1\"><\/i> For more<\/a>\r\n\t    <\/div>\r\n\t    \t\t<\/div>\n\t\t\t\t<\/div>\n\t\t\t\t\t<\/div>\n\t\t<\/div>\n\t\t\t\t\t<\/div>\n\t\t<\/section>\n\t\t\t\t\t<\/div>\n\t\t<\/div>\n\t\t\t\t\t<\/div>\n\t\t<\/section>\n\t\t\t\t<section class=\"elementor-section elementor-top-section elementor-element elementor-element-1f9d730 ot-traditional elementor-section-boxed elementor-section-height-default elementor-section-height-default\" data-id=\"1f9d730\" data-element_type=\"section\" data-settings=\"{&quot;background_background&quot;:&quot;classic&quot;}\">\n\t\t\t\t\t\t<div class=\"elementor-container elementor-column-gap-default\">\n\t\t\t\t\t<div class=\"elementor-column elementor-col-100 elementor-top-column elementor-element elementor-element-e4365bc ot-flex-column-vertical\" data-id=\"e4365bc\" data-element_type=\"column\">\n\t\t\t<div class=\"elementor-widget-wrap elementor-element-populated\">\n\t\t\t\t\t\t<section class=\"elementor-section elementor-inner-section elementor-element elementor-element-5d24f2d elementor-section-full_width elementor-section-content-middle ot-traditional elementor-section-height-default elementor-section-height-default\" data-id=\"5d24f2d\" data-element_type=\"section\">\n\t\t\t\t\t\t<div class=\"elementor-container elementor-column-gap-extended\">\n\t\t\t\t\t<div class=\"elementor-column elementor-col-50 elementor-inner-column elementor-element elementor-element-5b83572 ot-flex-column-vertical\" data-id=\"5b83572\" data-element_type=\"column\">\n\t\t\t<div class=\"elementor-widget-wrap elementor-element-populated\">\n\t\t\t\t\t\t<div class=\"elementor-element elementor-element-3287393 elementor-widget elementor-widget-iheading\" data-id=\"3287393\" data-element_type=\"widget\" data-widget_type=\"iheading.default\">\n\t\t\t\t<div class=\"elementor-widget-container\">\n\t\t\t\t\t<div class=\"ot-heading\">\r\n\t        \t            <span>\/\/ TOYMAN<\/span>\r\n\t        <h2 class=\"main-heading\">OUR VALUES<\/h2>\t    <\/div>\r\n\t    \t\t<\/div>\n\t\t\t\t<\/div>\n\t\t\t\t<div class=\"elementor-element elementor-element-880c7e9 elementor-widget elementor-widget-text-editor\" data-id=\"880c7e9\" data-element_type=\"widget\" data-widget_type=\"text-editor.default\">\n\t\t\t\t<div class=\"elementor-widget-container\">\n\t\t\t\t\t\t\t<p><span style=\"font-weight: 400;\">Toyman Plastik maintains its leadership position in contemporary agriculture and is a pioneer in the production of high-quality agricultural spraying machine spare parts.<\/span><\/p><p><span style=\"font-weight: 400;\">While acting with our values such as customer focus, quality and continuous development, we aim to reinforce our leadership in the sector by using innovative solutions and technology.<\/span><\/p><p><span style=\"font-weight: 400;\">Customer satisfaction and sustainability are the cornerstones of our business.<\/span><\/p>\t\t\t\t\t\t<\/div>\n\t\t\t\t<\/div>\n\t\t\t\t\t<\/div>\n\t\t<\/div>\n\t\t\t\t<div class=\"elementor-column elementor-col-50 elementor-inner-column elementor-element elementor-element-f3ab4de ot-flex-column-vertical\" data-id=\"f3ab4de\" data-element_type=\"column\">\n\t\t\t<div class=\"elementor-widget-wrap elementor-element-populated\">\n\t\t\t\t\t\t<div class=\"elementor-element elementor-element-db682f8 elementor-widget elementor-widget-image\" data-id=\"db682f8\" data-element_type=\"widget\" data-widget_type=\"image.default\">\n\t\t\t\t<div class=\"elementor-widget-container\">\n\t\t\t\t\t\t\t\t\t\t\t\t\t<img decoding=\"async\" width=\"285\" height=\"285\" src=\"https:\/\/toyman.com.tr\/wp-content\/uploads\/2023\/06\/degerlerimiz-1.jpg\" class=\"attachment-full size-full wp-image-6262\" alt=\"\" srcset=\"https:\/\/toyman.com.tr\/wp-content\/uploads\/2023\/06\/degerlerimiz-1.jpg 285w, https:\/\/toyman.com.tr\/wp-content\/uploads\/2023\/06\/degerlerimiz-1-150x150.jpg 150w, https:\/\/toyman.com.tr\/wp-content\/uploads\/2023\/06\/degerlerimiz-1-100x100.jpg 100w\" sizes=\"(max-width: 285px) 100vw, 285px\" \/>\t\t\t\t\t\t\t\t\t\t\t\t\t<\/div>\n\t\t\t\t<\/div>\n\t\t\t\t\t<\/div>\n\t\t<\/div>\n\t\t\t\t\t<\/div>\n\t\t<\/section>\n\t\t\t\t\t<\/div>\n\t\t<\/div>\n\t\t\t\t\t<\/div>\n\t\t<\/section>\n\t\t\t\t<\/div>\n\t\t","protected":false},"excerpt":{"rendered":"<p>ABOUT US Founded by Hasan TOYMAN in 1979 in Izmir, TOYMAN\u00ae operated as a private family business until 2004 under the name of Co\u015fkun Ticaret ve Plastik. Through its clear &#8211; cut vision, dynamic structure and contemporary perspective, TOYMAN\u00ae has extended its product portfolio and supported its organization with top talent in last couple of [&hellip;]<\/p>\n","protected":false},"author":1,"featured_media":0,"parent":0,"menu_order":0,"comment_status":"closed","ping_status":"closed","template":"","meta":{"_acf_changed":false,"footnotes":""},"class_list":["post-14495","page","type-page","status-publish","hentry"],"acf":[],"_links":{"self":[{"href":"https:\/\/toyman.com.tr\/en\/wp-json\/wp\/v2\/pages\/14495","targetHints":{"allow":["GET"]}}],"collection":[{"href":"https:\/\/toyman.com.tr\/en\/wp-json\/wp\/v2\/pages"}],"about":[{"href":"https:\/\/toyman.com.tr\/en\/wp-json\/wp\/v2\/types\/page"}],"author":[{"embeddable":true,"href":"https:\/\/toyman.com.tr\/en\/wp-json\/wp\/v2\/users\/1"}],"replies":[{"embeddable":true,"href":"https:\/\/toyman.com.tr\/en\/wp-json\/wp\/v2\/comments?post=14495"}],"version-history":[{"count":35,"href":"https:\/\/toyman.com.tr\/en\/wp-json\/wp\/v2\/pages\/14495\/revisions"}],"predecessor-version":[{"id":20007,"href":"https:\/\/toyman.com.tr\/en\/wp-json\/wp\/v2\/pages\/14495\/revisions\/20007"}],"wp:attachment":[{"href":"https:\/\/toyman.com.tr\/en\/wp-json\/wp\/v2\/media?parent=14495"}],"curies":[{"name":"wp","href":"https:\/\/api.w.org\/{rel}","templated":true}]}}