{"id":14496,"date":"2020-01-06T03:56:28","date_gmt":"2020-01-06T03:56:28","guid":{"rendered":"https:\/\/toyman.com.tr\/tarihce\/"},"modified":"2024-03-13T06:09:53","modified_gmt":"2024-03-13T06:09:53","slug":"history","status":"publish","type":"page","link":"https:\/\/toyman.com.tr\/en\/history\/","title":{"rendered":"HISTORY"},"content":{"rendered":"\t\t<div data-elementor-type=\"wp-page\" data-elementor-id=\"14496\" class=\"elementor elementor-14496 elementor-1428\" data-elementor-post-type=\"page\">\n\t\t\t\t\t\t<section class=\"elementor-section elementor-top-section elementor-element elementor-element-8550355 ot-traditional elementor-section-boxed elementor-section-height-default elementor-section-height-default\" data-id=\"8550355\" data-element_type=\"section\">\n\t\t\t\t\t\t<div class=\"elementor-container elementor-column-gap-default\">\n\t\t\t\t\t<div class=\"elementor-column elementor-col-100 elementor-top-column elementor-element elementor-element-cf6a6b2 ot-flex-column-vertical\" data-id=\"cf6a6b2\" data-element_type=\"column\">\n\t\t\t<div class=\"elementor-widget-wrap elementor-element-populated\">\n\t\t\t\t\t\t<div class=\"elementor-element elementor-element-18e9868 elementor-widget elementor-widget-iheading\" data-id=\"18e9868\" data-element_type=\"widget\" data-widget_type=\"iheading.default\">\n\t\t\t\t<div class=\"elementor-widget-container\">\n\t\t\t\t\t<div class=\"ot-heading\">\r\n\t        \t            <span>\/\/ TOYMAN<\/span>\r\n\t        <h2 class=\"main-heading\">OUR HISTORY<\/h2>\t    <\/div>\r\n\t    \t\t<\/div>\n\t\t\t\t<\/div>\n\t\t\t\t<div class=\"elementor-element elementor-element-09309d8 elementor-widget elementor-widget-heading\" data-id=\"09309d8\" data-element_type=\"widget\" data-widget_type=\"heading.default\">\n\t\t\t\t<div class=\"elementor-widget-container\">\n\t\t\t<style>\/*! elementor - v3.21.0 - 26-05-2024 *\/\n.elementor-heading-title{padding:0;margin:0;line-height:1}.elementor-widget-heading .elementor-heading-title[class*=elementor-size-]>a{color:inherit;font-size:inherit;line-height:inherit}.elementor-widget-heading .elementor-heading-title.elementor-size-small{font-size:15px}.elementor-widget-heading .elementor-heading-title.elementor-size-medium{font-size:19px}.elementor-widget-heading .elementor-heading-title.elementor-size-large{font-size:29px}.elementor-widget-heading .elementor-heading-title.elementor-size-xl{font-size:39px}.elementor-widget-heading .elementor-heading-title.elementor-size-xxl{font-size:59px}<\/style><h5 class=\"elementor-heading-title elementor-size-default\">Very first manufacturer of spare parts for agricultural sprayers of Turkey\n<\/h5>\t\t<\/div>\n\t\t\t\t<\/div>\n\t\t\t\t<div class=\"elementor-element elementor-element-4b266e3 elementor-widget elementor-widget-text-editor\" data-id=\"4b266e3\" data-element_type=\"widget\" data-widget_type=\"text-editor.default\">\n\t\t\t\t<div class=\"elementor-widget-container\">\n\t\t\t<style>\/*! elementor - v3.21.0 - 26-05-2024 *\/\n.elementor-widget-text-editor.elementor-drop-cap-view-stacked .elementor-drop-cap{background-color:#69727d;color:#fff}.elementor-widget-text-editor.elementor-drop-cap-view-framed .elementor-drop-cap{color:#69727d;border:3px solid;background-color:transparent}.elementor-widget-text-editor:not(.elementor-drop-cap-view-default) .elementor-drop-cap{margin-top:8px}.elementor-widget-text-editor:not(.elementor-drop-cap-view-default) .elementor-drop-cap-letter{width:1em;height:1em}.elementor-widget-text-editor .elementor-drop-cap{float:left;text-align:center;line-height:1;font-size:50px}.elementor-widget-text-editor .elementor-drop-cap-letter{display:inline-block}<\/style>\t\t\t\t<p><span style=\"font-weight: 400;\">Toyman Plastic, of which foundations were laid under the tradename Co\u015fkun Ticaret in the Kemeralt\u0131 district in \u0130zmir in 1979 by Hasan TOYMAN, is now an industrial business manufacturing spare parts for agricultural sprayers for the national and international markets.<\/span><\/p>\t\t\t\t\t\t<\/div>\n\t\t\t\t<\/div>\n\t\t\t\t<div class=\"elementor-element elementor-element-11f936f elementor-widget elementor-widget-heading\" data-id=\"11f936f\" data-element_type=\"widget\" data-widget_type=\"heading.default\">\n\t\t\t\t<div class=\"elementor-widget-container\">\n\t\t\t<h5 class=\"elementor-heading-title elementor-size-default\">We started manufacturing with a hand-held pressed plastic machine and two moulds<\/h5>\t\t<\/div>\n\t\t\t\t<\/div>\n\t\t\t\t<div class=\"elementor-element elementor-element-c5a7ff5 elementor-widget elementor-widget-text-editor\" data-id=\"c5a7ff5\" data-element_type=\"widget\" data-widget_type=\"text-editor.default\">\n\t\t\t\t<div class=\"elementor-widget-container\">\n\t\t\t\t\t\t\t<p><span style=\"font-weight: 400;\">The firm started manufacturing with a mechanical hand-held pressed plastic machine and two moulds. In the 1980s, it grew by increasing its production through the increased mechanisation in the agricultural sector. In 1989, it moved to the Karaba\u011flar district in Izmir which was densely populated by small-scale industrial enterprises. In 1990, it purchased its very first plastic injection machine. And in 1992, it established its own moulding room. In 1998, it maintained its production with its very first PLC-controlled plastic injection machine in the highest quality.\u00a0<\/span><\/p><p><span style=\"font-weight: 400;\">The firm included the very first CNC vertical machining centre into its organisation in 2004. In 2004, it was incorporated as a company with the participation of the second generation G\u00fcven TOYMAN and now maintains its operations under the tradename Toyman Plastik Sanayi Ticaret Limited Sirketi. In the same year, distribution agreements were signed with COMET agricultural sprayers of Italy, which is one of the world\u2019s giants in the agricultural sprayers industry, and with LECHLER agricultural spraying nozzles of Germany, thus becoming a company providing agricultural sprayer manufacturers with complete solutions. In 2006, it executed an agreement for the sales in Turkey of the transmissions of agricultural sprayers of the COMER INDUSTRIES Group of Italy operating in gear boxes and mechatronics, which is a worldwide company.<\/span><\/p>\t\t\t\t\t\t<\/div>\n\t\t\t\t<\/div>\n\t\t\t\t<div class=\"elementor-element elementor-element-bc7685f elementor-widget elementor-widget-heading\" data-id=\"bc7685f\" data-element_type=\"widget\" data-widget_type=\"heading.default\">\n\t\t\t\t<div class=\"elementor-widget-container\">\n\t\t\t<h5 class=\"elementor-heading-title elementor-size-default\">45 Years of Experience in Plastic Industry\n<\/h5>\t\t<\/div>\n\t\t\t\t<\/div>\n\t\t\t\t<div class=\"elementor-element elementor-element-c523471 elementor-widget elementor-widget-text-editor\" data-id=\"c523471\" data-element_type=\"widget\" data-widget_type=\"text-editor.default\">\n\t\t\t\t<div class=\"elementor-widget-container\">\n\t\t\t\t\t\t\t<p><span style=\"font-weight: 400;\">Toyman Plastik is manufacturing products in \u0130TOB Industrial Zone since 2011,Toyman is producing products with new technology machines and skilled labor in 13,600 m\u00b2 area. Toyman Plastic has now been a thoroughly integrated industrial business through its development in 45 years. Unlike a great many businesses manufacturing with the injection system, it manufactured its mould in its own organisation. It has approximately a thousand moulds for the time being. It has added machining to its plastic manufacturing experiences of 45 years. It carries out production with a team of 85 employees in total in 2024. Women\u2019s employment is supported by providing 44 female employees with employment at the assembling line.<\/span><\/p>\t\t\t\t\t\t<\/div>\n\t\t\t\t<\/div>\n\t\t\t\t<div class=\"elementor-element elementor-element-6d94a3d elementor-widget elementor-widget-heading\" data-id=\"6d94a3d\" data-element_type=\"widget\" data-widget_type=\"heading.default\">\n\t\t\t\t<div class=\"elementor-widget-container\">\n\t\t\t<h5 class=\"elementor-heading-title elementor-size-default\">Fast manufacturing, quality production\n<\/h5>\t\t<\/div>\n\t\t\t\t<\/div>\n\t\t\t\t<div class=\"elementor-element elementor-element-5ae9063 elementor-widget elementor-widget-text-editor\" data-id=\"5ae9063\" data-element_type=\"widget\" data-widget_type=\"text-editor.default\">\n\t\t\t\t<div class=\"elementor-widget-container\">\n\t\t\t\t\t\t\t<p><span style=\"font-weight: 400;\">Toyman Plastic adds new ones to its machine park from day to day and is capable of carrying out fast manufacturing and quality production through sophisticated engineering plastics which it supplies from worldwide suppliers. It satisfies all the spare parts requirements of the manufacturers of agricultural sprayers with its range of approximately 5000 products. Our goal is to create a strong world brand Toyman Plastic, exporting our goods more than 50 countries in the world. Now, its basic goal is to create a strong world brand by combining its experience with the developing technology, considering both economic and social importance of agricuture in the world. Toyman Plastic keeps promoting the TOYMAN and TOYEX brands to the world by participating in the plastic and agriculture specialised fairs at home and abroad.<\/span><\/p>\t\t\t\t\t\t<\/div>\n\t\t\t\t<\/div>\n\t\t\t\t<div class=\"elementor-element elementor-element-f10d7fd elementor-widget elementor-widget-heading\" data-id=\"f10d7fd\" data-element_type=\"widget\" data-widget_type=\"heading.default\">\n\t\t\t\t<div class=\"elementor-widget-container\">\n\t\t\t<h5 class=\"elementor-heading-title elementor-size-default\">Our goal is to create a strong world brand<\/h5>\t\t<\/div>\n\t\t\t\t<\/div>\n\t\t\t\t<div class=\"elementor-element elementor-element-33f6186 elementor-widget elementor-widget-text-editor\" data-id=\"33f6186\" data-element_type=\"widget\" data-widget_type=\"text-editor.default\">\n\t\t\t\t<div class=\"elementor-widget-container\">\n\t\t\t\t\t\t\t<p><span style=\"font-weight: 400;\">Toyman Plastic, exporting their goods more than 50 countries in the world Now, its basic goal is to create a strong world brand by combining its experience with the developing technology, considering both economic and social importance of agriculture in the world. Toyman Plastic keeps promoting the TOYMAN and TOYEX brands to the world by participating in the plastic and agriculture specialised fairs at home and abroad.<\/span><\/p>\t\t\t\t\t\t<\/div>\n\t\t\t\t<\/div>\n\t\t\t\t\t<\/div>\n\t\t<\/div>\n\t\t\t\t\t<\/div>\n\t\t<\/section>\n\t\t\t\t<\/div>\n\t\t","protected":false},"excerpt":{"rendered":"<p>\/\/ TOYMAN OUR HISTORY Very first manufacturer of spare parts for agricultural sprayers of Turkey Toyman Plastic, of which foundations were laid under the tradename Co\u015fkun Ticaret in the Kemeralt\u0131 district in \u0130zmir in 1979 by Hasan TOYMAN, is now an industrial business manufacturing spare parts for agricultural sprayers for the national and international markets. [&hellip;]<\/p>\n","protected":false},"author":1,"featured_media":0,"parent":0,"menu_order":0,"comment_status":"closed","ping_status":"closed","template":"","meta":{"_acf_changed":false,"footnotes":""},"class_list":["post-14496","page","type-page","status-publish","hentry"],"acf":[],"_links":{"self":[{"href":"https:\/\/toyman.com.tr\/en\/wp-json\/wp\/v2\/pages\/14496","targetHints":{"allow":["GET"]}}],"collection":[{"href":"https:\/\/toyman.com.tr\/en\/wp-json\/wp\/v2\/pages"}],"about":[{"href":"https:\/\/toyman.com.tr\/en\/wp-json\/wp\/v2\/types\/page"}],"author":[{"embeddable":true,"href":"https:\/\/toyman.com.tr\/en\/wp-json\/wp\/v2\/users\/1"}],"replies":[{"embeddable":true,"href":"https:\/\/toyman.com.tr\/en\/wp-json\/wp\/v2\/comments?post=14496"}],"version-history":[{"count":4,"href":"https:\/\/toyman.com.tr\/en\/wp-json\/wp\/v2\/pages\/14496\/revisions"}],"predecessor-version":[{"id":15289,"href":"https:\/\/toyman.com.tr\/en\/wp-json\/wp\/v2\/pages\/14496\/revisions\/15289"}],"wp:attachment":[{"href":"https:\/\/toyman.com.tr\/en\/wp-json\/wp\/v2\/media?parent=14496"}],"curies":[{"name":"wp","href":"https:\/\/api.w.org\/{rel}","templated":true}]}}