{"id":14568,"date":"2024-01-04T14:01:19","date_gmt":"2024-01-04T14:01:19","guid":{"rendered":"https:\/\/toyman.com.tr\/urun\/kelepceli-meme\/"},"modified":"2024-04-16T09:02:16","modified_gmt":"2024-04-16T09:02:16","slug":"split-eyelet-nozzle-hollow-cone","status":"publish","type":"product","link":"https:\/\/toyman.com.tr\/en\/products\/split-eyelet-nozzle-hollow-cone\/","title":{"rendered":"SPLIT EYELET NOZZLE &#8211; HOLLOW CONE"},"content":{"rendered":"<table width=\"317\">\n<tbody>\n<tr>\n<td colspan=\"2\" width=\"128\"><\/td>\n<td width=\"189\">CODE<\/td>\n<\/tr>\n<tr>\n<td colspan=\"2\" width=\"128\">\u00d8 1,0<\/td>\n<td><strong>07002700A<\/strong><\/td>\n<\/tr>\n<tr>\n<td colspan=\"2\" width=\"128\">\u00d8 1,2<\/td>\n<td><strong>07002700B<\/strong><\/td>\n<\/tr>\n<tr>\n<td colspan=\"2\" width=\"128\">\u00d8 1,5<\/td>\n<td><strong>07002700C<\/strong><\/td>\n<\/tr>\n<tr>\n<td colspan=\"2\" width=\"128\"><\/td>\n<td><\/td>\n<\/tr>\n<\/tbody>\n<\/table>\n","protected":false},"excerpt":{"rendered":"<p>CODE \u00d8 1,0 07002700A \u00d8 1,2 07002700B \u00d8 1,5 07002700C<\/p>\n","protected":false},"featured_media":13577,"comment_status":"open","ping_status":"closed","template":"","meta":{"_acf_changed":false},"product_cat":[102],"product_tag":[],"class_list":{"0":"post-14568","1":"product","2":"type-product","3":"status-publish","4":"has-post-thumbnail","6":"product_cat-nozzles-and-accessories","8":"first","9":"instock","10":"shipping-taxable","11":"product-type-simple"},"acf":[],"_links":{"self":[{"href":"https:\/\/toyman.com.tr\/en\/wp-json\/wp\/v2\/product\/14568","targetHints":{"allow":["GET"]}}],"collection":[{"href":"https:\/\/toyman.com.tr\/en\/wp-json\/wp\/v2\/product"}],"about":[{"href":"https:\/\/toyman.com.tr\/en\/wp-json\/wp\/v2\/types\/product"}],"replies":[{"embeddable":true,"href":"https:\/\/toyman.com.tr\/en\/wp-json\/wp\/v2\/comments?post=14568"}],"version-history":[{"count":1,"href":"https:\/\/toyman.com.tr\/en\/wp-json\/wp\/v2\/product\/14568\/revisions"}],"predecessor-version":[{"id":16192,"href":"https:\/\/toyman.com.tr\/en\/wp-json\/wp\/v2\/product\/14568\/revisions\/16192"}],"wp:featuredmedia":[{"embeddable":true,"href":"https:\/\/toyman.com.tr\/en\/wp-json\/wp\/v2\/media\/13577"}],"wp:attachment":[{"href":"https:\/\/toyman.com.tr\/en\/wp-json\/wp\/v2\/media?parent=14568"}],"wp:term":[{"taxonomy":"product_cat","embeddable":true,"href":"https:\/\/toyman.com.tr\/en\/wp-json\/wp\/v2\/product_cat?post=14568"},{"taxonomy":"product_tag","embeddable":true,"href":"https:\/\/toyman.com.tr\/en\/wp-json\/wp\/v2\/product_tag?post=14568"}],"curies":[{"name":"wp","href":"https:\/\/api.w.org\/{rel}","templated":true}]}}