{"id":14573,"date":"2024-01-04T13:54:45","date_gmt":"2024-01-04T13:54:45","guid":{"rendered":"https:\/\/toyman.com.tr\/urun\/konik-puskurtucu-uc\/"},"modified":"2024-04-16T08:55:02","modified_gmt":"2024-04-16T08:55:02","slug":"cone-type-nozzle-tip","status":"publish","type":"product","link":"https:\/\/toyman.com.tr\/en\/products\/cone-type-nozzle-tip\/","title":{"rendered":"CONE TYPE NOZZLE TIP"},"content":{"rendered":"<table width=\"317\">\n<tbody>\n<tr>\n<td colspan=\"2\" width=\"128\"><\/td>\n<td width=\"189\">CODE<\/td>\n<\/tr>\n<tr>\n<td colspan=\"2\" width=\"128\">\u00d8 1,0<\/td>\n<td><strong>07010010<\/strong><\/td>\n<\/tr>\n<tr>\n<td colspan=\"2\" width=\"128\">\u00d8 1,2<\/td>\n<td><strong>07010012<\/strong><\/td>\n<\/tr>\n<tr>\n<td colspan=\"2\" width=\"128\">\u00d8 1,5<\/td>\n<td><strong>07010015<\/strong><\/td>\n<\/tr>\n<tr>\n<td colspan=\"2\" width=\"128\">\u00d8 1,8<\/td>\n<td><strong>07010018<\/strong><\/td>\n<\/tr>\n<\/tbody>\n<\/table>\n","protected":false},"excerpt":{"rendered":"<p>CODE \u00d8 1,0 07010010 \u00d8 1,2 07010012 \u00d8 1,5 07010015 \u00d8 1,8 07010018<\/p>\n","protected":false},"featured_media":13567,"comment_status":"open","ping_status":"closed","template":"","meta":{"_acf_changed":false},"product_cat":[102],"product_tag":[],"class_list":{"0":"post-14573","1":"product","2":"type-product","3":"status-publish","4":"has-post-thumbnail","6":"product_cat-nozzles-and-accessories","8":"first","9":"instock","10":"shipping-taxable","11":"product-type-simple"},"acf":[],"_links":{"self":[{"href":"https:\/\/toyman.com.tr\/en\/wp-json\/wp\/v2\/product\/14573","targetHints":{"allow":["GET"]}}],"collection":[{"href":"https:\/\/toyman.com.tr\/en\/wp-json\/wp\/v2\/product"}],"about":[{"href":"https:\/\/toyman.com.tr\/en\/wp-json\/wp\/v2\/types\/product"}],"replies":[{"embeddable":true,"href":"https:\/\/toyman.com.tr\/en\/wp-json\/wp\/v2\/comments?post=14573"}],"version-history":[{"count":1,"href":"https:\/\/toyman.com.tr\/en\/wp-json\/wp\/v2\/product\/14573\/revisions"}],"predecessor-version":[{"id":16185,"href":"https:\/\/toyman.com.tr\/en\/wp-json\/wp\/v2\/product\/14573\/revisions\/16185"}],"wp:featuredmedia":[{"embeddable":true,"href":"https:\/\/toyman.com.tr\/en\/wp-json\/wp\/v2\/media\/13567"}],"wp:attachment":[{"href":"https:\/\/toyman.com.tr\/en\/wp-json\/wp\/v2\/media?parent=14573"}],"wp:term":[{"taxonomy":"product_cat","embeddable":true,"href":"https:\/\/toyman.com.tr\/en\/wp-json\/wp\/v2\/product_cat?post=14573"},{"taxonomy":"product_tag","embeddable":true,"href":"https:\/\/toyman.com.tr\/en\/wp-json\/wp\/v2\/product_tag?post=14573"}],"curies":[{"name":"wp","href":"https:\/\/api.w.org\/{rel}","templated":true}]}}