{"id":14584,"date":"2024-01-03T07:43:20","date_gmt":"2024-01-03T07:43:20","guid":{"rendered":"https:\/\/toyman.com.tr\/urun\/multi-cap-2-meme-uc-somunu\/"},"modified":"2024-07-08T14:03:03","modified_gmt":"2024-07-08T14:03:03","slug":"multi-cap-2-nozzle-cap","status":"publish","type":"product","link":"https:\/\/toyman.com.tr\/en\/products\/multi-cap-2-nozzle-cap\/","title":{"rendered":"MULTI-CAP 2 NOZZLE CAP"},"content":{"rendered":"<table style=\"max-width:1200px !important;\">\n<tbody>\n<tr>\n<td width=\"130\">CODE<\/td>\n<td width=\"250\">Kit With Gasket (EPDM)<\/td>\n<td width=\"25\">Color<\/td>\n<td width=\"350\">For Use With Nozzle (For Reference Only)<\/td>\n<\/tr>\n<tr>\n<td width=\"130\"><strong>07040004K<\/strong><\/td>\n<td width=\"166\"><strong>07040004KE<\/strong><\/td>\n<td width=\"170\">K\u0131rm\u0131z\u0131<\/td>\n<td rowspan=\"5\" width=\"254\"><strong>Lechler\u00ae\u00a0<\/strong>\u00a0\u00a0\u00a0 LU \/\u00a0 Serie 652 \/ Serie ID<br \/>\n<strong>TeeJet\u00ae<\/strong>\u00a0\u00a0\u00a0\u00a0\u00a0\u00a0 Flat fan tips \/ Std.-0067 -08 \/ XR -01 -06 \/ DG -015 -05 \/ AI<br \/>\n<strong>Albuz\u00ae<\/strong>\u00a0 \u00a0 \u00a0 API \/ ADI \/ AXI \/ APE-EXA \/ AVI \/ APM-EXA<br \/>\n<strong>Lurmark\u00ae<\/strong>\u00a0 Flat fan tips &#8211; Air Mix<br \/>\n<strong>ASJ\u00ae<\/strong>\u00a0 \u00a0AFC \/ BX \/ CFA \/ CFA-U \/ CFA-T \/ ATC \/ EF \/ FF \/ SF \/ LD \/ LDC \/ PSP \/ SFA \/ TFA \/ TFLD \/ TFS \/ WR \/ WRC \/ AOC \/ ATP<\/td>\n<\/tr>\n<tr>\n<td width=\"130\"><strong>07040004S<\/strong><\/td>\n<td width=\"166\"><strong>07040004SE<\/strong><\/td>\n<td width=\"170\">Sar\u0131<\/td>\n<\/tr>\n<tr>\n<td width=\"130\"><strong>07040004M<\/strong><\/td>\n<td width=\"166\"><strong>07040004ME<\/strong><\/td>\n<td width=\"170\">Mavi<\/td>\n<\/tr>\n<tr>\n<td width=\"130\"><strong>07040004Y<\/strong><\/td>\n<td width=\"166\"><strong>07040004YE<\/strong><\/td>\n<td width=\"170\">Ye\u015fil<\/td>\n<\/tr>\n<tr>\n<td width=\"130\"><strong>07040004B<\/strong><\/td>\n<td width=\"166\"><strong>07040004BE<\/strong><\/td>\n<td width=\"170\">Kahverengi<\/td>\n<\/tr>\n<\/tbody>\n<\/table>\n","protected":false},"excerpt":{"rendered":"<p>Other colors upon request<\/p>\n","protected":false},"featured_media":13523,"comment_status":"open","ping_status":"closed","template":"","meta":{"_acf_changed":false},"product_cat":[102],"product_tag":[],"class_list":{"0":"post-14584","1":"product","2":"type-product","3":"status-publish","4":"has-post-thumbnail","6":"product_cat-nozzles-and-accessories","8":"first","9":"instock","10":"shipping-taxable","11":"product-type-simple"},"acf":[],"_links":{"self":[{"href":"https:\/\/toyman.com.tr\/en\/wp-json\/wp\/v2\/product\/14584","targetHints":{"allow":["GET"]}}],"collection":[{"href":"https:\/\/toyman.com.tr\/en\/wp-json\/wp\/v2\/product"}],"about":[{"href":"https:\/\/toyman.com.tr\/en\/wp-json\/wp\/v2\/types\/product"}],"replies":[{"embeddable":true,"href":"https:\/\/toyman.com.tr\/en\/wp-json\/wp\/v2\/comments?post=14584"}],"version-history":[{"count":1,"href":"https:\/\/toyman.com.tr\/en\/wp-json\/wp\/v2\/product\/14584\/revisions"}],"predecessor-version":[{"id":16174,"href":"https:\/\/toyman.com.tr\/en\/wp-json\/wp\/v2\/product\/14584\/revisions\/16174"}],"wp:featuredmedia":[{"embeddable":true,"href":"https:\/\/toyman.com.tr\/en\/wp-json\/wp\/v2\/media\/13523"}],"wp:attachment":[{"href":"https:\/\/toyman.com.tr\/en\/wp-json\/wp\/v2\/media?parent=14584"}],"wp:term":[{"taxonomy":"product_cat","embeddable":true,"href":"https:\/\/toyman.com.tr\/en\/wp-json\/wp\/v2\/product_cat?post=14584"},{"taxonomy":"product_tag","embeddable":true,"href":"https:\/\/toyman.com.tr\/en\/wp-json\/wp\/v2\/product_tag?post=14584"}],"curies":[{"name":"wp","href":"https:\/\/api.w.org\/{rel}","templated":true}]}}