{"id":14585,"date":"2024-01-03T07:32:32","date_gmt":"2024-01-03T07:32:32","guid":{"rendered":"https:\/\/toyman.com.tr\/urun\/multi-cap-meme-uc-somunu\/"},"modified":"2024-04-16T08:29:00","modified_gmt":"2024-04-16T08:29:00","slug":"multi-cap-nozzle-cap","status":"publish","type":"product","link":"https:\/\/toyman.com.tr\/en\/products\/multi-cap-nozzle-cap\/","title":{"rendered":"MULTI-CAP NOZZLE CAP"},"content":{"rendered":"<table width=\"976\">\n<tbody>\n<tr>\n<td width=\"130\">CODE<\/td>\n<td width=\"130\">Kit With Gasket (EPDM)<\/td>\n<td width=\"25\">Color<\/td>\n<td width=\"250\">For Use With Nozzle<\/td>\n<td width=\"84\">\u00d88mm<\/td>\n<td width=\"84\">\u00d810mm<\/td>\n<td width=\"84\">Hollow<\/td>\n<td width=\"84\">Flood Nozzles<\/td>\n<\/tr>\n<tr>\n<td width=\"130\"><strong>07040003K<\/strong><\/td>\n<td width=\"166\"><strong>07040003KE<\/strong><\/td>\n<td width=\"170\">K\u0131rm\u0131z\u0131<\/td>\n<td rowspan=\"5\" width=\"254\"><strong>Lechler<sup>\u00ae <\/sup>&#8211; Geoline<sup>\u00ae\u00a0 <\/sup>&#8211; Arag<sup>\u00ae <\/sup>Albuz<sup>\u00ae\u00a0 <\/sup>&#8211; TeeJet<sup>\u00ae<br \/>\n<\/sup>John Deere<sup>\u00ae <\/sup>Lurmark<sup>\u00ae <\/sup>&#8211; Tecnoma<sup>\u00ae <\/sup>CHD Eefting<sup>\u00ae\u00a0 <\/sup>&#8211; Rau<sup>\u00ae <\/sup>Douven<sup>\u00ae <\/sup>&#8211; Jacoby<sup>\u00ae <\/sup>Inuma<sup>\u00ae <\/sup>&#8211; Dammann<sup>\u00ae<br \/>\n<\/sup>Hypro<sup>\u00ae <\/sup>&#8211; Dubex<sup>\u00ae <\/sup>&#8211; Vicon<sup>\u00ae<\/sup><\/strong><\/td>\n<td rowspan=\"5\" width=\"64\">IDK, IDKN, IDKT, IDKS, AD, LU, ST,<br \/>\nES, OC, ADI, API, APS, ADX<\/td>\n<td rowspan=\"5\" width=\"64\">ID, IDN, IS, DF, FL<\/td>\n<td rowspan=\"5\" width=\"64\">TR, ITR<br \/>\nTK FloodJet TXA ConeJet FL FullJet<br \/>\nTG Fullcone<\/td>\n<td rowspan=\"5\" width=\"64\">FT<br \/>\nAI TeeJet TKFloodjet VS Floodjet<\/td>\n<\/tr>\n<tr>\n<td width=\"130\"><strong>07040003S<\/strong><\/td>\n<td width=\"166\"><strong>07040003SE<\/strong><\/td>\n<td width=\"25\">Sar\u0131<\/td>\n<\/tr>\n<tr>\n<td width=\"130\"><strong>07040003M<\/strong><\/td>\n<td width=\"166\"><strong>07040003ME<\/strong><\/td>\n<td width=\"170\">Mavi<\/td>\n<\/tr>\n<tr>\n<td width=\"130\"><strong>07040003Y<\/strong><\/td>\n<td width=\"166\"><strong>07040003YE<\/strong><\/td>\n<td width=\"170\">Ye\u015fil<\/td>\n<\/tr>\n<tr>\n<td width=\"130\"><strong>07040003B<\/strong><\/td>\n<td width=\"166\"><strong>07040003BE<\/strong><\/td>\n<td width=\"170\">Kahverengi<\/td>\n<\/tr>\n<\/tbody>\n<\/table>\n","protected":false},"excerpt":{"rendered":"<p>Other colors upon request<\/p>\n","protected":false},"featured_media":13521,"comment_status":"open","ping_status":"closed","template":"","meta":{"_acf_changed":false},"product_cat":[102],"product_tag":[],"class_list":{"0":"post-14585","1":"product","2":"type-product","3":"status-publish","4":"has-post-thumbnail","6":"product_cat-nozzles-and-accessories","8":"first","9":"instock","10":"shipping-taxable","11":"product-type-simple"},"acf":[],"_links":{"self":[{"href":"https:\/\/toyman.com.tr\/en\/wp-json\/wp\/v2\/product\/14585","targetHints":{"allow":["GET"]}}],"collection":[{"href":"https:\/\/toyman.com.tr\/en\/wp-json\/wp\/v2\/product"}],"about":[{"href":"https:\/\/toyman.com.tr\/en\/wp-json\/wp\/v2\/types\/product"}],"replies":[{"embeddable":true,"href":"https:\/\/toyman.com.tr\/en\/wp-json\/wp\/v2\/comments?post=14585"}],"version-history":[{"count":1,"href":"https:\/\/toyman.com.tr\/en\/wp-json\/wp\/v2\/product\/14585\/revisions"}],"predecessor-version":[{"id":16173,"href":"https:\/\/toyman.com.tr\/en\/wp-json\/wp\/v2\/product\/14585\/revisions\/16173"}],"wp:featuredmedia":[{"embeddable":true,"href":"https:\/\/toyman.com.tr\/en\/wp-json\/wp\/v2\/media\/13521"}],"wp:attachment":[{"href":"https:\/\/toyman.com.tr\/en\/wp-json\/wp\/v2\/media?parent=14585"}],"wp:term":[{"taxonomy":"product_cat","embeddable":true,"href":"https:\/\/toyman.com.tr\/en\/wp-json\/wp\/v2\/product_cat?post=14585"},{"taxonomy":"product_tag","embeddable":true,"href":"https:\/\/toyman.com.tr\/en\/wp-json\/wp\/v2\/product_tag?post=14585"}],"curies":[{"name":"wp","href":"https:\/\/api.w.org\/{rel}","templated":true}]}}