{"id":14653,"date":"2023-12-25T11:11:17","date_gmt":"2023-12-25T11:11:17","guid":{"rendered":"https:\/\/toyman.com.tr\/urun\/comet-regulator-orion-3\/"},"modified":"2025-11-04T12:24:04","modified_gmt":"2025-11-04T12:24:04","slug":"comet-pressure-control-units-orion-3","status":"publish","type":"product","link":"https:\/\/toyman.com.tr\/en\/products\/comet-pressure-control-units-orion-3\/","title":{"rendered":"COMET ARGO"},"content":{"rendered":"<p><strong><span style=\"color: #000000;\">Comet <\/span>Pressure Control Units <span style=\"color: #000000;\">T\u00fcrkiye Distrib\u00fct\u00f6r<\/span><\/strong><\/p>\n<table width=\"691\">\n<tbody>\n<tr>\n<td width=\"130\">Control Units<\/td>\n<td width=\"350\">Pumps<\/td>\n<td width=\"130\">Delivery lt.\/min<\/td>\n<td width=\"130\">Pressure Bar<\/td>\n<td width=\"130\">Valve<\/td>\n<td width=\"130\">Weight Kg.<\/td>\n<\/tr>\n<tr>\n<td><strong>ARGO<\/strong><\/td>\n<td><strong>APS<\/strong> 51 &#8211; 61<br \/>\n<strong>YB<\/strong> 150<br \/>\n<strong>APS<\/strong> 71 &#8211; 96 &#8211; 101 &#8211; 121 &#8211; 145 &#8211; 141 &#8211; 166<br \/>\n<strong>IDS<\/strong> 960 &#8211; 1000 &#8211; 1300 &#8211; 1400 &#8211; 1201 &#8211; 1401 &#8211; 1501 &#8211; 1701 &#8211; 2001<\/td>\n<td>180<\/td>\n<td>50<\/td>\n<td>2<\/td>\n<td>2,9<\/td>\n<\/tr>\n<\/tbody>\n<\/table>\n","protected":false},"excerpt":{"rendered":"<p>\u2022 High pressure control assembly 50 bar<br \/>\n\u2022 For pump pressure regulation and liquid distribution control<br \/>\n\u2022 One total and partial shut off lever (2 outlets)<br \/>\n\u2022 Constant pressure regulation valve<br \/>\n\u2022 Body of brass + nickel plated aluminium<\/p>\n","protected":false},"featured_media":24492,"comment_status":"open","ping_status":"closed","template":"","meta":{"_acf_changed":false},"product_cat":[103],"product_tag":[],"class_list":{"0":"post-14653","1":"product","2":"type-product","3":"status-publish","4":"has-post-thumbnail","6":"product_cat-comet-pumps-comet-control-units-comer-gearboxes","8":"first","9":"instock","10":"shipping-taxable","11":"product-type-simple"},"acf":[],"_links":{"self":[{"href":"https:\/\/toyman.com.tr\/en\/wp-json\/wp\/v2\/product\/14653","targetHints":{"allow":["GET"]}}],"collection":[{"href":"https:\/\/toyman.com.tr\/en\/wp-json\/wp\/v2\/product"}],"about":[{"href":"https:\/\/toyman.com.tr\/en\/wp-json\/wp\/v2\/types\/product"}],"replies":[{"embeddable":true,"href":"https:\/\/toyman.com.tr\/en\/wp-json\/wp\/v2\/comments?post=14653"}],"version-history":[{"count":4,"href":"https:\/\/toyman.com.tr\/en\/wp-json\/wp\/v2\/product\/14653\/revisions"}],"predecessor-version":[{"id":24516,"href":"https:\/\/toyman.com.tr\/en\/wp-json\/wp\/v2\/product\/14653\/revisions\/24516"}],"wp:featuredmedia":[{"embeddable":true,"href":"https:\/\/toyman.com.tr\/en\/wp-json\/wp\/v2\/media\/24492"}],"wp:attachment":[{"href":"https:\/\/toyman.com.tr\/en\/wp-json\/wp\/v2\/media?parent=14653"}],"wp:term":[{"taxonomy":"product_cat","embeddable":true,"href":"https:\/\/toyman.com.tr\/en\/wp-json\/wp\/v2\/product_cat?post=14653"},{"taxonomy":"product_tag","embeddable":true,"href":"https:\/\/toyman.com.tr\/en\/wp-json\/wp\/v2\/product_tag?post=14653"}],"curies":[{"name":"wp","href":"https:\/\/api.w.org\/{rel}","templated":true}]}}