{"id":14655,"date":"2023-12-25T11:08:33","date_gmt":"2023-12-25T11:08:33","guid":{"rendered":"https:\/\/toyman.com.tr\/urun\/comet-regulator-hpr-2\/"},"modified":"2025-01-17T08:54:44","modified_gmt":"2025-01-17T08:54:44","slug":"comet-hpr-2","status":"publish","type":"product","link":"https:\/\/toyman.com.tr\/en\/products\/comet-hpr-2\/","title":{"rendered":"COMET HPR-2"},"content":{"rendered":"<p><span style=\"color: #000000;\"><strong>Comet Pompa T\u00fcrkiye Distrib\u00fct\u00f6r\u00fc<\/strong><\/span><\/p>\n<table width=\"691\">\n<tbody>\n<tr>\n<td width=\"130\">Control Units<\/td>\n<td width=\"150\">Pumps<\/td>\n<td width=\"130\">Delivery lt.\/min<\/td>\n<td width=\"130\">Pressure Bar<\/td>\n<td width=\"130\">Valve<\/td>\n<td width=\"130\">Weight Kg.<\/td>\n<\/tr>\n<tr>\n<td><strong>HPR-2<\/strong><\/td>\n<td>APS 61-71-96 \/ APS 101-121<br \/>\nIDS 960<\/td>\n<td>150<\/td>\n<td>50<\/td>\n<td>3<\/td>\n<td>2,6<\/td>\n<\/tr>\n<\/tbody>\n<\/table>\n","protected":false},"excerpt":{"rendered":"<p>\u2022 High pressure control assembly 50 bar<br \/>\n\u2022 For pump pressure regulation and liquid distribution control<br \/>\n\u2022 General shut off lever<br \/>\n\u2022 Constant pressure regulation valve<br \/>\n\u2022 Body of anti-corrosion anodized aluminium<br \/>\n\u2022 3 outlets<\/p>\n","protected":false},"featured_media":13367,"comment_status":"open","ping_status":"closed","template":"","meta":{"_acf_changed":false},"product_cat":[103],"product_tag":[],"class_list":{"0":"post-14655","1":"product","2":"type-product","3":"status-publish","4":"has-post-thumbnail","6":"product_cat-comet-pumps-comet-control-units-comer-gearboxes","8":"first","9":"instock","10":"shipping-taxable","11":"product-type-simple"},"acf":[],"_links":{"self":[{"href":"https:\/\/toyman.com.tr\/en\/wp-json\/wp\/v2\/product\/14655","targetHints":{"allow":["GET"]}}],"collection":[{"href":"https:\/\/toyman.com.tr\/en\/wp-json\/wp\/v2\/product"}],"about":[{"href":"https:\/\/toyman.com.tr\/en\/wp-json\/wp\/v2\/types\/product"}],"replies":[{"embeddable":true,"href":"https:\/\/toyman.com.tr\/en\/wp-json\/wp\/v2\/comments?post=14655"}],"version-history":[{"count":2,"href":"https:\/\/toyman.com.tr\/en\/wp-json\/wp\/v2\/product\/14655\/revisions"}],"predecessor-version":[{"id":20088,"href":"https:\/\/toyman.com.tr\/en\/wp-json\/wp\/v2\/product\/14655\/revisions\/20088"}],"wp:featuredmedia":[{"embeddable":true,"href":"https:\/\/toyman.com.tr\/en\/wp-json\/wp\/v2\/media\/13367"}],"wp:attachment":[{"href":"https:\/\/toyman.com.tr\/en\/wp-json\/wp\/v2\/media?parent=14655"}],"wp:term":[{"taxonomy":"product_cat","embeddable":true,"href":"https:\/\/toyman.com.tr\/en\/wp-json\/wp\/v2\/product_cat?post=14655"},{"taxonomy":"product_tag","embeddable":true,"href":"https:\/\/toyman.com.tr\/en\/wp-json\/wp\/v2\/product_tag?post=14655"}],"curies":[{"name":"wp","href":"https:\/\/api.w.org\/{rel}","templated":true}]}}