{"id":14656,"date":"2023-12-25T11:04:04","date_gmt":"2023-12-25T11:04:04","guid":{"rendered":"https:\/\/toyman.com.tr\/urun\/comet-regulator-polaris\/"},"modified":"2024-07-08T13:48:04","modified_gmt":"2024-07-08T13:48:04","slug":"comet-polaris","status":"publish","type":"product","link":"https:\/\/toyman.com.tr\/en\/products\/comet-polaris\/","title":{"rendered":"COMET POLARIS"},"content":{"rendered":"<p><strong><span style=\"color: #000000;\">Comet <\/span>Pressure Control Units <span style=\"color: #000000;\">T\u00fcrkiye Distrib\u00fct\u00f6r<\/span><\/strong><\/p>\n<table width=\"691\">\n<tbody>\n<tr>\n<td width=\"130\">Control Units<\/td>\n<td width=\"150\">Pumps<\/td>\n<td width=\"130\">Delivery lt.\/min<\/td>\n<td width=\"130\">Pressure Bar<\/td>\n<td width=\"130\">Valve<\/td>\n<td width=\"130\">Weight Kg.<\/td>\n<\/tr>\n<tr>\n<td><strong>POLARIS<\/strong><\/td>\n<td>APS 31-41-51<\/td>\n<td>100<\/td>\n<td>40<\/td>\n<td>3<\/td>\n<td>1,2<\/td>\n<\/tr>\n<\/tbody>\n<\/table>\n","protected":false},"excerpt":{"rendered":"<p>\u2022 High pressure control assembly 40 bar<br \/>\n\u2022 For pump pressure regulation and liquid distribution control<br \/>\n\u2022 Constructed in corrosion resistant plastic material<br \/>\n\u2022 Shut off pressure lever<br \/>\n\u2022 Constant pressure regulation valve<br \/>\n\u2022 3 outlets<\/p>\n","protected":false},"featured_media":13365,"comment_status":"open","ping_status":"closed","template":"","meta":{"_acf_changed":false},"product_cat":[103],"product_tag":[],"class_list":{"0":"post-14656","1":"product","2":"type-product","3":"status-publish","4":"has-post-thumbnail","6":"product_cat-comet-pumps-comet-control-units-comer-gearboxes","8":"first","9":"instock","10":"shipping-taxable","11":"product-type-simple"},"acf":[],"_links":{"self":[{"href":"https:\/\/toyman.com.tr\/en\/wp-json\/wp\/v2\/product\/14656","targetHints":{"allow":["GET"]}}],"collection":[{"href":"https:\/\/toyman.com.tr\/en\/wp-json\/wp\/v2\/product"}],"about":[{"href":"https:\/\/toyman.com.tr\/en\/wp-json\/wp\/v2\/types\/product"}],"replies":[{"embeddable":true,"href":"https:\/\/toyman.com.tr\/en\/wp-json\/wp\/v2\/comments?post=14656"}],"version-history":[{"count":1,"href":"https:\/\/toyman.com.tr\/en\/wp-json\/wp\/v2\/product\/14656\/revisions"}],"predecessor-version":[{"id":19598,"href":"https:\/\/toyman.com.tr\/en\/wp-json\/wp\/v2\/product\/14656\/revisions\/19598"}],"wp:featuredmedia":[{"embeddable":true,"href":"https:\/\/toyman.com.tr\/en\/wp-json\/wp\/v2\/media\/13365"}],"wp:attachment":[{"href":"https:\/\/toyman.com.tr\/en\/wp-json\/wp\/v2\/media?parent=14656"}],"wp:term":[{"taxonomy":"product_cat","embeddable":true,"href":"https:\/\/toyman.com.tr\/en\/wp-json\/wp\/v2\/product_cat?post=14656"},{"taxonomy":"product_tag","embeddable":true,"href":"https:\/\/toyman.com.tr\/en\/wp-json\/wp\/v2\/product_tag?post=14656"}],"curies":[{"name":"wp","href":"https:\/\/api.w.org\/{rel}","templated":true}]}}