{"id":15010,"date":"2023-09-14T10:50:05","date_gmt":"2023-09-14T10:50:05","guid":{"rendered":"https:\/\/toyman.com.tr\/urun\/anafor-kesici-g-1%c2%bd-o-32-dirsekli-kucuk-sapkali\/"},"modified":"2025-10-21T13:37:03","modified_gmt":"2025-10-21T13:37:03","slug":"anafor-kesici-g-1%c2%bd-o-32-dirsekli-kucuk-sapkali","status":"publish","type":"product","link":"https:\/\/toyman.com.tr\/en\/products\/anafor-kesici-g-1%c2%bd-o-32-dirsekli-kucuk-sapkali\/","title":{"rendered":"ANAFOR KES\u0130C\u0130 <br>(G 1\u00bd&#8221; &#8211; \u00d8 32 Dirsekli &#8211; K\u00fc\u00e7\u00fck \u015eapkal\u0131)"},"content":{"rendered":"","protected":false},"excerpt":{"rendered":"","protected":false},"featured_media":12225,"comment_status":"open","ping_status":"closed","template":"","meta":{"_acf_changed":false},"product_cat":[207,110],"product_tag":[],"class_list":{"0":"post-15010","1":"product","2":"type-product","3":"status-publish","4":"has-post-thumbnail","6":"product_cat-fittings-en","7":"product_cat-fittings","9":"first","10":"instock","11":"shipping-taxable","12":"product-type-simple"},"acf":[],"_links":{"self":[{"href":"https:\/\/toyman.com.tr\/en\/wp-json\/wp\/v2\/product\/15010","targetHints":{"allow":["GET"]}}],"collection":[{"href":"https:\/\/toyman.com.tr\/en\/wp-json\/wp\/v2\/product"}],"about":[{"href":"https:\/\/toyman.com.tr\/en\/wp-json\/wp\/v2\/types\/product"}],"replies":[{"embeddable":true,"href":"https:\/\/toyman.com.tr\/en\/wp-json\/wp\/v2\/comments?post=15010"}],"version-history":[{"count":1,"href":"https:\/\/toyman.com.tr\/en\/wp-json\/wp\/v2\/product\/15010\/revisions"}],"predecessor-version":[{"id":23317,"href":"https:\/\/toyman.com.tr\/en\/wp-json\/wp\/v2\/product\/15010\/revisions\/23317"}],"wp:featuredmedia":[{"embeddable":true,"href":"https:\/\/toyman.com.tr\/en\/wp-json\/wp\/v2\/media\/12225"}],"wp:attachment":[{"href":"https:\/\/toyman.com.tr\/en\/wp-json\/wp\/v2\/media?parent=15010"}],"wp:term":[{"taxonomy":"product_cat","embeddable":true,"href":"https:\/\/toyman.com.tr\/en\/wp-json\/wp\/v2\/product_cat?post=15010"},{"taxonomy":"product_tag","embeddable":true,"href":"https:\/\/toyman.com.tr\/en\/wp-json\/wp\/v2\/product_tag?post=15010"}],"curies":[{"name":"wp","href":"https:\/\/api.w.org\/{rel}","templated":true}]}}