{"id":15028,"date":"2023-09-14T08:25:23","date_gmt":"2023-09-14T08:25:23","guid":{"rendered":"https:\/\/toyman.com.tr\/urun\/depo-bosaltma-sistemi-uzun-pasolu-g-1%c2%bc\/"},"modified":"2025-10-21T13:37:14","modified_gmt":"2025-10-21T13:37:14","slug":"depo-bosaltma-sistemi-uzun-pasolu-g-1%c2%bc","status":"publish","type":"product","link":"https:\/\/toyman.com.tr\/en\/products\/depo-bosaltma-sistemi-uzun-pasolu-g-1%c2%bc\/","title":{"rendered":"DEPO BO\u015eALTMA S\u0130STEM\u0130 <br>(Uzun Pasolu &#8211; G 1\u00bc&#8221;)"},"content":{"rendered":"","protected":false},"excerpt":{"rendered":"","protected":false},"featured_media":12153,"comment_status":"open","ping_status":"closed","template":"","meta":{"_acf_changed":false},"product_cat":[207,110],"product_tag":[],"class_list":{"0":"post-15028","1":"product","2":"type-product","3":"status-publish","4":"has-post-thumbnail","6":"product_cat-fittings-en","7":"product_cat-fittings","9":"first","10":"instock","11":"shipping-taxable","12":"product-type-simple"},"acf":[],"_links":{"self":[{"href":"https:\/\/toyman.com.tr\/en\/wp-json\/wp\/v2\/product\/15028","targetHints":{"allow":["GET"]}}],"collection":[{"href":"https:\/\/toyman.com.tr\/en\/wp-json\/wp\/v2\/product"}],"about":[{"href":"https:\/\/toyman.com.tr\/en\/wp-json\/wp\/v2\/types\/product"}],"replies":[{"embeddable":true,"href":"https:\/\/toyman.com.tr\/en\/wp-json\/wp\/v2\/comments?post=15028"}],"version-history":[{"count":1,"href":"https:\/\/toyman.com.tr\/en\/wp-json\/wp\/v2\/product\/15028\/revisions"}],"predecessor-version":[{"id":23353,"href":"https:\/\/toyman.com.tr\/en\/wp-json\/wp\/v2\/product\/15028\/revisions\/23353"}],"wp:featuredmedia":[{"embeddable":true,"href":"https:\/\/toyman.com.tr\/en\/wp-json\/wp\/v2\/media\/12153"}],"wp:attachment":[{"href":"https:\/\/toyman.com.tr\/en\/wp-json\/wp\/v2\/media?parent=15028"}],"wp:term":[{"taxonomy":"product_cat","embeddable":true,"href":"https:\/\/toyman.com.tr\/en\/wp-json\/wp\/v2\/product_cat?post=15028"},{"taxonomy":"product_tag","embeddable":true,"href":"https:\/\/toyman.com.tr\/en\/wp-json\/wp\/v2\/product_tag?post=15028"}],"curies":[{"name":"wp","href":"https:\/\/api.w.org\/{rel}","templated":true}]}}