{"id":15029,"date":"2023-09-14T08:24:24","date_gmt":"2023-09-14T08:24:24","guid":{"rendered":"https:\/\/toyman.com.tr\/urun\/depo-bosaltma-sistemi-g-1%c2%bc\/"},"modified":"2025-10-21T13:37:15","modified_gmt":"2025-10-21T13:37:15","slug":"depo-bosaltma-sistemi-g-1%c2%bc","status":"publish","type":"product","link":"https:\/\/toyman.com.tr\/en\/products\/depo-bosaltma-sistemi-g-1%c2%bc\/","title":{"rendered":"DEPO BO\u015eALTMA S\u0130STEM\u0130 (G 1\u00bc&#8221;)"},"content":{"rendered":"","protected":false},"excerpt":{"rendered":"","protected":false},"featured_media":12149,"comment_status":"open","ping_status":"closed","template":"","meta":{"_acf_changed":false},"product_cat":[207,110],"product_tag":[],"class_list":{"0":"post-15029","1":"product","2":"type-product","3":"status-publish","4":"has-post-thumbnail","6":"product_cat-fittings-en","7":"product_cat-fittings","9":"first","10":"instock","11":"shipping-taxable","12":"product-type-simple"},"acf":[],"_links":{"self":[{"href":"https:\/\/toyman.com.tr\/en\/wp-json\/wp\/v2\/product\/15029","targetHints":{"allow":["GET"]}}],"collection":[{"href":"https:\/\/toyman.com.tr\/en\/wp-json\/wp\/v2\/product"}],"about":[{"href":"https:\/\/toyman.com.tr\/en\/wp-json\/wp\/v2\/types\/product"}],"replies":[{"embeddable":true,"href":"https:\/\/toyman.com.tr\/en\/wp-json\/wp\/v2\/comments?post=15029"}],"version-history":[{"count":1,"href":"https:\/\/toyman.com.tr\/en\/wp-json\/wp\/v2\/product\/15029\/revisions"}],"predecessor-version":[{"id":23355,"href":"https:\/\/toyman.com.tr\/en\/wp-json\/wp\/v2\/product\/15029\/revisions\/23355"}],"wp:featuredmedia":[{"embeddable":true,"href":"https:\/\/toyman.com.tr\/en\/wp-json\/wp\/v2\/media\/12149"}],"wp:attachment":[{"href":"https:\/\/toyman.com.tr\/en\/wp-json\/wp\/v2\/media?parent=15029"}],"wp:term":[{"taxonomy":"product_cat","embeddable":true,"href":"https:\/\/toyman.com.tr\/en\/wp-json\/wp\/v2\/product_cat?post=15029"},{"taxonomy":"product_tag","embeddable":true,"href":"https:\/\/toyman.com.tr\/en\/wp-json\/wp\/v2\/product_tag?post=15029"}],"curies":[{"name":"wp","href":"https:\/\/api.w.org\/{rel}","templated":true}]}}