{"id":15064,"date":"2023-09-13T07:25:48","date_gmt":"2023-09-13T07:25:48","guid":{"rendered":"https:\/\/toyman.com.tr\/urun\/d-d-dusurucu-nipel-g-1%c2%bdd-g-1%c2%bcd\/"},"modified":"2025-10-21T13:37:34","modified_gmt":"2025-10-21T13:37:34","slug":"d-d-dusurucu-nipel-g-1%c2%bdd-g-1%c2%bcd","status":"publish","type":"product","link":"https:\/\/toyman.com.tr\/en\/products\/d-d-dusurucu-nipel-g-1%c2%bdd-g-1%c2%bcd\/","title":{"rendered":"D\/D D\u00dc\u015e\u00dcR\u00dcC\u00dc N\u0130PEL<br> (G 1\u00bd&#8221;D &#8211; G 1\u00bc&#8221;D)"},"content":{"rendered":"","protected":false},"excerpt":{"rendered":"","protected":false},"featured_media":11967,"comment_status":"open","ping_status":"closed","template":"","meta":{"_acf_changed":false},"product_cat":[207,110],"product_tag":[],"class_list":{"0":"post-15064","1":"product","2":"type-product","3":"status-publish","4":"has-post-thumbnail","6":"product_cat-fittings-en","7":"product_cat-fittings","9":"first","10":"instock","11":"shipping-taxable","12":"product-type-simple"},"acf":[],"_links":{"self":[{"href":"https:\/\/toyman.com.tr\/en\/wp-json\/wp\/v2\/product\/15064","targetHints":{"allow":["GET"]}}],"collection":[{"href":"https:\/\/toyman.com.tr\/en\/wp-json\/wp\/v2\/product"}],"about":[{"href":"https:\/\/toyman.com.tr\/en\/wp-json\/wp\/v2\/types\/product"}],"replies":[{"embeddable":true,"href":"https:\/\/toyman.com.tr\/en\/wp-json\/wp\/v2\/comments?post=15064"}],"version-history":[{"count":1,"href":"https:\/\/toyman.com.tr\/en\/wp-json\/wp\/v2\/product\/15064\/revisions"}],"predecessor-version":[{"id":23425,"href":"https:\/\/toyman.com.tr\/en\/wp-json\/wp\/v2\/product\/15064\/revisions\/23425"}],"wp:featuredmedia":[{"embeddable":true,"href":"https:\/\/toyman.com.tr\/en\/wp-json\/wp\/v2\/media\/11967"}],"wp:attachment":[{"href":"https:\/\/toyman.com.tr\/en\/wp-json\/wp\/v2\/media?parent=15064"}],"wp:term":[{"taxonomy":"product_cat","embeddable":true,"href":"https:\/\/toyman.com.tr\/en\/wp-json\/wp\/v2\/product_cat?post=15064"},{"taxonomy":"product_tag","embeddable":true,"href":"https:\/\/toyman.com.tr\/en\/wp-json\/wp\/v2\/product_tag?post=15064"}],"curies":[{"name":"wp","href":"https:\/\/api.w.org\/{rel}","templated":true}]}}