{"id":15067,"date":"2023-09-13T07:16:46","date_gmt":"2023-09-13T07:16:46","guid":{"rendered":"https:\/\/toyman.com.tr\/urun\/e-e-dusurucu-nipel-g-2e-g-1%c2%bee-2\/"},"modified":"2025-10-21T13:37:36","modified_gmt":"2025-10-21T13:37:36","slug":"e-e-dusurucu-nipel-g-2e-g-1%c2%bee-2","status":"publish","type":"product","link":"https:\/\/toyman.com.tr\/en\/products\/e-e-dusurucu-nipel-g-2e-g-1%c2%bee-2\/","title":{"rendered":"E\/D D\u00dc\u015e\u00dcR\u00dcC\u00dc N\u0130PEL <br>(G 1\u00bc&#8221;E &#8211; G 1&#8243;D)"},"content":{"rendered":"","protected":false},"excerpt":{"rendered":"","protected":false},"featured_media":11953,"comment_status":"open","ping_status":"closed","template":"","meta":{"_acf_changed":false},"product_cat":[207,110],"product_tag":[],"class_list":{"0":"post-15067","1":"product","2":"type-product","3":"status-publish","4":"has-post-thumbnail","6":"product_cat-fittings-en","7":"product_cat-fittings","9":"first","10":"instock","11":"shipping-taxable","12":"product-type-simple"},"acf":[],"_links":{"self":[{"href":"https:\/\/toyman.com.tr\/en\/wp-json\/wp\/v2\/product\/15067","targetHints":{"allow":["GET"]}}],"collection":[{"href":"https:\/\/toyman.com.tr\/en\/wp-json\/wp\/v2\/product"}],"about":[{"href":"https:\/\/toyman.com.tr\/en\/wp-json\/wp\/v2\/types\/product"}],"replies":[{"embeddable":true,"href":"https:\/\/toyman.com.tr\/en\/wp-json\/wp\/v2\/comments?post=15067"}],"version-history":[{"count":1,"href":"https:\/\/toyman.com.tr\/en\/wp-json\/wp\/v2\/product\/15067\/revisions"}],"predecessor-version":[{"id":23431,"href":"https:\/\/toyman.com.tr\/en\/wp-json\/wp\/v2\/product\/15067\/revisions\/23431"}],"wp:featuredmedia":[{"embeddable":true,"href":"https:\/\/toyman.com.tr\/en\/wp-json\/wp\/v2\/media\/11953"}],"wp:attachment":[{"href":"https:\/\/toyman.com.tr\/en\/wp-json\/wp\/v2\/media?parent=15067"}],"wp:term":[{"taxonomy":"product_cat","embeddable":true,"href":"https:\/\/toyman.com.tr\/en\/wp-json\/wp\/v2\/product_cat?post=15067"},{"taxonomy":"product_tag","embeddable":true,"href":"https:\/\/toyman.com.tr\/en\/wp-json\/wp\/v2\/product_tag?post=15067"}],"curies":[{"name":"wp","href":"https:\/\/api.w.org\/{rel}","templated":true}]}}