{"id":15072,"date":"2023-09-12T14:33:53","date_gmt":"2023-09-12T14:33:53","guid":{"rendered":"https:\/\/toyman.com.tr\/urun\/e-e-dusurucu-nipel-g-1e-g-%c2%bee-2\/"},"modified":"2025-10-21T13:37:40","modified_gmt":"2025-10-21T13:37:40","slug":"e-e-dusurucu-nipel-g-1e-g-%c2%bee-2","status":"publish","type":"product","link":"https:\/\/toyman.com.tr\/en\/products\/e-e-dusurucu-nipel-g-1e-g-%c2%bee-2\/","title":{"rendered":"E\/E D\u00dc\u015e\u00dcR\u00dcC\u00dc N\u0130PEL <br>(G 1&#8243;E &#8211; G \u00be&#8221;E)"},"content":{"rendered":"","protected":false},"excerpt":{"rendered":"","protected":false},"featured_media":11933,"comment_status":"open","ping_status":"closed","template":"","meta":{"_acf_changed":false},"product_cat":[207,110],"product_tag":[],"class_list":{"0":"post-15072","1":"product","2":"type-product","3":"status-publish","4":"has-post-thumbnail","6":"product_cat-fittings-en","7":"product_cat-fittings","9":"first","10":"instock","11":"shipping-taxable","12":"product-type-simple"},"acf":[],"_links":{"self":[{"href":"https:\/\/toyman.com.tr\/en\/wp-json\/wp\/v2\/product\/15072","targetHints":{"allow":["GET"]}}],"collection":[{"href":"https:\/\/toyman.com.tr\/en\/wp-json\/wp\/v2\/product"}],"about":[{"href":"https:\/\/toyman.com.tr\/en\/wp-json\/wp\/v2\/types\/product"}],"replies":[{"embeddable":true,"href":"https:\/\/toyman.com.tr\/en\/wp-json\/wp\/v2\/comments?post=15072"}],"version-history":[{"count":1,"href":"https:\/\/toyman.com.tr\/en\/wp-json\/wp\/v2\/product\/15072\/revisions"}],"predecessor-version":[{"id":23441,"href":"https:\/\/toyman.com.tr\/en\/wp-json\/wp\/v2\/product\/15072\/revisions\/23441"}],"wp:featuredmedia":[{"embeddable":true,"href":"https:\/\/toyman.com.tr\/en\/wp-json\/wp\/v2\/media\/11933"}],"wp:attachment":[{"href":"https:\/\/toyman.com.tr\/en\/wp-json\/wp\/v2\/media?parent=15072"}],"wp:term":[{"taxonomy":"product_cat","embeddable":true,"href":"https:\/\/toyman.com.tr\/en\/wp-json\/wp\/v2\/product_cat?post=15072"},{"taxonomy":"product_tag","embeddable":true,"href":"https:\/\/toyman.com.tr\/en\/wp-json\/wp\/v2\/product_tag?post=15072"}],"curies":[{"name":"wp","href":"https:\/\/api.w.org\/{rel}","templated":true}]}}