{"id":15074,"date":"2023-09-12T14:25:24","date_gmt":"2023-09-12T14:25:24","guid":{"rendered":"https:\/\/toyman.com.tr\/urun\/e-e-dusurucu-nipel-g-%c2%bee-g-%c2%bde\/"},"modified":"2025-10-21T13:37:42","modified_gmt":"2025-10-21T13:37:42","slug":"e-e-dusurucu-nipel-g-%c2%bee-g-%c2%bde","status":"publish","type":"product","link":"https:\/\/toyman.com.tr\/en\/products\/e-e-dusurucu-nipel-g-%c2%bee-g-%c2%bde\/","title":{"rendered":"E\/E D\u00dc\u015e\u00dcR\u00dcC\u00dc N\u0130PEL <br>(G \u00be&#8221;E &#8211; G \u00bd&#8221;E)"},"content":{"rendered":"","protected":false},"excerpt":{"rendered":"","protected":false},"featured_media":11923,"comment_status":"open","ping_status":"closed","template":"","meta":{"_acf_changed":false},"product_cat":[207,110],"product_tag":[],"class_list":{"0":"post-15074","1":"product","2":"type-product","3":"status-publish","4":"has-post-thumbnail","6":"product_cat-fittings-en","7":"product_cat-fittings","9":"first","10":"instock","11":"shipping-taxable","12":"product-type-simple"},"acf":[],"_links":{"self":[{"href":"https:\/\/toyman.com.tr\/en\/wp-json\/wp\/v2\/product\/15074","targetHints":{"allow":["GET"]}}],"collection":[{"href":"https:\/\/toyman.com.tr\/en\/wp-json\/wp\/v2\/product"}],"about":[{"href":"https:\/\/toyman.com.tr\/en\/wp-json\/wp\/v2\/types\/product"}],"replies":[{"embeddable":true,"href":"https:\/\/toyman.com.tr\/en\/wp-json\/wp\/v2\/comments?post=15074"}],"version-history":[{"count":1,"href":"https:\/\/toyman.com.tr\/en\/wp-json\/wp\/v2\/product\/15074\/revisions"}],"predecessor-version":[{"id":23445,"href":"https:\/\/toyman.com.tr\/en\/wp-json\/wp\/v2\/product\/15074\/revisions\/23445"}],"wp:featuredmedia":[{"embeddable":true,"href":"https:\/\/toyman.com.tr\/en\/wp-json\/wp\/v2\/media\/11923"}],"wp:attachment":[{"href":"https:\/\/toyman.com.tr\/en\/wp-json\/wp\/v2\/media?parent=15074"}],"wp:term":[{"taxonomy":"product_cat","embeddable":true,"href":"https:\/\/toyman.com.tr\/en\/wp-json\/wp\/v2\/product_cat?post=15074"},{"taxonomy":"product_tag","embeddable":true,"href":"https:\/\/toyman.com.tr\/en\/wp-json\/wp\/v2\/product_tag?post=15074"}],"curies":[{"name":"wp","href":"https:\/\/api.w.org\/{rel}","templated":true}]}}