{"id":15100,"date":"2023-09-12T12:19:14","date_gmt":"2023-09-12T12:19:14","guid":{"rendered":"https:\/\/toyman.com.tr\/urun\/oringli-rekor-o-30\/"},"modified":"2025-10-21T13:37:59","modified_gmt":"2025-10-21T13:37:59","slug":"oringli-rekor-o-30","status":"publish","type":"product","link":"https:\/\/toyman.com.tr\/en\/products\/oringli-rekor-o-30\/","title":{"rendered":"OR\u0130NGL\u0130 REKOR <br>(\u00d8 30)"},"content":{"rendered":"","protected":false},"excerpt":{"rendered":"","protected":false},"featured_media":11815,"comment_status":"open","ping_status":"closed","template":"","meta":{"_acf_changed":false},"product_cat":[207,110],"product_tag":[],"class_list":{"0":"post-15100","1":"product","2":"type-product","3":"status-publish","4":"has-post-thumbnail","6":"product_cat-fittings-en","7":"product_cat-fittings","9":"first","10":"instock","11":"shipping-taxable","12":"product-type-simple"},"acf":[],"_links":{"self":[{"href":"https:\/\/toyman.com.tr\/en\/wp-json\/wp\/v2\/product\/15100","targetHints":{"allow":["GET"]}}],"collection":[{"href":"https:\/\/toyman.com.tr\/en\/wp-json\/wp\/v2\/product"}],"about":[{"href":"https:\/\/toyman.com.tr\/en\/wp-json\/wp\/v2\/types\/product"}],"replies":[{"embeddable":true,"href":"https:\/\/toyman.com.tr\/en\/wp-json\/wp\/v2\/comments?post=15100"}],"version-history":[{"count":1,"href":"https:\/\/toyman.com.tr\/en\/wp-json\/wp\/v2\/product\/15100\/revisions"}],"predecessor-version":[{"id":23497,"href":"https:\/\/toyman.com.tr\/en\/wp-json\/wp\/v2\/product\/15100\/revisions\/23497"}],"wp:featuredmedia":[{"embeddable":true,"href":"https:\/\/toyman.com.tr\/en\/wp-json\/wp\/v2\/media\/11815"}],"wp:attachment":[{"href":"https:\/\/toyman.com.tr\/en\/wp-json\/wp\/v2\/media?parent=15100"}],"wp:term":[{"taxonomy":"product_cat","embeddable":true,"href":"https:\/\/toyman.com.tr\/en\/wp-json\/wp\/v2\/product_cat?post=15100"},{"taxonomy":"product_tag","embeddable":true,"href":"https:\/\/toyman.com.tr\/en\/wp-json\/wp\/v2\/product_tag?post=15100"}],"curies":[{"name":"wp","href":"https:\/\/api.w.org\/{rel}","templated":true}]}}