{"id":15108,"date":"2023-09-12T12:03:05","date_gmt":"2023-09-12T12:03:05","guid":{"rendered":"https:\/\/toyman.com.tr\/urun\/icten-pasolu-dirsek-g-1%c2%bc\/"},"modified":"2025-10-21T13:38:04","modified_gmt":"2025-10-21T13:38:04","slug":"icten-pasolu-dirsek-g-1%c2%bc","status":"publish","type":"product","link":"https:\/\/toyman.com.tr\/en\/products\/icten-pasolu-dirsek-g-1%c2%bc\/","title":{"rendered":"\u0130\u00c7TEN PASOLU D\u0130RSEK <br>(G 1\u00bc&#8221;)"},"content":{"rendered":"","protected":false},"excerpt":{"rendered":"","protected":false},"featured_media":11783,"comment_status":"open","ping_status":"closed","template":"","meta":{"_acf_changed":false},"product_cat":[207,110],"product_tag":[],"class_list":{"0":"post-15108","1":"product","2":"type-product","3":"status-publish","4":"has-post-thumbnail","6":"product_cat-fittings-en","7":"product_cat-fittings","9":"first","10":"instock","11":"shipping-taxable","12":"product-type-simple"},"acf":[],"_links":{"self":[{"href":"https:\/\/toyman.com.tr\/en\/wp-json\/wp\/v2\/product\/15108","targetHints":{"allow":["GET"]}}],"collection":[{"href":"https:\/\/toyman.com.tr\/en\/wp-json\/wp\/v2\/product"}],"about":[{"href":"https:\/\/toyman.com.tr\/en\/wp-json\/wp\/v2\/types\/product"}],"replies":[{"embeddable":true,"href":"https:\/\/toyman.com.tr\/en\/wp-json\/wp\/v2\/comments?post=15108"}],"version-history":[{"count":1,"href":"https:\/\/toyman.com.tr\/en\/wp-json\/wp\/v2\/product\/15108\/revisions"}],"predecessor-version":[{"id":23513,"href":"https:\/\/toyman.com.tr\/en\/wp-json\/wp\/v2\/product\/15108\/revisions\/23513"}],"wp:featuredmedia":[{"embeddable":true,"href":"https:\/\/toyman.com.tr\/en\/wp-json\/wp\/v2\/media\/11783"}],"wp:attachment":[{"href":"https:\/\/toyman.com.tr\/en\/wp-json\/wp\/v2\/media?parent=15108"}],"wp:term":[{"taxonomy":"product_cat","embeddable":true,"href":"https:\/\/toyman.com.tr\/en\/wp-json\/wp\/v2\/product_cat?post=15108"},{"taxonomy":"product_tag","embeddable":true,"href":"https:\/\/toyman.com.tr\/en\/wp-json\/wp\/v2\/product_tag?post=15108"}],"curies":[{"name":"wp","href":"https:\/\/api.w.org\/{rel}","templated":true}]}}