{"id":15115,"date":"2023-09-12T11:24:07","date_gmt":"2023-09-12T11:24:07","guid":{"rendered":"https:\/\/toyman.com.tr\/urun\/pasolu-dirsek-gosterge-dirsegi-g-%c2%be-o-26\/"},"modified":"2025-10-21T13:38:08","modified_gmt":"2025-10-21T13:38:08","slug":"pasolu-dirsek-gosterge-dirsegi-g-%c2%be-o-26","status":"publish","type":"product","link":"https:\/\/toyman.com.tr\/en\/products\/pasolu-dirsek-gosterge-dirsegi-g-%c2%be-o-26\/","title":{"rendered":"PASOLU D\u0130RSEK <br>(G\u00d6STERGE D\u0130RSE\u011e\u0130) <br>(G \u00be&#8221; &#8211; \u00d8 26)"},"content":{"rendered":"","protected":false},"excerpt":{"rendered":"","protected":false},"featured_media":11755,"comment_status":"open","ping_status":"closed","template":"","meta":{"_acf_changed":false},"product_cat":[207,110],"product_tag":[],"class_list":{"0":"post-15115","1":"product","2":"type-product","3":"status-publish","4":"has-post-thumbnail","6":"product_cat-fittings-en","7":"product_cat-fittings","9":"first","10":"instock","11":"shipping-taxable","12":"product-type-simple"},"acf":[],"_links":{"self":[{"href":"https:\/\/toyman.com.tr\/en\/wp-json\/wp\/v2\/product\/15115","targetHints":{"allow":["GET"]}}],"collection":[{"href":"https:\/\/toyman.com.tr\/en\/wp-json\/wp\/v2\/product"}],"about":[{"href":"https:\/\/toyman.com.tr\/en\/wp-json\/wp\/v2\/types\/product"}],"replies":[{"embeddable":true,"href":"https:\/\/toyman.com.tr\/en\/wp-json\/wp\/v2\/comments?post=15115"}],"version-history":[{"count":1,"href":"https:\/\/toyman.com.tr\/en\/wp-json\/wp\/v2\/product\/15115\/revisions"}],"predecessor-version":[{"id":23527,"href":"https:\/\/toyman.com.tr\/en\/wp-json\/wp\/v2\/product\/15115\/revisions\/23527"}],"wp:featuredmedia":[{"embeddable":true,"href":"https:\/\/toyman.com.tr\/en\/wp-json\/wp\/v2\/media\/11755"}],"wp:attachment":[{"href":"https:\/\/toyman.com.tr\/en\/wp-json\/wp\/v2\/media?parent=15115"}],"wp:term":[{"taxonomy":"product_cat","embeddable":true,"href":"https:\/\/toyman.com.tr\/en\/wp-json\/wp\/v2\/product_cat?post=15115"},{"taxonomy":"product_tag","embeddable":true,"href":"https:\/\/toyman.com.tr\/en\/wp-json\/wp\/v2\/product_tag?post=15115"}],"curies":[{"name":"wp","href":"https:\/\/api.w.org\/{rel}","templated":true}]}}