{"id":15230,"date":"2023-08-08T12:39:48","date_gmt":"2023-08-08T12:39:48","guid":{"rendered":"https:\/\/toyman.com.tr\/urun\/400-lt-menteseli-kapak\/"},"modified":"2024-03-26T13:39:12","modified_gmt":"2024-03-26T13:39:12","slug":"hinged-tank-lid-with-lock-2","status":"publish","type":"product","link":"https:\/\/toyman.com.tr\/en\/products\/hinged-tank-lid-with-lock-2\/","title":{"rendered":"HINGED TANK <br>LID WITH LOCK"},"content":{"rendered":"<table dir=\"ltr\" border=\"1\" cellspacing=\"0\" cellpadding=\"0\">\n<colgroup>\n<col width=\"100\" \/>\n<col width=\"265\" \/>\n<col width=\"46\" \/>\n<col width=\"100\" \/>\n<col width=\"100\" \/>\n<col width=\"100\" \/><\/colgroup>\n<tbody>\n<tr>\n<td><\/td>\n<td><\/td>\n<td><\/td>\n<td data-sheets-value=\"{&quot;1&quot;:2,&quot;2&quot;:&quot;K\u0131rm\u0131z\u0131&quot;}\">Red<\/td>\n<td data-sheets-value=\"{&quot;1&quot;:2,&quot;2&quot;:&quot;Sar\u0131&quot;}\">Yellow<\/td>\n<td data-sheets-value=\"{&quot;1&quot;:2,&quot;2&quot;:&quot;Mavi&quot;}\">Blue<\/td>\n<\/tr>\n<tr>\n<td><img decoding=\"async\" class=\"alignnone wp-image-6843\" src=\"https:\/\/toyman.com.tr\/wp-content\/uploads\/2023\/08\/05001000.jpg\" alt=\"\" width=\"185\" height=\"139\" \/><\/td>\n<td data-sheets-value=\"{&quot;1&quot;:2,&quot;2&quot;:&quot;400 lt Mente\u015feli Kapak (Elekli)&quot;}\"><strong>Hinged Tank Lid With Lock With Basket Filter<\/strong><\/td>\n<td><img decoding=\"async\" class=\"alignnone wp-image-6794\" src=\"https:\/\/toyman.com.tr\/wp-content\/uploads\/2023\/08\/A-e1691496148477.jpg\" alt=\"\" width=\"32\" height=\"32\" \/><\/td>\n<td data-sheets-value=\"{&quot;1&quot;:3,&quot;3&quot;:5001000}\"><strong>05001000<\/strong><\/td>\n<td data-sheets-value=\"{&quot;1&quot;:2,&quot;2&quot;:&quot;05001000S&quot;}\"><strong>05001000S<\/strong><\/td>\n<td data-sheets-value=\"{&quot;1&quot;:2,&quot;2&quot;:&quot;05001000M&quot;}\"><strong>05001000M<\/strong><\/td>\n<\/tr>\n<tr>\n<td><img decoding=\"async\" class=\"alignnone wp-image-6844\" src=\"https:\/\/toyman.com.tr\/wp-content\/uploads\/2023\/08\/05001008.jpg\" alt=\"\" width=\"185\" height=\"139\" \/><\/td>\n<td data-sheets-value=\"{&quot;1&quot;:2,&quot;2&quot;:&quot;400 lt Mente\u015feli Kapak (Eleksiz)&quot;}\"><strong>Hinged Tank Lid With Lock Without Basket Filter<\/strong><\/td>\n<td><img decoding=\"async\" class=\"alignnone wp-image-6794\" src=\"https:\/\/toyman.com.tr\/wp-content\/uploads\/2023\/08\/A-e1691496148477.jpg\" alt=\"\" width=\"32\" height=\"32\" \/><\/td>\n<td data-sheets-value=\"{&quot;1&quot;:3,&quot;3&quot;:5001008}\"><strong>05001008<\/strong><\/td>\n<td data-sheets-value=\"{&quot;1&quot;:2,&quot;2&quot;:&quot;05001008S&quot;}\"><strong>05001008S<\/strong><\/td>\n<td data-sheets-value=\"{&quot;1&quot;:2,&quot;2&quot;:&quot;05001008M&quot;}\"><strong>05001008M<\/strong><\/td>\n<\/tr>\n<\/tbody>\n<\/table>\n","protected":false},"excerpt":{"rendered":"<p>\u2022 Suitable for 100lt &#8211; 200lt &#8211; 400lt &#8211; 600lt tanks<br \/>\n\u2022 180\u00ba max. opening<br \/>\n\u2022 Gasket seal is included<br \/>\n\u2022 Ring for flat surfaces<br \/>\n\u2022 Floating vent valve<br \/>\n\u2022 Lock system to avoid opening on hilly terrains<\/p>\n","protected":false},"featured_media":11299,"comment_status":"open","ping_status":"closed","template":"","meta":{"_acf_changed":false},"product_cat":[92],"product_tag":[],"class_list":{"0":"post-15230","1":"product","2":"type-product","3":"status-publish","4":"has-post-thumbnail","6":"product_cat-tank-lids-and-accessories","8":"first","9":"instock","10":"shipping-taxable","11":"product-type-simple"},"acf":[],"_links":{"self":[{"href":"https:\/\/toyman.com.tr\/en\/wp-json\/wp\/v2\/product\/15230","targetHints":{"allow":["GET"]}}],"collection":[{"href":"https:\/\/toyman.com.tr\/en\/wp-json\/wp\/v2\/product"}],"about":[{"href":"https:\/\/toyman.com.tr\/en\/wp-json\/wp\/v2\/types\/product"}],"replies":[{"embeddable":true,"href":"https:\/\/toyman.com.tr\/en\/wp-json\/wp\/v2\/comments?post=15230"}],"version-history":[{"count":1,"href":"https:\/\/toyman.com.tr\/en\/wp-json\/wp\/v2\/product\/15230\/revisions"}],"predecessor-version":[{"id":15650,"href":"https:\/\/toyman.com.tr\/en\/wp-json\/wp\/v2\/product\/15230\/revisions\/15650"}],"wp:featuredmedia":[{"embeddable":true,"href":"https:\/\/toyman.com.tr\/en\/wp-json\/wp\/v2\/media\/11299"}],"wp:attachment":[{"href":"https:\/\/toyman.com.tr\/en\/wp-json\/wp\/v2\/media?parent=15230"}],"wp:term":[{"taxonomy":"product_cat","embeddable":true,"href":"https:\/\/toyman.com.tr\/en\/wp-json\/wp\/v2\/product_cat?post=15230"},{"taxonomy":"product_tag","embeddable":true,"href":"https:\/\/toyman.com.tr\/en\/wp-json\/wp\/v2\/product_tag?post=15230"}],"curies":[{"name":"wp","href":"https:\/\/api.w.org\/{rel}","templated":true}]}}