{"id":15233,"date":"2023-08-08T11:19:50","date_gmt":"2023-08-08T11:19:50","guid":{"rendered":"https:\/\/toyman.com.tr\/urun\/400-lt-pasolu-kapak\/"},"modified":"2024-03-26T14:26:41","modified_gmt":"2024-03-26T14:26:41","slug":"threaded-tank-lid-3","status":"publish","type":"product","link":"https:\/\/toyman.com.tr\/en\/products\/threaded-tank-lid-3\/","title":{"rendered":"THREADED <br>TANK LID"},"content":{"rendered":"<table dir=\"ltr\" border=\"1\" cellspacing=\"0\" cellpadding=\"0\">\n<colgroup>\n<col width=\"100\" \/>\n<col width=\"246\" \/>\n<col width=\"36\" \/>\n<col width=\"100\" \/>\n<col width=\"128\" \/>\n<col width=\"150\" \/><\/colgroup>\n<tbody>\n<tr>\n<td><\/td>\n<td><\/td>\n<td><\/td>\n<td data-sheets-value=\"{&quot;1&quot;:2,&quot;2&quot;:&quot;K\u0131rm\u0131z\u0131&quot;}\">Red<\/td>\n<td data-sheets-value=\"{&quot;1&quot;:2,&quot;2&quot;:&quot;Sar\u0131&quot;}\">Yellow<\/td>\n<td data-sheets-value=\"{&quot;1&quot;:2,&quot;2&quot;:&quot;Mavi&quot;}\">Blue<\/td>\n<\/tr>\n<tr>\n<td><img decoding=\"async\" class=\"alignnone wp-image-6820\" src=\"https:\/\/toyman.com.tr\/wp-content\/uploads\/2023\/08\/05001300.jpg\" alt=\"\" width=\"178\" height=\"134\" \/><\/td>\n<td data-sheets-value=\"{&quot;1&quot;:2,&quot;2&quot;:&quot;400 lt Pasolu Kapak (Elekli)&quot;}\"><strong>Threaded Tank Lid With Basket Filter <\/strong><\/td>\n<td><img decoding=\"async\" class=\"alignnone wp-image-6794\" src=\"https:\/\/toyman.com.tr\/wp-content\/uploads\/2023\/08\/A.jpg\" alt=\"\" width=\"40\" height=\"40\" \/><\/td>\n<td data-sheets-value=\"{&quot;1&quot;:3,&quot;3&quot;:5001300}\"><strong>05001300<\/strong><\/td>\n<td data-sheets-value=\"{&quot;1&quot;:2,&quot;2&quot;:&quot;05001300S&quot;}\"><strong>05001300S<\/strong><\/td>\n<td data-sheets-value=\"{&quot;1&quot;:2,&quot;2&quot;:&quot;05001300M&quot;}\"><strong>05001300M<\/strong><\/td>\n<\/tr>\n<tr>\n<td><img decoding=\"async\" class=\"alignnone wp-image-6821\" src=\"https:\/\/toyman.com.tr\/wp-content\/uploads\/2023\/08\/05001304.jpg\" alt=\"\" width=\"178\" height=\"134\" \/><\/td>\n<td data-sheets-value=\"{&quot;1&quot;:2,&quot;2&quot;:&quot;400 lt Pasolu Kapak (Eleksiz)&quot;}\"><strong>Threaded Tank Lid Without Basket Filter<\/strong><\/td>\n<td><img loading=\"lazy\" decoding=\"async\" class=\"alignnone wp-image-6794\" src=\"https:\/\/toyman.com.tr\/wp-content\/uploads\/2023\/08\/A.jpg\" alt=\"\" width=\"39\" height=\"39\" \/><\/td>\n<td data-sheets-value=\"{&quot;1&quot;:3,&quot;3&quot;:5001304}\"><strong>05001304<\/strong><\/td>\n<td data-sheets-value=\"{&quot;1&quot;:2,&quot;2&quot;:&quot;05001304S&quot;}\"><strong>05001304S<\/strong><\/td>\n<td data-sheets-value=\"{&quot;1&quot;:2,&quot;2&quot;:&quot;05001304M&quot;}\"><strong>05001304M<\/strong><\/td>\n<\/tr>\n<tr>\n<td><img loading=\"lazy\" decoding=\"async\" class=\"alignnone wp-image-6822\" src=\"https:\/\/toyman.com.tr\/wp-content\/uploads\/2023\/08\/05001305.jpg\" alt=\"\" width=\"178\" height=\"134\" \/><\/td>\n<td data-sheets-value=\"{&quot;1&quot;:2,&quot;2&quot;:&quot;400 lt Pasolu Kapak (Eleksiz-\u00c7embersiz)&quot;}\"><strong>Threaded Tank Lid Without Basket Filter And Ring<\/strong><\/td>\n<td><img decoding=\"async\" class=\"alignnone wp-image-6794\" src=\"https:\/\/toyman.com.tr\/wp-content\/uploads\/2023\/08\/A.jpg\" alt=\"\" width=\"40\" height=\"40\" \/><\/td>\n<td data-sheets-value=\"{&quot;1&quot;:3,&quot;3&quot;:5001305}\"><strong>05001305<\/strong><\/td>\n<td data-sheets-value=\"{&quot;1&quot;:2,&quot;2&quot;:&quot;05001305S&quot;}\"><strong>05001305S<\/strong><\/td>\n<td data-sheets-value=\"{&quot;1&quot;:2,&quot;2&quot;:&quot;05001305M&quot;}\"><strong>05001305M<\/strong><\/td>\n<\/tr>\n<\/tbody>\n<\/table>\n<p>&nbsp;<\/p>\n","protected":false},"excerpt":{"rendered":"<p>\u2022 Suitable for 100lt &#8211; 200lt &#8211; 400lt &#8211; 600lt tanks<br \/>\n\u2022 Ring for flat surfaces<br \/>\n\u2022 Floating vent valve<\/p>\n","protected":false},"featured_media":11275,"comment_status":"open","ping_status":"closed","template":"","meta":{"_acf_changed":false},"product_cat":[92],"product_tag":[],"class_list":{"0":"post-15233","1":"product","2":"type-product","3":"status-publish","4":"has-post-thumbnail","6":"product_cat-tank-lids-and-accessories","8":"first","9":"instock","10":"shipping-taxable","11":"product-type-simple"},"acf":[],"_links":{"self":[{"href":"https:\/\/toyman.com.tr\/en\/wp-json\/wp\/v2\/product\/15233","targetHints":{"allow":["GET"]}}],"collection":[{"href":"https:\/\/toyman.com.tr\/en\/wp-json\/wp\/v2\/product"}],"about":[{"href":"https:\/\/toyman.com.tr\/en\/wp-json\/wp\/v2\/types\/product"}],"replies":[{"embeddable":true,"href":"https:\/\/toyman.com.tr\/en\/wp-json\/wp\/v2\/comments?post=15233"}],"version-history":[{"count":1,"href":"https:\/\/toyman.com.tr\/en\/wp-json\/wp\/v2\/product\/15233\/revisions"}],"predecessor-version":[{"id":15654,"href":"https:\/\/toyman.com.tr\/en\/wp-json\/wp\/v2\/product\/15233\/revisions\/15654"}],"wp:featuredmedia":[{"embeddable":true,"href":"https:\/\/toyman.com.tr\/en\/wp-json\/wp\/v2\/media\/11275"}],"wp:attachment":[{"href":"https:\/\/toyman.com.tr\/en\/wp-json\/wp\/v2\/media?parent=15233"}],"wp:term":[{"taxonomy":"product_cat","embeddable":true,"href":"https:\/\/toyman.com.tr\/en\/wp-json\/wp\/v2\/product_cat?post=15233"},{"taxonomy":"product_tag","embeddable":true,"href":"https:\/\/toyman.com.tr\/en\/wp-json\/wp\/v2\/product_tag?post=15233"}],"curies":[{"name":"wp","href":"https:\/\/api.w.org\/{rel}","templated":true}]}}