{"id":15240,"date":"2023-08-08T07:44:01","date_gmt":"2023-08-08T07:44:01","guid":{"rendered":"https:\/\/toyman.com.tr\/urun\/kapak-smyrna-serisi-o140-2\/"},"modified":"2024-03-27T06:51:17","modified_gmt":"2024-03-27T06:51:17","slug":"bayonet-lid-smyrna-series-o140","status":"publish","type":"product","link":"https:\/\/toyman.com.tr\/en\/products\/bayonet-lid-smyrna-series-o140\/","title":{"rendered":"BAYONET LID <br>SMYRNA SERIES&#8221; \u00d8140"},"content":{"rendered":"<p>&nbsp;<\/p>\n<p>&nbsp;<\/p>\n<table dir=\"ltr\" border=\"1\" cellspacing=\"0\" cellpadding=\"0\">\n<colgroup>\n<col width=\"100\" \/>\n<col width=\"302\" \/>\n<col width=\"100\" \/><\/colgroup>\n<tbody>\n<tr>\n<td><\/td>\n<td><\/td>\n<td data-sheets-value=\"{&quot;1&quot;:2,&quot;2&quot;:&quot;KOD&quot;}\">CODE<\/td>\n<\/tr>\n<tr>\n<td><img decoding=\"async\" class=\"alignnone wp-image-6799\" src=\"https:\/\/toyman.com.tr\/wp-content\/uploads\/2023\/08\/0500014010.jpg\" alt=\"\" width=\"233\" height=\"175\" \/><\/td>\n<td data-sheets-value=\"{&quot;1&quot;:2,&quot;2&quot;:&quot;Kapak &quot;Smyrna Serisi&quot; (\u00c7emberli)&quot;}\"><strong>Bayonet Lid (With Ring)<\/strong><\/td>\n<td data-sheets-value=\"{&quot;1&quot;:3,&quot;3&quot;:500014011}\"><strong>0500014010<\/strong><\/td>\n<\/tr>\n<tr>\n<td><img decoding=\"async\" class=\"alignnone wp-image-6801\" src=\"https:\/\/toyman.com.tr\/wp-content\/uploads\/2023\/08\/0500014001.jpg\" alt=\"\" width=\"233\" height=\"175\" \/><\/td>\n<td data-sheets-value=\"{&quot;1&quot;:2,&quot;2&quot;:&quot;Kapak Kapa\u011f\u0131 &quot;Smyrna Serisi&quot; (\u00c7embersiz)&quot;}\"><strong>Bayonet Lid (Without Ring)<\/strong><\/td>\n<td data-sheets-value=\"{&quot;1&quot;:3,&quot;3&quot;:500014003}\"><strong>0500014001<\/strong><\/td>\n<\/tr>\n<tr>\n<td><img decoding=\"async\" class=\"alignnone wp-image-6802\" src=\"https:\/\/toyman.com.tr\/wp-content\/uploads\/2023\/08\/0500014002.jpg\" alt=\"\" width=\"233\" height=\"175\" \/><\/td>\n<td data-sheets-value=\"{&quot;1&quot;:2,&quot;2&quot;:&quot;\u00c7ember &quot;Smyrna Serisi&quot;&quot;}\"><strong>Ring<\/strong><\/td>\n<td data-sheets-value=\"{&quot;1&quot;:3,&quot;3&quot;:500014002}\"><strong>0500014002<\/strong><\/td>\n<\/tr>\n<\/tbody>\n<\/table>\n","protected":false},"excerpt":{"rendered":"<ul>\n<li>\u00a0With single labyrint valve<\/li>\n<\/ul>\n","protected":false},"featured_media":11213,"comment_status":"open","ping_status":"closed","template":"","meta":{"_acf_changed":false},"product_cat":[92],"product_tag":[],"class_list":{"0":"post-15240","1":"product","2":"type-product","3":"status-publish","4":"has-post-thumbnail","6":"product_cat-tank-lids-and-accessories","8":"first","9":"instock","10":"shipping-taxable","11":"product-type-simple"},"acf":[],"_links":{"self":[{"href":"https:\/\/toyman.com.tr\/en\/wp-json\/wp\/v2\/product\/15240","targetHints":{"allow":["GET"]}}],"collection":[{"href":"https:\/\/toyman.com.tr\/en\/wp-json\/wp\/v2\/product"}],"about":[{"href":"https:\/\/toyman.com.tr\/en\/wp-json\/wp\/v2\/types\/product"}],"replies":[{"embeddable":true,"href":"https:\/\/toyman.com.tr\/en\/wp-json\/wp\/v2\/comments?post=15240"}],"version-history":[{"count":1,"href":"https:\/\/toyman.com.tr\/en\/wp-json\/wp\/v2\/product\/15240\/revisions"}],"predecessor-version":[{"id":15660,"href":"https:\/\/toyman.com.tr\/en\/wp-json\/wp\/v2\/product\/15240\/revisions\/15660"}],"wp:featuredmedia":[{"embeddable":true,"href":"https:\/\/toyman.com.tr\/en\/wp-json\/wp\/v2\/media\/11213"}],"wp:attachment":[{"href":"https:\/\/toyman.com.tr\/en\/wp-json\/wp\/v2\/media?parent=15240"}],"wp:term":[{"taxonomy":"product_cat","embeddable":true,"href":"https:\/\/toyman.com.tr\/en\/wp-json\/wp\/v2\/product_cat?post=15240"},{"taxonomy":"product_tag","embeddable":true,"href":"https:\/\/toyman.com.tr\/en\/wp-json\/wp\/v2\/product_tag?post=15240"}],"curies":[{"name":"wp","href":"https:\/\/api.w.org\/{rel}","templated":true}]}}