{"id":15249,"date":"2023-08-07T11:29:38","date_gmt":"2023-08-07T11:29:38","guid":{"rendered":"https:\/\/toyman.com.tr\/urun\/pasolu-kapak-smyrna-serisi-2\/"},"modified":"2024-03-27T07:43:29","modified_gmt":"2024-03-27T07:43:29","slug":"threaded-tank-lid-smyrna-series-9","status":"publish","type":"product","link":"https:\/\/toyman.com.tr\/en\/products\/threaded-tank-lid-smyrna-series-9\/","title":{"rendered":"THREADED TANK LID <br>&#8220;SMYRNA SERIES&#8221;"},"content":{"rendered":"<table dir=\"ltr\" border=\"1\" cellspacing=\"0\" cellpadding=\"0\">\n<colgroup>\n<col width=\"100\" \/>\n<col width=\"376\" \/>\n<col width=\"100\" \/>\n<col width=\"100\" \/>\n<col width=\"100\" \/>\n<col width=\"100\" \/>\n<col width=\"100\" \/>\n<col width=\"200\" \/><\/colgroup>\n<tbody>\n<tr>\n<td><\/td>\n<td data-sheets-value=\"{&quot;1&quot;:2,&quot;2&quot;:&quot;KAPAK TAKIM (Kapak + \u00c7ember + \u00c7ember Alt Contas\u0131)&quot;}\">KIT LID + RING<\/td>\n<td data-sheets-value=\"{&quot;1&quot;:2,&quot;2&quot;:&quot;A&quot;}\">A<\/td>\n<td data-sheets-value=\"{&quot;1&quot;:2,&quot;2&quot;:&quot;B&quot;}\">B<\/td>\n<td data-sheets-value=\"{&quot;1&quot;:2,&quot;2&quot;:&quot;C&quot;}\">C<\/td>\n<td data-sheets-value=\"{&quot;1&quot;:2,&quot;2&quot;:&quot;Kapak&quot;}\">Lid<\/td>\n<td data-sheets-value=\"{&quot;1&quot;:2,&quot;2&quot;:&quot;\u00c7ember&quot;}\">Ring<\/td>\n<td data-sheets-value=\"{&quot;1&quot;:2,&quot;2&quot;:&quot;\u00c7ember Alt Contas\u0131&quot;}\">\n<div>\n<div>Gasket For Ring<\/div>\n<\/div>\n<\/td>\n<\/tr>\n<tr>\n<td colspan=\"1\" rowspan=\"3\">\n<div><\/div>\n<div><img decoding=\"async\" class=\"alignnone size-full wp-image-6760\" src=\"https:\/\/toyman.com.tr\/wp-content\/uploads\/2023\/08\/Yandan-Perc\u2560ginli.jpg\" alt=\"\" width=\"236\" height=\"177\" \/><\/div>\n<div><strong>Side Fixing<\/strong><\/div>\n<\/td>\n<td data-sheets-value=\"{&quot;1&quot;:3,&quot;3&quot;:500025010}\"><strong>0500025020<\/strong><\/td>\n<td data-sheets-value=\"{&quot;1&quot;:3,&quot;3&quot;:250}\">250<\/td>\n<td data-sheets-value=\"{&quot;1&quot;:3,&quot;3&quot;:210}\">210<\/td>\n<td data-sheets-value=\"{&quot;1&quot;:3,&quot;3&quot;:31}\">31<\/td>\n<td data-sheets-value=\"{&quot;1&quot;:3,&quot;3&quot;:500025001}\">0500025001<\/td>\n<td data-sheets-value=\"{&quot;1&quot;:3,&quot;3&quot;:500025004}\">0500025005<\/td>\n<td data-sheets-value=\"{&quot;1&quot;:2,&quot;2&quot;:&quot;C10250&quot;}\">C10250<\/td>\n<\/tr>\n<tr>\n<td data-sheets-value=\"{&quot;1&quot;:3,&quot;3&quot;:500035510}\"><strong>0500035520<\/strong><\/td>\n<td data-sheets-value=\"{&quot;1&quot;:3,&quot;3&quot;:355}\">355<\/td>\n<td data-sheets-value=\"{&quot;1&quot;:3,&quot;3&quot;:313}\">313<\/td>\n<td data-sheets-value=\"{&quot;1&quot;:3,&quot;3&quot;:31}\">31<\/td>\n<td data-sheets-value=\"{&quot;1&quot;:3,&quot;3&quot;:500035501}\">0500035501<\/td>\n<td data-sheets-value=\"{&quot;1&quot;:3,&quot;3&quot;:500035504}\">0500035505<\/td>\n<td data-sheets-value=\"{&quot;1&quot;:2,&quot;2&quot;:&quot;C10355&quot;}\">C10355<\/td>\n<\/tr>\n<tr>\n<td data-sheets-value=\"{&quot;1&quot;:3,&quot;3&quot;:500045510}\"><strong>0500045520<\/strong><\/td>\n<td data-sheets-value=\"{&quot;1&quot;:3,&quot;3&quot;:455}\">455<\/td>\n<td data-sheets-value=\"{&quot;1&quot;:3,&quot;3&quot;:410}\">410<\/td>\n<td data-sheets-value=\"{&quot;1&quot;:3,&quot;3&quot;:25}\">25<\/td>\n<td data-sheets-value=\"{&quot;1&quot;:3,&quot;3&quot;:500045501}\">0500045501<\/td>\n<td data-sheets-value=\"{&quot;1&quot;:3,&quot;3&quot;:500045504}\">0500045505<\/td>\n<td data-sheets-value=\"{&quot;1&quot;:2,&quot;2&quot;:&quot;C10455&quot;}\">C10455<\/td>\n<\/tr>\n<\/tbody>\n<\/table>\n","protected":false},"excerpt":{"rendered":"<p>\u2022 With single labyrint valve<br \/>\n\u2022 Gasket seal is included<br \/>\n\u2022 Side Fixing<\/p>\n","protected":false},"featured_media":11199,"comment_status":"open","ping_status":"closed","template":"","meta":{"_acf_changed":false},"product_cat":[92],"product_tag":[],"class_list":{"0":"post-15249","1":"product","2":"type-product","3":"status-publish","4":"has-post-thumbnail","6":"product_cat-tank-lids-and-accessories","8":"first","9":"instock","10":"shipping-taxable","11":"product-type-simple"},"acf":[],"_links":{"self":[{"href":"https:\/\/toyman.com.tr\/en\/wp-json\/wp\/v2\/product\/15249","targetHints":{"allow":["GET"]}}],"collection":[{"href":"https:\/\/toyman.com.tr\/en\/wp-json\/wp\/v2\/product"}],"about":[{"href":"https:\/\/toyman.com.tr\/en\/wp-json\/wp\/v2\/types\/product"}],"replies":[{"embeddable":true,"href":"https:\/\/toyman.com.tr\/en\/wp-json\/wp\/v2\/comments?post=15249"}],"version-history":[{"count":1,"href":"https:\/\/toyman.com.tr\/en\/wp-json\/wp\/v2\/product\/15249\/revisions"}],"predecessor-version":[{"id":15668,"href":"https:\/\/toyman.com.tr\/en\/wp-json\/wp\/v2\/product\/15249\/revisions\/15668"}],"wp:featuredmedia":[{"embeddable":true,"href":"https:\/\/toyman.com.tr\/en\/wp-json\/wp\/v2\/media\/11199"}],"wp:attachment":[{"href":"https:\/\/toyman.com.tr\/en\/wp-json\/wp\/v2\/media?parent=15249"}],"wp:term":[{"taxonomy":"product_cat","embeddable":true,"href":"https:\/\/toyman.com.tr\/en\/wp-json\/wp\/v2\/product_cat?post=15249"},{"taxonomy":"product_tag","embeddable":true,"href":"https:\/\/toyman.com.tr\/en\/wp-json\/wp\/v2\/product_tag?post=15249"}],"curies":[{"name":"wp","href":"https:\/\/api.w.org\/{rel}","templated":true}]}}