{"id":20559,"date":"2025-09-18T12:14:29","date_gmt":"2025-09-18T12:14:29","guid":{"rendered":"https:\/\/toyman.com.tr\/?post_type=product&#038;p=20559"},"modified":"2025-11-17T08:13:46","modified_gmt":"2025-11-17T08:13:46","slug":"umay-pcf-05electric-proportionalcontrol-units-kopya","status":"publish","type":"product","link":"https:\/\/toyman.com.tr\/en\/products\/umay-pcf-05electric-proportionalcontrol-units-kopya\/","title":{"rendered":"UMAY-PCF 06"},"content":{"rendered":"<table width=\"335\">\n<tbody>\n<tr>\n<td width=\"110\">CODE<\/td>\n<td width=\"75\">Ways<\/td>\n<td width=\"75\">lt\/min<\/td>\n<td width=\"75\">Bar<\/td>\n<\/tr>\n<tr>\n<td><strong>1030151816<\/strong><\/td>\n<td width=\"75\">6<\/td>\n<td width=\"75\">180<\/td>\n<td width=\"75\">20<\/td>\n<\/tr>\n<\/tbody>\n<\/table>\n<p style=\"text-align: center;\">\n","protected":false},"excerpt":{"rendered":"<p>\u2022 V\u00e1lvulas de secci\u00f3n el\u00e9ctricas con calibraci\u00f3n por by-pass<br \/>\n\u2022 V\u00e1lvula de control principal el\u00e9ctrica<br \/>\n\u2022 Regulador de presi\u00f3n ajustable<br \/>\n\u2022 V\u00e1lvula proporcional el\u00e9ctrica<br \/>\n\u2022 Filtro de l\u00ednea<\/p>\n","protected":false},"featured_media":20530,"comment_status":"open","ping_status":"closed","template":"","meta":{"_acf_changed":false},"product_cat":[168,241,239],"product_tag":[],"class_list":{"0":"post-20559","1":"product","2":"type-product","3":"status-publish","4":"has-post-thumbnail","6":"product_cat-low-pressure-control-units","7":"product_cat-umay-series","8":"product_cat-umay-pcf-electric-proportional-control-units","10":"first","11":"instock","12":"shipping-taxable","13":"product-type-simple"},"acf":[],"_links":{"self":[{"href":"https:\/\/toyman.com.tr\/en\/wp-json\/wp\/v2\/product\/20559","targetHints":{"allow":["GET"]}}],"collection":[{"href":"https:\/\/toyman.com.tr\/en\/wp-json\/wp\/v2\/product"}],"about":[{"href":"https:\/\/toyman.com.tr\/en\/wp-json\/wp\/v2\/types\/product"}],"replies":[{"embeddable":true,"href":"https:\/\/toyman.com.tr\/en\/wp-json\/wp\/v2\/comments?post=20559"}],"version-history":[{"count":2,"href":"https:\/\/toyman.com.tr\/en\/wp-json\/wp\/v2\/product\/20559\/revisions"}],"predecessor-version":[{"id":21344,"href":"https:\/\/toyman.com.tr\/en\/wp-json\/wp\/v2\/product\/20559\/revisions\/21344"}],"wp:featuredmedia":[{"embeddable":true,"href":"https:\/\/toyman.com.tr\/en\/wp-json\/wp\/v2\/media\/20530"}],"wp:attachment":[{"href":"https:\/\/toyman.com.tr\/en\/wp-json\/wp\/v2\/media?parent=20559"}],"wp:term":[{"taxonomy":"product_cat","embeddable":true,"href":"https:\/\/toyman.com.tr\/en\/wp-json\/wp\/v2\/product_cat?post=20559"},{"taxonomy":"product_tag","embeddable":true,"href":"https:\/\/toyman.com.tr\/en\/wp-json\/wp\/v2\/product_tag?post=20559"}],"curies":[{"name":"wp","href":"https:\/\/api.w.org\/{rel}","templated":true}]}}