{"id":18118,"date":"2020-01-06T03:56:28","date_gmt":"2020-01-06T03:56:28","guid":{"rendered":"https:\/\/toyman.com.tr\/tarihce\/"},"modified":"2024-05-14T10:08:14","modified_gmt":"2024-05-14T10:08:14","slug":"historia","status":"publish","type":"page","link":"https:\/\/toyman.com.tr\/es\/historia\/","title":{"rendered":"HISTORIA"},"content":{"rendered":"\t\t<div data-elementor-type=\"wp-page\" data-elementor-id=\"18118\" class=\"elementor elementor-18118 elementor-1428\" data-elementor-post-type=\"page\">\n\t\t\t\t\t\t<section class=\"elementor-section elementor-top-section elementor-element elementor-element-8550355 ot-traditional elementor-section-boxed elementor-section-height-default elementor-section-height-default\" data-id=\"8550355\" data-element_type=\"section\">\n\t\t\t\t\t\t<div class=\"elementor-container elementor-column-gap-default\">\n\t\t\t\t\t<div class=\"elementor-column elementor-col-100 elementor-top-column elementor-element elementor-element-cf6a6b2 ot-flex-column-vertical\" data-id=\"cf6a6b2\" data-element_type=\"column\">\n\t\t\t<div class=\"elementor-widget-wrap elementor-element-populated\">\n\t\t\t\t\t\t<div class=\"elementor-element elementor-element-18e9868 elementor-widget elementor-widget-iheading\" data-id=\"18e9868\" data-element_type=\"widget\" data-widget_type=\"iheading.default\">\n\t\t\t\t<div class=\"elementor-widget-container\">\n\t\t\t\t\t<div class=\"ot-heading\">\r\n\t        \t            <span>\/\/ TOYMAN<\/span>\r\n\t        <h2 class=\"main-heading\">HISTORIA<\/h2>\t    <\/div>\r\n\t    \t\t<\/div>\n\t\t\t\t<\/div>\n\t\t\t\t<div class=\"elementor-element elementor-element-09309d8 elementor-widget elementor-widget-heading\" data-id=\"09309d8\" data-element_type=\"widget\" data-widget_type=\"heading.default\">\n\t\t\t\t<div class=\"elementor-widget-container\">\n\t\t\t<style>\/*! elementor - v3.21.0 - 26-05-2024 *\/\n.elementor-heading-title{padding:0;margin:0;line-height:1}.elementor-widget-heading .elementor-heading-title[class*=elementor-size-]>a{color:inherit;font-size:inherit;line-height:inherit}.elementor-widget-heading .elementor-heading-title.elementor-size-small{font-size:15px}.elementor-widget-heading .elementor-heading-title.elementor-size-medium{font-size:19px}.elementor-widget-heading .elementor-heading-title.elementor-size-large{font-size:29px}.elementor-widget-heading .elementor-heading-title.elementor-size-xl{font-size:39px}.elementor-widget-heading .elementor-heading-title.elementor-size-xxl{font-size:59px}<\/style><h5 class=\"elementor-heading-title elementor-size-default\">Primer fabricante de repuestos para pulverizadores agr\u00edcolas de Turqu\u00eda.\n<\/h5>\t\t<\/div>\n\t\t\t\t<\/div>\n\t\t\t\t<div class=\"elementor-element elementor-element-4b266e3 elementor-widget elementor-widget-text-editor\" data-id=\"4b266e3\" data-element_type=\"widget\" data-widget_type=\"text-editor.default\">\n\t\t\t\t<div class=\"elementor-widget-container\">\n\t\t\t<style>\/*! elementor - v3.21.0 - 26-05-2024 *\/\n.elementor-widget-text-editor.elementor-drop-cap-view-stacked .elementor-drop-cap{background-color:#69727d;color:#fff}.elementor-widget-text-editor.elementor-drop-cap-view-framed .elementor-drop-cap{color:#69727d;border:3px solid;background-color:transparent}.elementor-widget-text-editor:not(.elementor-drop-cap-view-default) .elementor-drop-cap{margin-top:8px}.elementor-widget-text-editor:not(.elementor-drop-cap-view-default) .elementor-drop-cap-letter{width:1em;height:1em}.elementor-widget-text-editor .elementor-drop-cap{float:left;text-align:center;line-height:1;font-size:50px}.elementor-widget-text-editor .elementor-drop-cap-letter{display:inline-block}<\/style>\t\t\t\t<p><span style=\"font-weight: 400;\">Toyman Plastic, cuyas bases fueron fundadas bajo el nombre comercial Co\u015fkun Ticaret en el distrito de Kemeralt\u0131 en Esmirna en 1979 por Hasan TOYMAN, es ahora una empresa industrial que fabrica repuestos para pulverizadores agr\u00edcolas para los mercados nacional e internacional.<\/span><\/p>\t\t\t\t\t\t<\/div>\n\t\t\t\t<\/div>\n\t\t\t\t<div class=\"elementor-element elementor-element-11f936f elementor-widget elementor-widget-heading\" data-id=\"11f936f\" data-element_type=\"widget\" data-widget_type=\"heading.default\">\n\t\t\t\t<div class=\"elementor-widget-container\">\n\t\t\t<h5 class=\"elementor-heading-title elementor-size-default\">Empezamos a fabricar con una prensa de pl\u00e1stico manual y dos moldes.<\/h5>\t\t<\/div>\n\t\t\t\t<\/div>\n\t\t\t\t<div class=\"elementor-element elementor-element-c5a7ff5 elementor-widget elementor-widget-text-editor\" data-id=\"c5a7ff5\" data-element_type=\"widget\" data-widget_type=\"text-editor.default\">\n\t\t\t\t<div class=\"elementor-widget-container\">\n\t\t\t\t\t\t\t<p><span style=\"font-weight: 400;\">La firma inici\u00f3 la fabricaci\u00f3n con una m\u00e1quina mec\u00e1nica manual de prensado de pl\u00e1stico y dos moldes. En la d\u00e9cada de 1980, creci\u00f3 aumentando su producci\u00f3n a trav\u00e9s de la mayor mecanizaci\u00f3n en el sector agr\u00edcola. En 1989, se traslad\u00f3 al distrito Karaba\u011flar de Izmir, que estaba densamente poblado por peque\u00f1as empresas industriales. En 1990 adquiri\u00f3 su primera m\u00e1quina de inyecci\u00f3n de pl\u00e1stico. Y en 1992, estableci\u00f3 su propia sala de moldeo. En 1998 mantuvo su producci\u00f3n con su primera m\u00e1quina de inyecci\u00f3n de pl\u00e1stico controlada por PLC de la m\u00e1s alta calidad.<\/span><\/p><p><span style=\"font-weight: 400;\">La empresa incluy\u00f3 en su organizaci\u00f3n el primer centro de mecanizado vertical CNC en 2004. En 2004, se constituy\u00f3 como empresa con la participaci\u00f3n de la segunda generaci\u00f3n G\u00fcven TOYMAN y ahora mantiene sus operaciones bajo el nombre comercial Toyman Plastik Sanayi Ticaret Limited Sirketi. En el mismo a\u00f1o, se firmaron acuerdos de distribuci\u00f3n con los pulverizadores agr\u00edcolas COMET de Italia, uno de los gigantes mundiales en la industria de los pulverizadores agr\u00edcolas, y con las boquillas de pulverizaci\u00f3n agr\u00edcola LECHLER de Alemania, convirti\u00e9ndose as\u00ed en una empresa que ofrece a los fabricantes de pulverizadores agr\u00edcolas soluciones completas. En 2006, firm\u00f3 un acuerdo para la venta en Turqu\u00eda de las transmisiones de pulverizadores agr\u00edcolas del grupo COMER INDUSTRIES de Italia que operan en cajas de cambios y mecatr\u00f3nica, que es una empresa a nivel mundial.<\/span><\/p>\t\t\t\t\t\t<\/div>\n\t\t\t\t<\/div>\n\t\t\t\t<div class=\"elementor-element elementor-element-bc7685f elementor-widget elementor-widget-heading\" data-id=\"bc7685f\" data-element_type=\"widget\" data-widget_type=\"heading.default\">\n\t\t\t\t<div class=\"elementor-widget-container\">\n\t\t\t<h5 class=\"elementor-heading-title elementor-size-default\">45 A\u00f1os de Experiencia en la Industria del Pl\u00e1stico\n<\/h5>\t\t<\/div>\n\t\t\t\t<\/div>\n\t\t\t\t<div class=\"elementor-element elementor-element-c523471 elementor-widget elementor-widget-text-editor\" data-id=\"c523471\" data-element_type=\"widget\" data-widget_type=\"text-editor.default\">\n\t\t\t\t<div class=\"elementor-widget-container\">\n\t\t\t\t\t\t\t<p><span style=\"font-weight: 400;\">Toyman Plastik fabrica productos en la zona industrial \u0130TOB desde 2011. Toyman produce productos con m\u00e1quinas de nueva tecnolog\u00eda y mano de obra calificada en un \u00e1rea de 13.600 m\u00b2. Toyman Plastic ha sido ahora un negocio industrial completamente integrado a lo largo de su desarrollo en 45 a\u00f1os. A diferencia de muchas empresas que fabrican con el sistema de inyecci\u00f3n, ella fabricaba su molde en su propia organizaci\u00f3n. Tiene aproximadamente mil moldes por el momento. Ha a\u00f1adido el mecanizado a su experiencia de 45 a\u00f1os en la fabricaci\u00f3n de pl\u00e1stico. Lleva a cabo la producci\u00f3n con un equipo de 85 empleados en total en 2024. El empleo de las mujeres se apoya proporcionando empleo a 44 empleadas en la l\u00ednea de montaje.<\/span><\/p>\t\t\t\t\t\t<\/div>\n\t\t\t\t<\/div>\n\t\t\t\t<div class=\"elementor-element elementor-element-6d94a3d elementor-widget elementor-widget-heading\" data-id=\"6d94a3d\" data-element_type=\"widget\" data-widget_type=\"heading.default\">\n\t\t\t\t<div class=\"elementor-widget-container\">\n\t\t\t<h5 class=\"elementor-heading-title elementor-size-default\">Fabricaci\u00f3n r\u00e1pida, producci\u00f3n de calidad.<\/h5>\t\t<\/div>\n\t\t\t\t<\/div>\n\t\t\t\t<div class=\"elementor-element elementor-element-5ae9063 elementor-widget elementor-widget-text-editor\" data-id=\"5ae9063\" data-element_type=\"widget\" data-widget_type=\"text-editor.default\">\n\t\t\t\t<div class=\"elementor-widget-container\">\n\t\t\t\t\t\t\t<p><span style=\"font-weight: 400;\">Toyman Plastic a\u00f1ade nuevas m\u00e1quinas d\u00eda a d\u00eda a su parque de m\u00e1quinas y es capaz de llevar a cabo una fabricaci\u00f3n r\u00e1pida y una producci\u00f3n de calidad a trav\u00e9s de pl\u00e1sticos de ingenier\u00eda sofisticados\u00a0 que suministra a proveedores de todo el mundo.<\/span><\/p><p><span style=\"font-weight: 400;\">\u00a0\u00a0Satisface todas las necesidades de repuestos de los fabricantes de pulverizadores agr\u00edcolas con su gama de aproximadamente 5000 productos. Nuestro objetivo es crear una marca mundial fuerte, Toyman Plastic, exportando nuestros productos a m\u00e1s de 50 pa\u00edses del mundo. Ahora, su objetivo b\u00e1sico es crear una marca mundial fuerte combinando su experiencia con la tecnolog\u00eda en desarrollo, considerando la importancia econ\u00f3mica y social de la agricultura en el mundo. Toyman Plastic contin\u00faa promocionando las marcas TOYMAN y TOYEX en el mundo participando en ferias especializadas en pl\u00e1stico y agricultura a nivel nacional y extranjero.<\/span><\/p>\t\t\t\t\t\t<\/div>\n\t\t\t\t<\/div>\n\t\t\t\t<div class=\"elementor-element elementor-element-f10d7fd elementor-widget elementor-widget-heading\" data-id=\"f10d7fd\" data-element_type=\"widget\" data-widget_type=\"heading.default\">\n\t\t\t\t<div class=\"elementor-widget-container\">\n\t\t\t<h5 class=\"elementor-heading-title elementor-size-default\">Nuestro objetivo es crear una marca mundial fuerte.\n<\/h5>\t\t<\/div>\n\t\t\t\t<\/div>\n\t\t\t\t<div class=\"elementor-element elementor-element-33f6186 elementor-widget elementor-widget-text-editor\" data-id=\"33f6186\" data-element_type=\"widget\" data-widget_type=\"text-editor.default\">\n\t\t\t\t<div class=\"elementor-widget-container\">\n\t\t\t\t\t\t\t<p><span style=\"font-weight: 400;\">Toyman Plastic, exporta sus productos a m\u00e1s de 50 pa\u00edses en el mundo. Ahora, su objetivo b\u00e1sico es crear una marca mundial fuerte combinando su experiencia con la tecnolog\u00eda en desarrollo, considerando la importancia econ\u00f3mica y social de la agricultura en el mundo. Toyman Plastic contin\u00faa promocionando las marcas TOYMAN y TOYEX en el mundo participando en ferias especializadas en pl\u00e1stico y agricultura a nivel nacional y extranjero.<\/span><\/p>\t\t\t\t\t\t<\/div>\n\t\t\t\t<\/div>\n\t\t\t\t\t<\/div>\n\t\t<\/div>\n\t\t\t\t\t<\/div>\n\t\t<\/section>\n\t\t\t\t<\/div>\n\t\t","protected":false},"excerpt":{"rendered":"<p>\/\/ TOYMAN HISTORIA Primer fabricante de repuestos para pulverizadores agr\u00edcolas de Turqu\u00eda. Toyman Plastic, cuyas bases fueron fundadas bajo el nombre comercial Co\u015fkun Ticaret en el distrito de Kemeralt\u0131 en Esmirna en 1979 por Hasan TOYMAN, es ahora una empresa industrial que fabrica repuestos para pulverizadores agr\u00edcolas para los mercados nacional e internacional. Empezamos a [&hellip;]<\/p>\n","protected":false},"author":1,"featured_media":0,"parent":0,"menu_order":0,"comment_status":"closed","ping_status":"closed","template":"","meta":{"_acf_changed":false,"footnotes":""},"class_list":["post-18118","page","type-page","status-publish","hentry"],"acf":[],"_links":{"self":[{"href":"https:\/\/toyman.com.tr\/es\/wp-json\/wp\/v2\/pages\/18118","targetHints":{"allow":["GET"]}}],"collection":[{"href":"https:\/\/toyman.com.tr\/es\/wp-json\/wp\/v2\/pages"}],"about":[{"href":"https:\/\/toyman.com.tr\/es\/wp-json\/wp\/v2\/types\/page"}],"author":[{"embeddable":true,"href":"https:\/\/toyman.com.tr\/es\/wp-json\/wp\/v2\/users\/1"}],"replies":[{"embeddable":true,"href":"https:\/\/toyman.com.tr\/es\/wp-json\/wp\/v2\/comments?post=18118"}],"version-history":[{"count":7,"href":"https:\/\/toyman.com.tr\/es\/wp-json\/wp\/v2\/pages\/18118\/revisions"}],"predecessor-version":[{"id":18125,"href":"https:\/\/toyman.com.tr\/es\/wp-json\/wp\/v2\/pages\/18118\/revisions\/18125"}],"wp:attachment":[{"href":"https:\/\/toyman.com.tr\/es\/wp-json\/wp\/v2\/media?parent=18118"}],"curies":[{"name":"wp","href":"https:\/\/api.w.org\/{rel}","templated":true}]}}