{"id":17880,"date":"2023-12-15T07:36:55","date_gmt":"2023-12-15T07:36:55","guid":{"rendered":"https:\/\/toyman.com.tr\/urun\/damla-kesicili-plastik-tarla-memesi-tekli-meme-somunlu-tip\/"},"modified":"2026-04-01T11:03:02","modified_gmt":"2026-04-01T11:03:02","slug":"portaboquillas-herbicidas-con-abrazadera-articulada-y-antigota-de-membrana-y-acoplamiento-rapido","status":"publish","type":"product","link":"https:\/\/toyman.com.tr\/es\/urun\/portaboquillas-herbicidas-con-abrazadera-articulada-y-antigota-de-membrana-y-acoplamiento-rapido\/","title":{"rendered":"PORTABOQUILLAS HERBICIDAS CON ABRAZADERA ARTICULADA Y ANTIGOTA DE MEMBRANA Y ACOPLAMIENTO R\u00c1PIDO"},"content":{"rendered":"<table width=\"370\">\n<tbody>\n<tr>\n<td width=\"120\">EPDM<\/td>\n<td width=\"120\">\u00a0VITON\u00ae<\/td>\n<td width=\"90\">F<\/td>\n<td width=\"90\">D<\/td>\n<\/tr>\n<tr>\n<td width=\"110\"><strong>0710101207BE<\/strong><\/td>\n<td width=\"110\"><strong>0710101207BV<\/strong><\/td>\n<td rowspan=\"2\" width=\"75\">7 mm<\/td>\n<td width=\"75\">\u00d8 20 mm<\/td>\n<\/tr>\n<tr>\n<td width=\"110\"><strong>0710101507BE<\/strong><\/td>\n<td width=\"110\"><strong>0710101507BV<\/strong><\/td>\n<td width=\"75\">\u00d8 \u00bd\u00bb<\/td>\n<\/tr>\n<tr>\n<td width=\"110\"><strong>0710101110BE<\/strong><\/td>\n<td width=\"110\"><strong>0710101110BV<\/strong><\/td>\n<td rowspan=\"6\" width=\"75\">10 mm<\/td>\n<td width=\"75\">\u00d8 19 mm<\/td>\n<\/tr>\n<tr>\n<td width=\"110\"><strong>0710101210BE<\/strong><\/td>\n<td width=\"110\"><strong>0710101210BV<\/strong><\/td>\n<td width=\"75\">\u00d8 20 mm<\/td>\n<\/tr>\n<tr>\n<td width=\"110\"><strong>0710101410BE<\/strong><\/td>\n<td width=\"110\"><strong>0710101410BV<\/strong><\/td>\n<td width=\"75\">\u00d8 25 mm<\/td>\n<\/tr>\n<tr>\n<td width=\"110\"><strong>0710101510BE<\/strong><\/td>\n<td width=\"110\"><strong>0710101510BV<\/strong><\/td>\n<td width=\"75\">\u00d8 \u00bd\u00bb<\/td>\n<\/tr>\n<tr>\n<td width=\"110\"><strong>0710101610BE<\/strong><\/td>\n<td width=\"110\"><strong>0710101610BV<\/strong><\/td>\n<td width=\"75\">\u00d8 \u00be\u00bb<\/td>\n<\/tr>\n<tr>\n<td width=\"110\"><strong>0710101710BE<\/strong><\/td>\n<td width=\"110\"><strong>0710101710BV<\/strong><\/td>\n<td width=\"75\">\u00d8 1&#8243;<\/td>\n<\/tr>\n<\/tbody>\n<\/table>\n","protected":false},"excerpt":{"rendered":"<p>\u2022 Para diferentes di\u00e1metros de tubo entre \u00d8 19 mm y \u00d8 1&#8243;<br \/>\n\u2022 Disponible con membrana y juntas en EPDM (a pedido VITON\u00ae)<br \/>\n\u2022 Presi\u00f3n m\u00e1xima de trabajo 20 bar<br \/>\n\u2022 Tipo con perno y cabezal<\/p>\n","protected":false},"featured_media":13000,"comment_status":"open","ping_status":"closed","template":"","meta":{"_acf_changed":false},"product_cat":[119],"product_tag":[],"class_list":{"0":"post-17880","1":"product","2":"type-product","3":"status-publish","4":"has-post-thumbnail","6":"product_cat-boquillas-y-accesorios","8":"first","9":"instock","10":"shipping-taxable","11":"product-type-simple"},"acf":[],"_links":{"self":[{"href":"https:\/\/toyman.com.tr\/es\/wp-json\/wp\/v2\/product\/17880","targetHints":{"allow":["GET"]}}],"collection":[{"href":"https:\/\/toyman.com.tr\/es\/wp-json\/wp\/v2\/product"}],"about":[{"href":"https:\/\/toyman.com.tr\/es\/wp-json\/wp\/v2\/types\/product"}],"replies":[{"embeddable":true,"href":"https:\/\/toyman.com.tr\/es\/wp-json\/wp\/v2\/comments?post=17880"}],"version-history":[{"count":3,"href":"https:\/\/toyman.com.tr\/es\/wp-json\/wp\/v2\/product\/17880\/revisions"}],"predecessor-version":[{"id":25747,"href":"https:\/\/toyman.com.tr\/es\/wp-json\/wp\/v2\/product\/17880\/revisions\/25747"}],"wp:featuredmedia":[{"embeddable":true,"href":"https:\/\/toyman.com.tr\/es\/wp-json\/wp\/v2\/media\/13000"}],"wp:attachment":[{"href":"https:\/\/toyman.com.tr\/es\/wp-json\/wp\/v2\/media?parent=17880"}],"wp:term":[{"taxonomy":"product_cat","embeddable":true,"href":"https:\/\/toyman.com.tr\/es\/wp-json\/wp\/v2\/product_cat?post=17880"},{"taxonomy":"product_tag","embeddable":true,"href":"https:\/\/toyman.com.tr\/es\/wp-json\/wp\/v2\/product_tag?post=17880"}],"curies":[{"name":"wp","href":"https:\/\/api.w.org\/{rel}","templated":true}]}}