{"id":17883,"date":"2023-12-15T10:37:01","date_gmt":"2023-12-15T10:37:01","guid":{"rendered":"https:\/\/toyman.com.tr\/urun\/damla-kesicili-plastik-tarla-memesi-tekli-meme-3-8-pasolu-somunlu-tip\/"},"modified":"2024-07-23T07:17:14","modified_gmt":"2024-07-23T07:17:14","slug":"portaboquillas-herbicidas-con-abrazadera-articulada-y-antigota-de-membrana-y-cabezal-roscado-g-3-8","status":"publish","type":"product","link":"https:\/\/toyman.com.tr\/es\/urun\/portaboquillas-herbicidas-con-abrazadera-articulada-y-antigota-de-membrana-y-cabezal-roscado-g-3-8\/","title":{"rendered":"PORTABOQUILLAS HERBICIDAS CON ABRAZADERA ARTICULADA Y ANTIGOTA DE MEMBRANA Y CABEZAL ROSCADO G 3\/8&#8243;"},"content":{"rendered":"<table width=\"315\">\n<tbody>\n<tr>\n<td width=\"130\">EPDM<\/td>\n<td width=\"130\">VITON<sup>\u00ae<\/sup><\/td>\n<td width=\"84\">F<\/td>\n<td width=\"84\">D<\/td>\n<\/tr>\n<tr>\n<td width=\"93\"><strong>0710102207BE<\/strong><\/td>\n<td width=\"94\"><strong>0710102207BV<\/strong><\/td>\n<td width=\"64\">7 mm<\/td>\n<td width=\"64\">\u00d8 20 mm<\/td>\n<\/tr>\n<tr>\n<td width=\"93\"><strong>0710102507BE<\/strong><\/td>\n<td width=\"94\"><strong>0710102507BV<\/strong><\/td>\n<td width=\"64\">7 mm<\/td>\n<td width=\"64\">\u00d8 \u00bd\u2033<\/td>\n<\/tr>\n<tr>\n<td width=\"93\"><strong>0710102410BE<\/strong><\/td>\n<td width=\"94\"><strong>0710102410BV<\/strong><\/td>\n<td width=\"64\">10 mm<\/td>\n<td width=\"64\">\u00d8 25 mm<\/td>\n<\/tr>\n<tr>\n<td width=\"93\"><strong>0710102510BE<\/strong><\/td>\n<td width=\"94\"><strong>0710102510BV<\/strong><\/td>\n<td width=\"64\">10 mm<\/td>\n<td width=\"64\">\u00d8 \u00bd\u2033<\/td>\n<\/tr>\n<tr>\n<td width=\"93\"><strong>0710102610BE<\/strong><\/td>\n<td width=\"94\"><strong>0710102610BV<\/strong><\/td>\n<td width=\"64\">10 mm<\/td>\n<td width=\"64\">\u00d8 \u00be\u2033<\/td>\n<\/tr>\n<tr>\n<td width=\"93\"><strong>0710102710BE<\/strong><\/td>\n<td width=\"94\"><strong>0710102710BV<\/strong><\/td>\n<td width=\"64\">10 mm<\/td>\n<td width=\"64\">\u00d8 1\u2033<\/td>\n<\/tr>\n<\/tbody>\n<\/table>\n<p>&nbsp;<\/p>\n","protected":false},"excerpt":{"rendered":"<p>\u2022 Para diferentes di\u00e1metros de tubo entre \u00d8 20 mm y \u00d8 1&#8243;<br \/>\n\u2022 Disponible con membrana y juntas en EPDM (a pedido VITON\u00ae)<br \/>\n\u2022 Presi\u00f3n m\u00e1xima de trabajo 20 bar<br \/>\n\u2022 Tipo con perno y cabezal<\/p>\n","protected":false},"featured_media":13006,"comment_status":"open","ping_status":"closed","template":"","meta":{"_acf_changed":false},"product_cat":[119],"product_tag":[],"class_list":{"0":"post-17883","1":"product","2":"type-product","3":"status-publish","4":"has-post-thumbnail","6":"product_cat-boquillas-y-accesorios","8":"first","9":"instock","10":"shipping-taxable","11":"product-type-simple"},"acf":[],"_links":{"self":[{"href":"https:\/\/toyman.com.tr\/es\/wp-json\/wp\/v2\/product\/17883","targetHints":{"allow":["GET"]}}],"collection":[{"href":"https:\/\/toyman.com.tr\/es\/wp-json\/wp\/v2\/product"}],"about":[{"href":"https:\/\/toyman.com.tr\/es\/wp-json\/wp\/v2\/types\/product"}],"replies":[{"embeddable":true,"href":"https:\/\/toyman.com.tr\/es\/wp-json\/wp\/v2\/comments?post=17883"}],"version-history":[{"count":1,"href":"https:\/\/toyman.com.tr\/es\/wp-json\/wp\/v2\/product\/17883\/revisions"}],"predecessor-version":[{"id":18696,"href":"https:\/\/toyman.com.tr\/es\/wp-json\/wp\/v2\/product\/17883\/revisions\/18696"}],"wp:featuredmedia":[{"embeddable":true,"href":"https:\/\/toyman.com.tr\/es\/wp-json\/wp\/v2\/media\/13006"}],"wp:attachment":[{"href":"https:\/\/toyman.com.tr\/es\/wp-json\/wp\/v2\/media?parent=17883"}],"wp:term":[{"taxonomy":"product_cat","embeddable":true,"href":"https:\/\/toyman.com.tr\/es\/wp-json\/wp\/v2\/product_cat?post=17883"},{"taxonomy":"product_tag","embeddable":true,"href":"https:\/\/toyman.com.tr\/es\/wp-json\/wp\/v2\/product_tag?post=17883"}],"curies":[{"name":"wp","href":"https:\/\/api.w.org\/{rel}","templated":true}]}}