{"id":17887,"date":"2023-12-15T11:42:23","date_gmt":"2023-12-15T11:42:23","guid":{"rendered":"https:\/\/toyman.com.tr\/urun\/plastik-tarla-memesi-tekli-meme-somunlu-tip\/"},"modified":"2024-07-23T07:20:42","modified_gmt":"2024-07-23T07:20:42","slug":"portaboquillas-herbicidas-con-abrazadera-articulada-y-acoplamiento-rapido","status":"publish","type":"product","link":"https:\/\/toyman.com.tr\/es\/urun\/portaboquillas-herbicidas-con-abrazadera-articulada-y-acoplamiento-rapido\/","title":{"rendered":"PORTABOQUILLAS HERBICIDAS CON ABRAZADERA ARTICULADA Y ACOPLAMIENTO R\u00c1PIDO"},"content":{"rendered":"<table width=\"236\">\n<tbody>\n<tr>\n<td width=\"130\">C\u00d3DIGO<\/td>\n<td width=\"84\">F<\/td>\n<td width=\"84\">D<\/td>\n<\/tr>\n<tr>\n<td width=\"108\"><strong>0710103207B<\/strong><\/td>\n<td width=\"64\">7 mm<\/td>\n<td width=\"64\">\u00d8 20 mm<\/td>\n<\/tr>\n<tr>\n<td width=\"108\"><strong>0710103507B<\/strong><\/td>\n<td width=\"64\">7 mm<\/td>\n<td width=\"64\">\u00d8 \u00bd\u2033<\/td>\n<\/tr>\n<tr>\n<td width=\"108\"><strong>0710103410B<\/strong><\/td>\n<td width=\"64\">10 mm<\/td>\n<td width=\"64\">\u00d8 25 mm<\/td>\n<\/tr>\n<tr>\n<td width=\"108\"><strong>0710103510B<\/strong><\/td>\n<td width=\"64\">10 mm<\/td>\n<td width=\"64\">\u00d8 \u00bd\u2033<\/td>\n<\/tr>\n<tr>\n<td width=\"108\"><strong>0710103610B<\/strong><\/td>\n<td width=\"64\">10 mm<\/td>\n<td width=\"64\">\u00d8 \u00be\u2033<\/td>\n<\/tr>\n<tr>\n<td width=\"108\"><strong>0710103710B<\/strong><\/td>\n<td width=\"64\">10 mm<\/td>\n<td width=\"64\">\u00d8 1\u2033<\/td>\n<\/tr>\n<\/tbody>\n<\/table>\n","protected":false},"excerpt":{"rendered":"<p>\u2022 Para diferentes di\u00e1metros de tubo entre \u00d8 20 mm y \u00d8 1&#8243;<br \/>\n\u2022 Disponible con membrana y juntas en EPDM (a pedido VITON\u00ae)<br \/>\n\u2022 Presi\u00f3n m\u00e1xima de trabajo 20 bar<br \/>\n\u2022 Tipo con perno y cabezal<\/p>\n","protected":false},"featured_media":13010,"comment_status":"open","ping_status":"closed","template":"","meta":{"_acf_changed":false},"product_cat":[119],"product_tag":[],"class_list":{"0":"post-17887","1":"product","2":"type-product","3":"status-publish","4":"has-post-thumbnail","6":"product_cat-boquillas-y-accesorios","8":"first","9":"instock","10":"shipping-taxable","11":"product-type-simple"},"acf":[],"_links":{"self":[{"href":"https:\/\/toyman.com.tr\/es\/wp-json\/wp\/v2\/product\/17887","targetHints":{"allow":["GET"]}}],"collection":[{"href":"https:\/\/toyman.com.tr\/es\/wp-json\/wp\/v2\/product"}],"about":[{"href":"https:\/\/toyman.com.tr\/es\/wp-json\/wp\/v2\/types\/product"}],"replies":[{"embeddable":true,"href":"https:\/\/toyman.com.tr\/es\/wp-json\/wp\/v2\/comments?post=17887"}],"version-history":[{"count":2,"href":"https:\/\/toyman.com.tr\/es\/wp-json\/wp\/v2\/product\/17887\/revisions"}],"predecessor-version":[{"id":19794,"href":"https:\/\/toyman.com.tr\/es\/wp-json\/wp\/v2\/product\/17887\/revisions\/19794"}],"wp:featuredmedia":[{"embeddable":true,"href":"https:\/\/toyman.com.tr\/es\/wp-json\/wp\/v2\/media\/13010"}],"wp:attachment":[{"href":"https:\/\/toyman.com.tr\/es\/wp-json\/wp\/v2\/media?parent=17887"}],"wp:term":[{"taxonomy":"product_cat","embeddable":true,"href":"https:\/\/toyman.com.tr\/es\/wp-json\/wp\/v2\/product_cat?post=17887"},{"taxonomy":"product_tag","embeddable":true,"href":"https:\/\/toyman.com.tr\/es\/wp-json\/wp\/v2\/product_tag?post=17887"}],"curies":[{"name":"wp","href":"https:\/\/api.w.org\/{rel}","templated":true}]}}