{"id":17909,"date":"2023-12-18T08:14:01","date_gmt":"2023-12-18T08:14:01","guid":{"rendered":"https:\/\/toyman.com.tr\/urun\/basinc-saati-alttan-baglanti-krom-govde\/"},"modified":"2024-07-17T11:55:36","modified_gmt":"2024-07-17T11:55:36","slug":"manometro-de-glicerina","status":"publish","type":"product","link":"https:\/\/toyman.com.tr\/es\/urun\/manometro-de-glicerina\/","title":{"rendered":"MAN\u00d3METRO <br>(De Glicerina)"},"content":{"rendered":"<table width=\"346\">\n<tbody>\n<tr>\n<td width=\"64\">C\u00d3DIGO<\/td>\n<td width=\"150\">Rango de Escala<\/td>\n<td width=\"64\">Clase<\/td>\n<td width=\"150\">Dimensi\u00f3n (mm)<\/td>\n<td width=\"200\">Tama\u00f1o de Conexi\u00f3n<\/td>\n<\/tr>\n<tr>\n<td><strong>1012632525<\/strong><\/td>\n<td width=\"87\">0\u00f725<\/td>\n<td rowspan=\"4\" width=\"64\">Cl. 2.5<\/td>\n<td rowspan=\"4\">63<\/td>\n<td rowspan=\"4\" width=\"67\">G 1\/4&#8243;<\/td>\n<\/tr>\n<tr>\n<td><strong>1012632560<\/strong><\/td>\n<td width=\"87\">0\u00f760<\/td>\n<\/tr>\n<tr>\n<td><strong>1012632580<\/strong><\/td>\n<td width=\"87\">0\u00f780<\/td>\n<\/tr>\n<tr>\n<td><strong>10126325100<\/strong><\/td>\n<td width=\"87\">0\u00f7100<\/td>\n<\/tr>\n<\/tbody>\n<\/table>\n","protected":false},"excerpt":{"rendered":"<p>C\u00d3DIGO Rango de Escala Clase Dimensi\u00f3n (mm) Tama\u00f1o de Conexi\u00f3n 1012632525 0\u00f725 Cl. 2.5 63 G 1\/4&#8243; 1012632560 0\u00f760 1012632580 0\u00f780 10126325100 0\u00f7100<\/p>\n","protected":false},"featured_media":24735,"comment_status":"open","ping_status":"closed","template":"","meta":{"_acf_changed":false},"product_cat":[122],"product_tag":[],"class_list":{"0":"post-17909","1":"product","2":"type-product","3":"status-publish","4":"has-post-thumbnail","6":"product_cat-bombas-y-reguladores-de-presion","8":"first","9":"instock","10":"shipping-taxable","11":"product-type-simple"},"acf":[],"_links":{"self":[{"href":"https:\/\/toyman.com.tr\/es\/wp-json\/wp\/v2\/product\/17909","targetHints":{"allow":["GET"]}}],"collection":[{"href":"https:\/\/toyman.com.tr\/es\/wp-json\/wp\/v2\/product"}],"about":[{"href":"https:\/\/toyman.com.tr\/es\/wp-json\/wp\/v2\/types\/product"}],"replies":[{"embeddable":true,"href":"https:\/\/toyman.com.tr\/es\/wp-json\/wp\/v2\/comments?post=17909"}],"version-history":[{"count":1,"href":"https:\/\/toyman.com.tr\/es\/wp-json\/wp\/v2\/product\/17909\/revisions"}],"predecessor-version":[{"id":19501,"href":"https:\/\/toyman.com.tr\/es\/wp-json\/wp\/v2\/product\/17909\/revisions\/19501"}],"wp:featuredmedia":[{"embeddable":true,"href":"https:\/\/toyman.com.tr\/es\/wp-json\/wp\/v2\/media\/24735"}],"wp:attachment":[{"href":"https:\/\/toyman.com.tr\/es\/wp-json\/wp\/v2\/media?parent=17909"}],"wp:term":[{"taxonomy":"product_cat","embeddable":true,"href":"https:\/\/toyman.com.tr\/es\/wp-json\/wp\/v2\/product_cat?post=17909"},{"taxonomy":"product_tag","embeddable":true,"href":"https:\/\/toyman.com.tr\/es\/wp-json\/wp\/v2\/product_tag?post=17909"}],"curies":[{"name":"wp","href":"https:\/\/api.w.org\/{rel}","templated":true}]}}