{"id":18239,"date":"2023-08-07T12:07:09","date_gmt":"2023-08-07T12:07:09","guid":{"rendered":"https:\/\/toyman.com.tr\/urun\/pasolu-kapak-smyrna-serisi-6\/"},"modified":"2024-06-28T14:26:06","modified_gmt":"2024-06-28T14:26:06","slug":"tapa-roscada-%e2%80%b3serie-esmirna%e2%80%b3-7","status":"publish","type":"product","link":"https:\/\/toyman.com.tr\/es\/urun\/tapa-roscada-%e2%80%b3serie-esmirna%e2%80%b3-7\/","title":{"rendered":"TAPA ROSCADA <br>\u2033SERIE ESMIRNA\u2033"},"content":{"rendered":"<table dir=\"ltr\" border=\"1\" cellspacing=\"0\" cellpadding=\"0\">\n<colgroup>\n<col width=\"100\" \/>\n<col width=\"200\" \/>\n<col width=\"60\" \/>\n<col width=\"60\" \/>\n<col width=\"60\" \/>\n<col width=\"120\" \/>\n<col width=\"120\" \/>\n<col width=\"120\" \/><\/colgroup>\n<tbody>\n<tr>\n<td><\/td>\n<td data-sheets-value=\"{&quot;1&quot;:2,&quot;2&quot;:&quot;KAPAK TAKIM (Kapak + \u00c7ember + \u00c7ember Alt Contas\u0131)&quot;}\">KIT TAPA + ARO<\/td>\n<td data-sheets-value=\"{&quot;1&quot;:2,&quot;2&quot;:&quot;A&quot;}\">A<\/td>\n<td data-sheets-value=\"{&quot;1&quot;:2,&quot;2&quot;:&quot;B&quot;}\">B<\/td>\n<td data-sheets-value=\"{&quot;1&quot;:2,&quot;2&quot;:&quot;C&quot;}\">C<\/td>\n<td data-sheets-value=\"{&quot;1&quot;:2,&quot;2&quot;:&quot;Kapak&quot;}\">Tapa<\/td>\n<td data-sheets-value=\"{&quot;1&quot;:2,&quot;2&quot;:&quot;\u00c7ember&quot;}\">Aro<\/td>\n<td data-sheets-value=\"{&quot;1&quot;:2,&quot;2&quot;:&quot;\u00c7ember Alt Contas\u0131&quot;}\">Junta<\/td>\n<\/tr>\n<tr>\n<td colspan=\"1\" rowspan=\"2\">\n<div><img decoding=\"async\" class=\"alignnone size-full wp-image-6700\" src=\"https:\/\/toyman.com.tr\/wp-content\/uploads\/2023\/07\/U\u0308stten-Perc\u0327inli.jpg\" alt=\"\" width=\"236\" height=\"177\" \/><\/div>\n<div><strong>Para superficies planas<\/strong><\/div>\n<\/td>\n<td data-sheets-value=\"{&quot;1&quot;:3,&quot;3&quot;:500035512}\"><strong>0500035512<\/strong><\/td>\n<td data-sheets-value=\"{&quot;1&quot;:3,&quot;3&quot;:355}\">355<\/td>\n<td data-sheets-value=\"{&quot;1&quot;:3,&quot;3&quot;:313}\">313<\/td>\n<td data-sheets-value=\"{&quot;1&quot;:3,&quot;3&quot;:31}\">31<\/td>\n<td data-sheets-value=\"{&quot;1&quot;:3,&quot;3&quot;:500035503}\">0500035503<\/td>\n<td data-sheets-value=\"{&quot;1&quot;:3,&quot;3&quot;:500035504}\">0500035504<\/td>\n<td data-sheets-value=\"{&quot;1&quot;:2,&quot;2&quot;:&quot;C10355&quot;}\">C10355<\/td>\n<\/tr>\n<tr>\n<td data-sheets-value=\"{&quot;1&quot;:3,&quot;3&quot;:500045512}\"><strong>0500045512<\/strong><\/td>\n<td data-sheets-value=\"{&quot;1&quot;:3,&quot;3&quot;:455}\">455<\/td>\n<td data-sheets-value=\"{&quot;1&quot;:3,&quot;3&quot;:410}\">410<\/td>\n<td data-sheets-value=\"{&quot;1&quot;:3,&quot;3&quot;:25}\">25<\/td>\n<td data-sheets-value=\"{&quot;1&quot;:3,&quot;3&quot;:500045503}\">0500045503<\/td>\n<td data-sheets-value=\"{&quot;1&quot;:3,&quot;3&quot;:500045504}\">0500045504<\/td>\n<td data-sheets-value=\"{&quot;1&quot;:2,&quot;2&quot;:&quot;C10455&quot;}\">C10455<\/td>\n<\/tr>\n<\/tbody>\n<\/table>\n<p>&nbsp;<\/p>\n","protected":false},"excerpt":{"rendered":"<p>\u2022 V\u00e1lvula de doble respiradero<br \/>\n\u2022 Junta incluida<br \/>\n\u2022 Para superficies planas<\/p>\n","protected":false},"featured_media":11210,"comment_status":"open","ping_status":"closed","template":"","meta":{"_acf_changed":false},"product_cat":[116],"product_tag":[],"class_list":{"0":"post-18239","1":"product","2":"type-product","3":"status-publish","4":"has-post-thumbnail","6":"product_cat-tapas-y-accesorios","8":"first","9":"instock","10":"shipping-taxable","11":"product-type-simple"},"acf":[],"_links":{"self":[{"href":"https:\/\/toyman.com.tr\/es\/wp-json\/wp\/v2\/product\/18239","targetHints":{"allow":["GET"]}}],"collection":[{"href":"https:\/\/toyman.com.tr\/es\/wp-json\/wp\/v2\/product"}],"about":[{"href":"https:\/\/toyman.com.tr\/es\/wp-json\/wp\/v2\/types\/product"}],"replies":[{"embeddable":true,"href":"https:\/\/toyman.com.tr\/es\/wp-json\/wp\/v2\/comments?post=18239"}],"version-history":[{"count":1,"href":"https:\/\/toyman.com.tr\/es\/wp-json\/wp\/v2\/product\/18239\/revisions"}],"predecessor-version":[{"id":18244,"href":"https:\/\/toyman.com.tr\/es\/wp-json\/wp\/v2\/product\/18239\/revisions\/18244"}],"wp:featuredmedia":[{"embeddable":true,"href":"https:\/\/toyman.com.tr\/es\/wp-json\/wp\/v2\/media\/11210"}],"wp:attachment":[{"href":"https:\/\/toyman.com.tr\/es\/wp-json\/wp\/v2\/media?parent=18239"}],"wp:term":[{"taxonomy":"product_cat","embeddable":true,"href":"https:\/\/toyman.com.tr\/es\/wp-json\/wp\/v2\/product_cat?post=18239"},{"taxonomy":"product_tag","embeddable":true,"href":"https:\/\/toyman.com.tr\/es\/wp-json\/wp\/v2\/product_tag?post=18239"}],"curies":[{"name":"wp","href":"https:\/\/api.w.org\/{rel}","templated":true}]}}