{"id":18248,"date":"2023-08-08T07:44:01","date_gmt":"2023-08-08T07:44:01","guid":{"rendered":"https:\/\/toyman.com.tr\/urun\/kapak-smyrna-serisi-o140-2\/"},"modified":"2024-06-28T08:52:18","modified_gmt":"2024-06-28T08:52:18","slug":"tapa-de-bayoneta-%e2%80%b3serie-esmirna%e2%80%b3-o140-2","status":"publish","type":"product","link":"https:\/\/toyman.com.tr\/es\/urun\/tapa-de-bayoneta-%e2%80%b3serie-esmirna%e2%80%b3-o140-2\/","title":{"rendered":"TAPA DE BAYONETA <br>\u2033SERIE ESMIRNA\u2033 \u00d8140"},"content":{"rendered":"<table dir=\"ltr\" border=\"1\" cellspacing=\"0\" cellpadding=\"0\">\n<colgroup>\n<col width=\"100\" \/>\n<col width=\"302\" \/>\n<col width=\"100\" \/><\/colgroup>\n<tbody>\n<tr>\n<td><\/td>\n<td><\/td>\n<td data-sheets-value=\"{&quot;1&quot;:2,&quot;2&quot;:&quot;KOD&quot;}\">C\u00d3DIGO<\/td>\n<\/tr>\n<tr>\n<td><img decoding=\"async\" class=\"alignnone wp-image-6799\" src=\"https:\/\/toyman.com.tr\/wp-content\/uploads\/2023\/08\/0500014010.jpg\" alt=\"\" width=\"233\" height=\"175\" \/><\/td>\n<td data-sheets-value=\"{&quot;1&quot;:2,&quot;2&quot;:&quot;Kapak &quot;Smyrna Serisi&quot; (\u00c7emberli)&quot;}\"><strong>Tapa de bayoneta (Con Aro)<\/strong><\/td>\n<td data-sheets-value=\"{&quot;1&quot;:3,&quot;3&quot;:500014011}\"><strong>0500014010<\/strong><\/td>\n<\/tr>\n<tr>\n<td><img decoding=\"async\" class=\"alignnone wp-image-6801\" src=\"https:\/\/toyman.com.tr\/wp-content\/uploads\/2023\/08\/0500014001.jpg\" alt=\"\" width=\"233\" height=\"175\" \/><\/td>\n<td data-sheets-value=\"{&quot;1&quot;:2,&quot;2&quot;:&quot;Kapak Kapa\u011f\u0131 &quot;Smyrna Serisi&quot; (\u00c7embersiz)&quot;}\"><strong>Tapa de bayoneta (Sin Aro)<\/strong><\/td>\n<td data-sheets-value=\"{&quot;1&quot;:3,&quot;3&quot;:500014003}\"><strong>0500014001<\/strong><\/td>\n<\/tr>\n<tr>\n<td><img decoding=\"async\" class=\"alignnone wp-image-6802\" src=\"https:\/\/toyman.com.tr\/wp-content\/uploads\/2023\/08\/0500014002.jpg\" alt=\"\" width=\"233\" height=\"175\" \/><\/td>\n<td data-sheets-value=\"{&quot;1&quot;:2,&quot;2&quot;:&quot;\u00c7ember &quot;Smyrna Serisi&quot;&quot;}\"><strong>Aro<\/strong><\/td>\n<td data-sheets-value=\"{&quot;1&quot;:3,&quot;3&quot;:500014002}\"><strong>0500014002<\/strong><\/td>\n<\/tr>\n<\/tbody>\n<\/table>\n","protected":false},"excerpt":{"rendered":"<ul>\n<li>V\u00e1lvula de laberinto<\/li>\n<\/ul>\n","protected":false},"featured_media":11214,"comment_status":"open","ping_status":"closed","template":"","meta":{"_acf_changed":false},"product_cat":[116],"product_tag":[],"class_list":{"0":"post-18248","1":"product","2":"type-product","3":"status-publish","4":"has-post-thumbnail","6":"product_cat-tapas-y-accesorios","8":"first","9":"instock","10":"shipping-taxable","11":"product-type-simple"},"acf":[],"_links":{"self":[{"href":"https:\/\/toyman.com.tr\/es\/wp-json\/wp\/v2\/product\/18248","targetHints":{"allow":["GET"]}}],"collection":[{"href":"https:\/\/toyman.com.tr\/es\/wp-json\/wp\/v2\/product"}],"about":[{"href":"https:\/\/toyman.com.tr\/es\/wp-json\/wp\/v2\/types\/product"}],"replies":[{"embeddable":true,"href":"https:\/\/toyman.com.tr\/es\/wp-json\/wp\/v2\/comments?post=18248"}],"version-history":[{"count":1,"href":"https:\/\/toyman.com.tr\/es\/wp-json\/wp\/v2\/product\/18248\/revisions"}],"predecessor-version":[{"id":18254,"href":"https:\/\/toyman.com.tr\/es\/wp-json\/wp\/v2\/product\/18248\/revisions\/18254"}],"wp:featuredmedia":[{"embeddable":true,"href":"https:\/\/toyman.com.tr\/es\/wp-json\/wp\/v2\/media\/11214"}],"wp:attachment":[{"href":"https:\/\/toyman.com.tr\/es\/wp-json\/wp\/v2\/media?parent=18248"}],"wp:term":[{"taxonomy":"product_cat","embeddable":true,"href":"https:\/\/toyman.com.tr\/es\/wp-json\/wp\/v2\/product_cat?post=18248"},{"taxonomy":"product_tag","embeddable":true,"href":"https:\/\/toyman.com.tr\/es\/wp-json\/wp\/v2\/product_tag?post=18248"}],"curies":[{"name":"wp","href":"https:\/\/api.w.org\/{rel}","templated":true}]}}