{"id":18263,"date":"2023-08-08T11:19:50","date_gmt":"2023-08-08T11:19:50","guid":{"rendered":"https:\/\/toyman.com.tr\/urun\/400-lt-pasolu-kapak\/"},"modified":"2024-05-29T06:59:39","modified_gmt":"2024-05-29T06:59:39","slug":"tapa-roscada-2","status":"publish","type":"product","link":"https:\/\/toyman.com.tr\/es\/urun\/tapa-roscada-2\/","title":{"rendered":"TAPA ROSCADA"},"content":{"rendered":"<table dir=\"ltr\" border=\"1\" cellspacing=\"0\" cellpadding=\"0\">\n<colgroup>\n<col width=\"100\" \/>\n<col width=\"246\" \/>\n<col width=\"36\" \/>\n<col width=\"100\" \/>\n<col width=\"128\" \/>\n<col width=\"150\" \/><\/colgroup>\n<tbody>\n<tr>\n<td><\/td>\n<td><\/td>\n<td><\/td>\n<td data-sheets-value=\"{&quot;1&quot;:2,&quot;2&quot;:&quot;K\u0131rm\u0131z\u0131&quot;}\">Rojo<\/td>\n<td data-sheets-value=\"{&quot;1&quot;:2,&quot;2&quot;:&quot;Sar\u0131&quot;}\">Amarillo<\/td>\n<td data-sheets-value=\"{&quot;1&quot;:2,&quot;2&quot;:&quot;Mavi&quot;}\">Azul<\/td>\n<\/tr>\n<tr>\n<td><img decoding=\"async\" class=\"alignnone wp-image-6820\" src=\"https:\/\/toyman.com.tr\/wp-content\/uploads\/2023\/08\/05001300.jpg\" alt=\"\" width=\"178\" height=\"134\" \/><\/td>\n<td data-sheets-value=\"{&quot;1&quot;:2,&quot;2&quot;:&quot;400 lt Pasolu Kapak (Elekli)&quot;}\"><strong>Tapa roscada (Con filtro de cesta)<\/strong><\/td>\n<td><img decoding=\"async\" class=\"alignnone wp-image-6794\" src=\"https:\/\/toyman.com.tr\/wp-content\/uploads\/2023\/08\/A.jpg\" alt=\"\" width=\"40\" height=\"40\" \/><\/td>\n<td data-sheets-value=\"{&quot;1&quot;:3,&quot;3&quot;:5001300}\"><strong>05001300<\/strong><\/td>\n<td data-sheets-value=\"{&quot;1&quot;:2,&quot;2&quot;:&quot;05001300S&quot;}\"><strong>05001300S<\/strong><\/td>\n<td data-sheets-value=\"{&quot;1&quot;:2,&quot;2&quot;:&quot;05001300M&quot;}\"><strong>05001300M<\/strong><\/td>\n<\/tr>\n<tr>\n<td><img decoding=\"async\" class=\"alignnone wp-image-6821\" src=\"https:\/\/toyman.com.tr\/wp-content\/uploads\/2023\/08\/05001304.jpg\" alt=\"\" width=\"178\" height=\"134\" \/><\/td>\n<td data-sheets-value=\"{&quot;1&quot;:2,&quot;2&quot;:&quot;400 lt Pasolu Kapak (Eleksiz)&quot;}\"><strong>Tapa roscada (Sin filtro de cesta)<\/strong><\/td>\n<td><img loading=\"lazy\" decoding=\"async\" class=\"alignnone wp-image-6794\" src=\"https:\/\/toyman.com.tr\/wp-content\/uploads\/2023\/08\/A.jpg\" alt=\"\" width=\"39\" height=\"39\" \/><\/td>\n<td data-sheets-value=\"{&quot;1&quot;:3,&quot;3&quot;:5001304}\"><strong>05001304<\/strong><\/td>\n<td data-sheets-value=\"{&quot;1&quot;:2,&quot;2&quot;:&quot;05001304S&quot;}\"><strong>05001304S<\/strong><\/td>\n<td data-sheets-value=\"{&quot;1&quot;:2,&quot;2&quot;:&quot;05001304M&quot;}\"><strong>05001304M<\/strong><\/td>\n<\/tr>\n<tr>\n<td><img loading=\"lazy\" decoding=\"async\" class=\"alignnone wp-image-6822\" src=\"https:\/\/toyman.com.tr\/wp-content\/uploads\/2023\/08\/05001305.jpg\" alt=\"\" width=\"178\" height=\"134\" \/><\/td>\n<td data-sheets-value=\"{&quot;1&quot;:2,&quot;2&quot;:&quot;400 lt Pasolu Kapak (Eleksiz-\u00c7embersiz)&quot;}\"><strong>Tapa roscada (Sin filtro de cesta &#8211; Sin aro)<\/strong><\/td>\n<td><img decoding=\"async\" class=\"alignnone wp-image-6794\" src=\"https:\/\/toyman.com.tr\/wp-content\/uploads\/2023\/08\/A.jpg\" alt=\"\" width=\"40\" height=\"40\" \/><\/td>\n<td data-sheets-value=\"{&quot;1&quot;:3,&quot;3&quot;:5001305}\"><strong>05001305<\/strong><\/td>\n<td data-sheets-value=\"{&quot;1&quot;:2,&quot;2&quot;:&quot;05001305S&quot;}\"><strong>05001305S<\/strong><\/td>\n<td data-sheets-value=\"{&quot;1&quot;:2,&quot;2&quot;:&quot;05001305M&quot;}\"><strong>05001305M<\/strong><\/td>\n<\/tr>\n<\/tbody>\n<\/table>\n<p>&nbsp;<\/p>\n","protected":false},"excerpt":{"rendered":"<p>\u2022 Para tanque 100lt &#8211; 200lt &#8211; 400lt &#8211; 600lt<br \/>\n\u2022 Aro para superficies planas<br \/>\n\u2022 V\u00e1lvula con flotante<\/p>\n","protected":false},"featured_media":11276,"comment_status":"open","ping_status":"closed","template":"","meta":{"_acf_changed":false},"product_cat":[137,116],"product_tag":[],"class_list":{"0":"post-18263","1":"product","2":"type-product","3":"status-publish","4":"has-post-thumbnail","6":"product_cat-genel-es","7":"product_cat-tapas-y-accesorios","9":"first","10":"instock","11":"shipping-taxable","12":"product-type-simple"},"acf":[],"_links":{"self":[{"href":"https:\/\/toyman.com.tr\/es\/wp-json\/wp\/v2\/product\/18263","targetHints":{"allow":["GET"]}}],"collection":[{"href":"https:\/\/toyman.com.tr\/es\/wp-json\/wp\/v2\/product"}],"about":[{"href":"https:\/\/toyman.com.tr\/es\/wp-json\/wp\/v2\/types\/product"}],"replies":[{"embeddable":true,"href":"https:\/\/toyman.com.tr\/es\/wp-json\/wp\/v2\/comments?post=18263"}],"version-history":[{"count":1,"href":"https:\/\/toyman.com.tr\/es\/wp-json\/wp\/v2\/product\/18263\/revisions"}],"predecessor-version":[{"id":18265,"href":"https:\/\/toyman.com.tr\/es\/wp-json\/wp\/v2\/product\/18263\/revisions\/18265"}],"wp:featuredmedia":[{"embeddable":true,"href":"https:\/\/toyman.com.tr\/es\/wp-json\/wp\/v2\/media\/11276"}],"wp:attachment":[{"href":"https:\/\/toyman.com.tr\/es\/wp-json\/wp\/v2\/media?parent=18263"}],"wp:term":[{"taxonomy":"product_cat","embeddable":true,"href":"https:\/\/toyman.com.tr\/es\/wp-json\/wp\/v2\/product_cat?post=18263"},{"taxonomy":"product_tag","embeddable":true,"href":"https:\/\/toyman.com.tr\/es\/wp-json\/wp\/v2\/product_tag?post=18263"}],"curies":[{"name":"wp","href":"https:\/\/api.w.org\/{rel}","templated":true}]}}