{"id":18266,"date":"2023-08-08T11:33:42","date_gmt":"2023-08-08T11:33:42","guid":{"rendered":"https:\/\/toyman.com.tr\/urun\/tonluk-pasolu-kapak\/"},"modified":"2024-05-29T10:56:04","modified_gmt":"2024-05-29T10:56:04","slug":"tapa-roscada-3","status":"publish","type":"product","link":"https:\/\/toyman.com.tr\/es\/urun\/tapa-roscada-3\/","title":{"rendered":"TAPA ROSCADA"},"content":{"rendered":"<table dir=\"ltr\" border=\"1\" cellspacing=\"0\" cellpadding=\"0\">\n<colgroup>\n<col width=\"100\" \/>\n<col width=\"263\" \/>\n<col width=\"46\" \/>\n<col width=\"100\" \/>\n<col width=\"100\" \/>\n<col width=\"100\" \/><\/colgroup>\n<tbody>\n<tr>\n<td><\/td>\n<td><\/td>\n<td><\/td>\n<td data-sheets-value=\"{&quot;1&quot;:2,&quot;2&quot;:&quot;K\u0131rm\u0131z\u0131&quot;}\">Rojo<\/td>\n<td data-sheets-value=\"{&quot;1&quot;:2,&quot;2&quot;:&quot;Sar\u0131&quot;}\">Amarillo<\/td>\n<td data-sheets-value=\"{&quot;1&quot;:2,&quot;2&quot;:&quot;Mavi&quot;}\">Azul<\/td>\n<\/tr>\n<tr>\n<td colspan=\"1\" rowspan=\"2\">\n<div><img decoding=\"async\" class=\"alignnone size-full wp-image-6832\" src=\"https:\/\/toyman.com.tr\/wp-content\/uploads\/2023\/08\/05001150.jpg\" alt=\"\" width=\"236\" height=\"177\" \/><\/div>\n<\/td>\n<td colspan=\"1\" rowspan=\"2\" data-sheets-value=\"{&quot;1&quot;:2,&quot;2&quot;:&quot;Tonluk Pasolu Kapak (Elekli)&quot;}\">\n<div><strong>Tapa roscada (Con filtro de cesta)<\/strong><\/div>\n<\/td>\n<td><img decoding=\"async\" class=\"alignnone wp-image-6794\" src=\"https:\/\/toyman.com.tr\/wp-content\/uploads\/2023\/08\/A-e1691496148477.jpg\" alt=\"\" width=\"30\" height=\"30\" \/><\/td>\n<td data-sheets-value=\"{&quot;1&quot;:3,&quot;3&quot;:5001150}\"><strong>05001150<\/strong><\/td>\n<td data-sheets-value=\"{&quot;1&quot;:2,&quot;2&quot;:&quot;05001150S&quot;}\"><strong>05001150S<\/strong><\/td>\n<td data-sheets-value=\"{&quot;1&quot;:2,&quot;2&quot;:&quot;05001150M&quot;}\"><strong>05001150M<\/strong><\/td>\n<\/tr>\n<tr>\n<td><img decoding=\"async\" class=\"alignnone size-full wp-image-6795\" src=\"https:\/\/toyman.com.tr\/wp-content\/uploads\/2023\/08\/B-e1691496173288.jpg\" alt=\"\" width=\"30\" height=\"30\" \/><\/td>\n<td data-sheets-value=\"{&quot;1&quot;:3,&quot;3&quot;:5001160}\"><strong>05001160<\/strong><\/td>\n<td data-sheets-value=\"{&quot;1&quot;:2,&quot;2&quot;:&quot;05001160S&quot;}\"><strong>05001160S<\/strong><\/td>\n<td data-sheets-value=\"{&quot;1&quot;:2,&quot;2&quot;:&quot;05001160M&quot;}\"><strong>05001160M<\/strong><\/td>\n<\/tr>\n<tr>\n<td colspan=\"1\" rowspan=\"2\">\n<div><img loading=\"lazy\" decoding=\"async\" class=\"alignnone size-full wp-image-6833\" src=\"https:\/\/toyman.com.tr\/wp-content\/uploads\/2023\/08\/05001154.jpg\" alt=\"\" width=\"236\" height=\"177\" \/><\/div>\n<\/td>\n<td colspan=\"1\" rowspan=\"2\" data-sheets-value=\"{&quot;1&quot;:2,&quot;2&quot;:&quot;Tonluk Pasolu Kapak (Eleksiz)&quot;}\">\n<div><strong>Tapa roscada (Sin filtro de cesta)<\/strong><\/div>\n<\/td>\n<td><img loading=\"lazy\" decoding=\"async\" class=\"alignnone wp-image-6794\" src=\"https:\/\/toyman.com.tr\/wp-content\/uploads\/2023\/08\/A-e1691496148477.jpg\" alt=\"\" width=\"35\" height=\"35\" \/><\/td>\n<td data-sheets-value=\"{&quot;1&quot;:3,&quot;3&quot;:5001154}\"><strong>05001154<\/strong><\/td>\n<td data-sheets-value=\"{&quot;1&quot;:2,&quot;2&quot;:&quot;05001154S&quot;}\"><strong>05001154S<\/strong><\/td>\n<td data-sheets-value=\"{&quot;1&quot;:2,&quot;2&quot;:&quot;05001154M&quot;}\"><strong>05001154M<\/strong><\/td>\n<\/tr>\n<tr>\n<td><img loading=\"lazy\" decoding=\"async\" class=\"alignnone wp-image-6795\" src=\"https:\/\/toyman.com.tr\/wp-content\/uploads\/2023\/08\/B-e1691496173288.jpg\" alt=\"\" width=\"35\" height=\"35\" \/><\/td>\n<td data-sheets-value=\"{&quot;1&quot;:3,&quot;3&quot;:5001164}\"><strong>05001164<\/strong><\/td>\n<td data-sheets-value=\"{&quot;1&quot;:2,&quot;2&quot;:&quot;05001164S&quot;}\"><strong>05001164S<\/strong><\/td>\n<td data-sheets-value=\"{&quot;1&quot;:2,&quot;2&quot;:&quot;05001164M&quot;}\"><strong>05001164M<\/strong><\/td>\n<\/tr>\n<tr>\n<td colspan=\"1\" rowspan=\"2\">\n<div><img loading=\"lazy\" decoding=\"async\" class=\"alignnone size-full wp-image-6831\" src=\"https:\/\/toyman.com.tr\/wp-content\/uploads\/2023\/08\/05001156.jpg\" alt=\"\" width=\"236\" height=\"177\" \/><\/div>\n<\/td>\n<td colspan=\"1\" rowspan=\"2\" data-sheets-value=\"{&quot;1&quot;:2,&quot;2&quot;:&quot;Tonluk Pasolu Kapak (Eleksiz - \u00c7embersiz)&quot;}\">\n<div><strong>Tapa roscada (Sin filtro de cesta &#8211; Sin aro)<\/strong><\/div>\n<\/td>\n<td><img loading=\"lazy\" decoding=\"async\" class=\"alignnone wp-image-6794\" src=\"https:\/\/toyman.com.tr\/wp-content\/uploads\/2023\/08\/A-e1691496148477.jpg\" alt=\"\" width=\"35\" height=\"35\" \/><\/td>\n<td colspan=\"1\" rowspan=\"2\" data-sheets-value=\"{&quot;1&quot;:3,&quot;3&quot;:5001156}\">\n<div><strong style=\"font-size: 16px;\">05001156<\/strong><\/div>\n<\/td>\n<td colspan=\"1\" rowspan=\"2\" data-sheets-value=\"{&quot;1&quot;:2,&quot;2&quot;:&quot;05001156S&quot;}\">\n<div><strong style=\"font-size: 16px;\">05001156S<\/strong><\/div>\n<\/td>\n<td colspan=\"1\" rowspan=\"2\" data-sheets-value=\"{&quot;1&quot;:2,&quot;2&quot;:&quot;05001156M&quot;}\">\n<div><strong style=\"font-size: 16px;\">05001156M<\/strong><\/div>\n<\/td>\n<\/tr>\n<tr>\n<td><img loading=\"lazy\" decoding=\"async\" class=\"alignnone wp-image-6795\" src=\"https:\/\/toyman.com.tr\/wp-content\/uploads\/2023\/08\/B-e1691496173288.jpg\" alt=\"\" width=\"35\" height=\"35\" \/><\/td>\n<\/tr>\n<\/tbody>\n<\/table>\n","protected":false},"excerpt":{"rendered":"<p>\u2022 Para tanque 800lt &#8211; 1000lt &#8211; 1200lt &#8211; 1500lt &#8211; 1600lt &#8211; 2000lt<br \/>\n\u2022 Aro para superficies planas y fijaci\u00f3n lateral<br \/>\n\u2022 V\u00e1lvula con flotante<\/p>\n","protected":false},"featured_media":11292,"comment_status":"open","ping_status":"closed","template":"","meta":{"_acf_changed":false},"product_cat":[137,116],"product_tag":[],"class_list":{"0":"post-18266","1":"product","2":"type-product","3":"status-publish","4":"has-post-thumbnail","6":"product_cat-genel-es","7":"product_cat-tapas-y-accesorios","9":"first","10":"instock","11":"shipping-taxable","12":"product-type-simple"},"acf":[],"_links":{"self":[{"href":"https:\/\/toyman.com.tr\/es\/wp-json\/wp\/v2\/product\/18266","targetHints":{"allow":["GET"]}}],"collection":[{"href":"https:\/\/toyman.com.tr\/es\/wp-json\/wp\/v2\/product"}],"about":[{"href":"https:\/\/toyman.com.tr\/es\/wp-json\/wp\/v2\/types\/product"}],"replies":[{"embeddable":true,"href":"https:\/\/toyman.com.tr\/es\/wp-json\/wp\/v2\/comments?post=18266"}],"version-history":[{"count":1,"href":"https:\/\/toyman.com.tr\/es\/wp-json\/wp\/v2\/product\/18266\/revisions"}],"predecessor-version":[{"id":18268,"href":"https:\/\/toyman.com.tr\/es\/wp-json\/wp\/v2\/product\/18266\/revisions\/18268"}],"wp:featuredmedia":[{"embeddable":true,"href":"https:\/\/toyman.com.tr\/es\/wp-json\/wp\/v2\/media\/11292"}],"wp:attachment":[{"href":"https:\/\/toyman.com.tr\/es\/wp-json\/wp\/v2\/media?parent=18266"}],"wp:term":[{"taxonomy":"product_cat","embeddable":true,"href":"https:\/\/toyman.com.tr\/es\/wp-json\/wp\/v2\/product_cat?post=18266"},{"taxonomy":"product_tag","embeddable":true,"href":"https:\/\/toyman.com.tr\/es\/wp-json\/wp\/v2\/product_tag?post=18266"}],"curies":[{"name":"wp","href":"https:\/\/api.w.org\/{rel}","templated":true}]}}