{"id":18271,"date":"2023-08-08T12:52:58","date_gmt":"2023-08-08T12:52:58","guid":{"rendered":"https:\/\/toyman.com.tr\/urun\/tonluk-menteseli-kapak\/"},"modified":"2024-07-01T07:20:53","modified_gmt":"2024-07-01T07:20:53","slug":"tapa-repatible-con-bloqueo-2","status":"publish","type":"product","link":"https:\/\/toyman.com.tr\/es\/urun\/tapa-repatible-con-bloqueo-2\/","title":{"rendered":"TAPA REPATIBLE <br>CON BLOQUEO"},"content":{"rendered":"<table dir=\"ltr\" border=\"1\" cellspacing=\"0\" cellpadding=\"0\">\n<colgroup>\n<col width=\"100\" \/> <\/colgroup>\n<colgroup>\n<col width=\"320\" \/><\/colgroup>\n<colgroup>\n<col width=\"46\" \/>\n<col width=\"100\" \/>\n<col width=\"100\" \/>\n<col width=\"100\" \/><\/colgroup>\n<tbody>\n<tr>\n<td><\/td>\n<td><\/td>\n<td><\/td>\n<td data-sheets-value=\"{&quot;1&quot;:2,&quot;2&quot;:&quot;K\u0131rm\u0131z\u0131&quot;}\">Rojo<\/td>\n<td data-sheets-value=\"{&quot;1&quot;:2,&quot;2&quot;:&quot;Sar\u0131&quot;}\">Amarillo<\/td>\n<td data-sheets-value=\"{&quot;1&quot;:2,&quot;2&quot;:&quot;Mavi&quot;}\">Azul<\/td>\n<\/tr>\n<tr>\n<td><img decoding=\"async\" class=\"alignnone wp-image-6843\" src=\"https:\/\/toyman.com.tr\/wp-content\/uploads\/2023\/08\/05001000.jpg\" alt=\"\" width=\"185\" height=\"139\" \/><\/td>\n<td data-sheets-value=\"{&quot;1&quot;:2,&quot;2&quot;:&quot;400 lt Mente\u015feli Kapak (Elekli)&quot;}\"><strong>Tapa con bloqueo <\/strong><strong>(Con filtro de cesta)<\/strong><\/td>\n<td><img decoding=\"async\" class=\"alignnone wp-image-6794\" src=\"https:\/\/toyman.com.tr\/wp-content\/uploads\/2023\/08\/A-e1691496148477.jpg\" alt=\"\" width=\"32\" height=\"32\" \/><\/td>\n<td data-sheets-value=\"{&quot;1&quot;:3,&quot;3&quot;:5001000}\"><strong>05001100 <\/strong><\/td>\n<td data-sheets-value=\"{&quot;1&quot;:2,&quot;2&quot;:&quot;05001000S&quot;}\"><strong>05001100S <\/strong><\/td>\n<td data-sheets-value=\"{&quot;1&quot;:2,&quot;2&quot;:&quot;05001000M&quot;}\"><strong>05001100M<\/strong><\/td>\n<\/tr>\n<tr>\n<td><img decoding=\"async\" class=\"alignnone wp-image-6844\" src=\"https:\/\/toyman.com.tr\/wp-content\/uploads\/2023\/08\/05001008.jpg\" alt=\"\" width=\"185\" height=\"139\" \/><\/td>\n<td data-sheets-value=\"{&quot;1&quot;:2,&quot;2&quot;:&quot;400 lt Mente\u015feli Kapak (Eleksiz)&quot;}\"><strong>Tapa con bloqueo <\/strong><strong>(Sin filtro de cesta)<\/strong><\/td>\n<td><img decoding=\"async\" class=\"alignnone wp-image-6794\" src=\"https:\/\/toyman.com.tr\/wp-content\/uploads\/2023\/08\/A-e1691496148477.jpg\" alt=\"\" width=\"32\" height=\"32\" \/><\/td>\n<td data-sheets-value=\"{&quot;1&quot;:3,&quot;3&quot;:5001008}\"><strong>05001106 <\/strong><\/td>\n<td data-sheets-value=\"{&quot;1&quot;:2,&quot;2&quot;:&quot;05001008S&quot;}\"><strong>05001106S<\/strong><\/td>\n<td data-sheets-value=\"{&quot;1&quot;:2,&quot;2&quot;:&quot;05001008M&quot;}\"><strong>05001106M<\/strong><\/td>\n<\/tr>\n<\/tbody>\n<\/table>\n","protected":false},"excerpt":{"rendered":"<p>\u2022 Para tanque 800lt &#8211; 1000lt &#8211; 1200lt &#8211; 1500lt &#8211; 1600lt &#8211; 2000lt<br \/>\n\u2022 Tapa rebatible 180\u00b0 \u2022 Junta incluida<br \/>\n\u2022 Aro para superficies planas<br \/>\n\u2022 V\u00e1lvula con flotante<br \/>\n\u2022 Sistema de bloqueo para evitar la apertura en terrenos monta\u00f1osos<\/p>\n","protected":false},"featured_media":11308,"comment_status":"open","ping_status":"closed","template":"","meta":{"_acf_changed":false},"product_cat":[137,116],"product_tag":[],"class_list":{"0":"post-18271","1":"product","2":"type-product","3":"status-publish","4":"has-post-thumbnail","6":"product_cat-genel-es","7":"product_cat-tapas-y-accesorios","9":"first","10":"instock","11":"shipping-taxable","12":"product-type-simple"},"acf":[],"_links":{"self":[{"href":"https:\/\/toyman.com.tr\/es\/wp-json\/wp\/v2\/product\/18271","targetHints":{"allow":["GET"]}}],"collection":[{"href":"https:\/\/toyman.com.tr\/es\/wp-json\/wp\/v2\/product"}],"about":[{"href":"https:\/\/toyman.com.tr\/es\/wp-json\/wp\/v2\/types\/product"}],"replies":[{"embeddable":true,"href":"https:\/\/toyman.com.tr\/es\/wp-json\/wp\/v2\/comments?post=18271"}],"version-history":[{"count":1,"href":"https:\/\/toyman.com.tr\/es\/wp-json\/wp\/v2\/product\/18271\/revisions"}],"predecessor-version":[{"id":18273,"href":"https:\/\/toyman.com.tr\/es\/wp-json\/wp\/v2\/product\/18271\/revisions\/18273"}],"wp:featuredmedia":[{"embeddable":true,"href":"https:\/\/toyman.com.tr\/es\/wp-json\/wp\/v2\/media\/11308"}],"wp:attachment":[{"href":"https:\/\/toyman.com.tr\/es\/wp-json\/wp\/v2\/media?parent=18271"}],"wp:term":[{"taxonomy":"product_cat","embeddable":true,"href":"https:\/\/toyman.com.tr\/es\/wp-json\/wp\/v2\/product_cat?post=18271"},{"taxonomy":"product_tag","embeddable":true,"href":"https:\/\/toyman.com.tr\/es\/wp-json\/wp\/v2\/product_tag?post=18271"}],"curies":[{"name":"wp","href":"https:\/\/api.w.org\/{rel}","templated":true}]}}