{"id":18290,"date":"2023-08-08T13:16:18","date_gmt":"2023-08-08T13:16:18","guid":{"rendered":"https:\/\/toyman.com.tr\/urun\/temiz-su-kapagi\/"},"modified":"2024-07-01T08:15:46","modified_gmt":"2024-07-01T08:15:46","slug":"tapa-de-bayoneta","status":"publish","type":"product","link":"https:\/\/toyman.com.tr\/es\/urun\/tapa-de-bayoneta\/","title":{"rendered":"TAPA DE <br>BAYONETA"},"content":{"rendered":"<table dir=\"ltr\" border=\"1\" cellspacing=\"0\" cellpadding=\"0\">\n<colgroup>\n<col width=\"100\" \/>\n<col width=\"100\" \/>\n<col width=\"252\" \/>\n<col width=\"100\" \/><\/colgroup>\n<tbody>\n<tr>\n<td><\/td>\n<td><\/td>\n<td><\/td>\n<td data-sheets-value=\"{&quot;1&quot;:2,&quot;2&quot;:&quot;KOD&quot;}\">C\u00d3DIGO<\/td>\n<\/tr>\n<tr>\n<td colspan=\"1\" rowspan=\"3\">\n<div><img decoding=\"async\" class=\"alignnone size-full wp-image-14342\" src=\"https:\/\/toyman.com.tr\/wp-content\/uploads\/2023\/08\/Ustten-Percinli-1.jpg\" alt=\"\" width=\"236\" height=\"177\" \/><\/div>\n<div><strong>Para superficies planas<\/strong><\/div>\n<\/td>\n<td><img decoding=\"async\" class=\"alignnone wp-image-6860\" src=\"https:\/\/toyman.com.tr\/wp-content\/uploads\/2023\/08\/05001250.jpg\" alt=\"\" width=\"88\" height=\"66\" \/><\/td>\n<td data-sheets-value=\"{&quot;1&quot;:2,&quot;2&quot;:&quot;Temiz Su Kapa\u011f\u0131 (\u00c7emberli)&quot;}\"><strong>Tapa de bayoneta (Con aro)<\/strong><\/td>\n<td data-sheets-value=\"{&quot;1&quot;:3,&quot;3&quot;:5001250}\"><strong>05001250<\/strong><\/td>\n<\/tr>\n<tr>\n<td><img decoding=\"async\" class=\"alignnone wp-image-6862\" src=\"https:\/\/toyman.com.tr\/wp-content\/uploads\/2023\/08\/05001252C.jpg\" alt=\"\" width=\"88\" height=\"66\" \/><\/td>\n<td data-sheets-value=\"{&quot;1&quot;:2,&quot;2&quot;:&quot;Temiz Su Kapa\u011f\u0131 (\u00c7embersiz)&quot;}\"><strong>Tapa de bayoneta (Sin aro)<\/strong><\/td>\n<td data-sheets-value=\"{&quot;1&quot;:3,&quot;3&quot;:5001252}\"><strong>05001252<\/strong><\/td>\n<\/tr>\n<tr>\n<td><img loading=\"lazy\" decoding=\"async\" class=\"alignnone wp-image-6861\" src=\"https:\/\/toyman.com.tr\/wp-content\/uploads\/2023\/08\/05001251.jpg\" alt=\"\" width=\"88\" height=\"66\" \/><\/td>\n<td data-sheets-value=\"{&quot;1&quot;:2,&quot;2&quot;:&quot;\u00c7ember&quot;}\"><strong>Aro<\/strong><\/td>\n<td data-sheets-value=\"{&quot;1&quot;:3,&quot;3&quot;:5001251}\"><strong>05001251<\/strong><\/td>\n<\/tr>\n<\/tbody>\n<\/table>\n","protected":false},"excerpt":{"rendered":"<p>C\u00d3DIGO Para superficies planas Tapa de bayoneta (Con aro) 05001250 Tapa de bayoneta (Sin aro) 05001252 Aro 05001251<\/p>\n","protected":false},"featured_media":11332,"comment_status":"open","ping_status":"closed","template":"","meta":{"_acf_changed":false},"product_cat":[116],"product_tag":[],"class_list":{"0":"post-18290","1":"product","2":"type-product","3":"status-publish","4":"has-post-thumbnail","6":"product_cat-tapas-y-accesorios","8":"first","9":"instock","10":"shipping-taxable","11":"product-type-simple"},"acf":[],"_links":{"self":[{"href":"https:\/\/toyman.com.tr\/es\/wp-json\/wp\/v2\/product\/18290","targetHints":{"allow":["GET"]}}],"collection":[{"href":"https:\/\/toyman.com.tr\/es\/wp-json\/wp\/v2\/product"}],"about":[{"href":"https:\/\/toyman.com.tr\/es\/wp-json\/wp\/v2\/types\/product"}],"replies":[{"embeddable":true,"href":"https:\/\/toyman.com.tr\/es\/wp-json\/wp\/v2\/comments?post=18290"}],"version-history":[{"count":1,"href":"https:\/\/toyman.com.tr\/es\/wp-json\/wp\/v2\/product\/18290\/revisions"}],"predecessor-version":[{"id":18296,"href":"https:\/\/toyman.com.tr\/es\/wp-json\/wp\/v2\/product\/18290\/revisions\/18296"}],"wp:featuredmedia":[{"embeddable":true,"href":"https:\/\/toyman.com.tr\/es\/wp-json\/wp\/v2\/media\/11332"}],"wp:attachment":[{"href":"https:\/\/toyman.com.tr\/es\/wp-json\/wp\/v2\/media?parent=18290"}],"wp:term":[{"taxonomy":"product_cat","embeddable":true,"href":"https:\/\/toyman.com.tr\/es\/wp-json\/wp\/v2\/product_cat?post=18290"},{"taxonomy":"product_tag","embeddable":true,"href":"https:\/\/toyman.com.tr\/es\/wp-json\/wp\/v2\/product_tag?post=18290"}],"curies":[{"name":"wp","href":"https:\/\/api.w.org\/{rel}","templated":true}]}}