{"id":18308,"date":"2023-08-09T07:43:01","date_gmt":"2023-08-09T07:43:01","guid":{"rendered":"https:\/\/toyman.com.tr\/urun\/jet-mix-karistirici\/"},"modified":"2024-05-29T13:36:14","modified_gmt":"2024-05-29T13:36:14","slug":"agitador-jetmix","status":"publish","type":"product","link":"https:\/\/toyman.com.tr\/es\/urun\/agitador-jetmix\/","title":{"rendered":"AGITADOR JETMIX"},"content":{"rendered":"<table dir=\"ltr\" border=\"1\" cellspacing=\"0\" cellpadding=\"0\">\n<colgroup>\n<col width=\"150\" \/>\n<col width=\"100\" \/>\n<col width=\"100\" \/><\/colgroup>\n<tbody>\n<tr>\n<td data-sheets-value=\"{&quot;1&quot;:2,&quot;2&quot;:&quot;KOD&quot;}\">C\u00d3DIGO<\/td>\n<td data-sheets-value=\"{&quot;1&quot;:2,&quot;2&quot;:&quot;\u00d8&quot;}\">\u00d8<\/td>\n<td data-sheets-value=\"{&quot;1&quot;:2,&quot;2&quot;:&quot;U\u00e7&quot;}\">Boquilla<\/td>\n<\/tr>\n<tr>\n<td data-sheets-value=\"{&quot;1&quot;:3,&quot;3&quot;:510152010}\"><strong>0510152010<\/strong><\/td>\n<td data-sheets-value=\"{&quot;1&quot;:2,&quot;2&quot;:&quot;1,0 mm&quot;}\">1,0 mm<\/td>\n<td colspan=\"1\" rowspan=\"7\" data-sheets-value=\"{&quot;1&quot;:2,&quot;2&quot;:&quot;SERAM\u0130K&quot;}\">CER\u00c1MICA<\/td>\n<\/tr>\n<tr>\n<td data-sheets-value=\"{&quot;1&quot;:3,&quot;3&quot;:510152012}\"><strong>0510152012<\/strong><\/td>\n<td data-sheets-value=\"{&quot;1&quot;:2,&quot;2&quot;:&quot;1,2 mm&quot;}\">1,2 mm<\/td>\n<\/tr>\n<tr>\n<td data-sheets-value=\"{&quot;1&quot;:3,&quot;3&quot;:510152015}\"><strong>0510152015<\/strong><\/td>\n<td data-sheets-value=\"{&quot;1&quot;:2,&quot;2&quot;:&quot;1,5 mm&quot;}\">1,5 mm<\/td>\n<\/tr>\n<tr>\n<td data-sheets-value=\"{&quot;1&quot;:3,&quot;3&quot;:510152018}\"><strong>0510152018<\/strong><\/td>\n<td data-sheets-value=\"{&quot;1&quot;:2,&quot;2&quot;:&quot;1,8 mm&quot;}\">1,8 mm<\/td>\n<\/tr>\n<tr>\n<td data-sheets-value=\"{&quot;1&quot;:3,&quot;3&quot;:510152020}\"><strong>0510152020<\/strong><\/td>\n<td data-sheets-value=\"{&quot;1&quot;:2,&quot;2&quot;:&quot;2,0 mm&quot;}\">2,0 mm<\/td>\n<\/tr>\n<tr>\n<td data-sheets-value=\"{&quot;1&quot;:3,&quot;3&quot;:510152025}\"><strong>0510152025<\/strong><\/td>\n<td data-sheets-value=\"{&quot;1&quot;:2,&quot;2&quot;:&quot;2,5 mm&quot;}\">2,5 mm<\/td>\n<\/tr>\n<tr>\n<td data-sheets-value=\"{&quot;1&quot;:3,&quot;3&quot;:510152030}\"><strong>0510152030<\/strong><\/td>\n<td data-sheets-value=\"{&quot;1&quot;:2,&quot;2&quot;:&quot;3,0 mm&quot;}\">3,0 mm<\/td>\n<\/tr>\n<\/tbody>\n<\/table>\n","protected":false},"excerpt":{"rendered":"<p>C\u00d3DIGO \u00d8 Boquilla 0510152010 1,0 mm CER\u00c1MICA 0510152012 1,2 mm 0510152015 1,5 mm 0510152018 1,8 mm 0510152020 2,0 mm 0510152025 2,5 mm 0510152030 3,0 mm<\/p>\n","protected":false},"featured_media":11372,"comment_status":"open","ping_status":"closed","template":"","meta":{"_acf_changed":false},"product_cat":[116],"product_tag":[],"class_list":{"0":"post-18308","1":"product","2":"type-product","3":"status-publish","4":"has-post-thumbnail","6":"product_cat-tapas-y-accesorios","8":"first","9":"instock","10":"shipping-taxable","11":"product-type-simple"},"acf":[],"_links":{"self":[{"href":"https:\/\/toyman.com.tr\/es\/wp-json\/wp\/v2\/product\/18308","targetHints":{"allow":["GET"]}}],"collection":[{"href":"https:\/\/toyman.com.tr\/es\/wp-json\/wp\/v2\/product"}],"about":[{"href":"https:\/\/toyman.com.tr\/es\/wp-json\/wp\/v2\/types\/product"}],"replies":[{"embeddable":true,"href":"https:\/\/toyman.com.tr\/es\/wp-json\/wp\/v2\/comments?post=18308"}],"version-history":[{"count":1,"href":"https:\/\/toyman.com.tr\/es\/wp-json\/wp\/v2\/product\/18308\/revisions"}],"predecessor-version":[{"id":18310,"href":"https:\/\/toyman.com.tr\/es\/wp-json\/wp\/v2\/product\/18308\/revisions\/18310"}],"wp:featuredmedia":[{"embeddable":true,"href":"https:\/\/toyman.com.tr\/es\/wp-json\/wp\/v2\/media\/11372"}],"wp:attachment":[{"href":"https:\/\/toyman.com.tr\/es\/wp-json\/wp\/v2\/media?parent=18308"}],"wp:term":[{"taxonomy":"product_cat","embeddable":true,"href":"https:\/\/toyman.com.tr\/es\/wp-json\/wp\/v2\/product_cat?post=18308"},{"taxonomy":"product_tag","embeddable":true,"href":"https:\/\/toyman.com.tr\/es\/wp-json\/wp\/v2\/product_tag?post=18308"}],"curies":[{"name":"wp","href":"https:\/\/api.w.org\/{rel}","templated":true}]}}