{"id":18309,"date":"2023-08-09T07:47:51","date_gmt":"2023-08-09T07:47:51","guid":{"rendered":"https:\/\/toyman.com.tr\/urun\/maxi-mix-karistirici\/"},"modified":"2024-06-28T14:34:00","modified_gmt":"2024-06-28T14:34:00","slug":"agitador-maximix","status":"publish","type":"product","link":"https:\/\/toyman.com.tr\/es\/urun\/agitador-maximix\/","title":{"rendered":"AGITADOR MAXIMIX"},"content":{"rendered":"<table width=\"218\">\n<tbody>\n<tr>\n<td width=\"102\" data-sheets-value=\"{&quot;1&quot;:2,&quot;2&quot;:&quot;KOD&quot;}\">C\u00d3DIGO<\/td>\n<td width=\"80\" data-sheets-value=\"{&quot;1&quot;:2,&quot;2&quot;:&quot;\u00d8&quot;}\">\u00d8<\/td>\n<td width=\"64\" data-sheets-value=\"{&quot;1&quot;:2,&quot;2&quot;:&quot;U\u00e7&quot;}\">Boquilla<\/td>\n<\/tr>\n<tr>\n<td width=\"102\" data-sheets-value=\"{&quot;1&quot;:3,&quot;3&quot;:510150010}\"><strong>0510150010<\/strong><\/td>\n<td width=\"52\" data-sheets-value=\"{&quot;1&quot;:2,&quot;2&quot;:&quot;1,0 mm&quot;}\">1,0 mm<\/td>\n<td rowspan=\"7\" width=\"64\" data-sheets-value=\"{&quot;1&quot;:2,&quot;2&quot;:&quot;SERAM\u0130K&quot;}\">CER\u00c1MICA<\/td>\n<\/tr>\n<tr>\n<td width=\"102\" data-sheets-value=\"{&quot;1&quot;:3,&quot;3&quot;:510150012}\"><strong>0510150012<\/strong><\/td>\n<td width=\"52\" data-sheets-value=\"{&quot;1&quot;:2,&quot;2&quot;:&quot;1,2 mm&quot;}\">1,2 mm<\/td>\n<\/tr>\n<tr>\n<td width=\"102\" data-sheets-value=\"{&quot;1&quot;:3,&quot;3&quot;:510150015}\"><strong>0510150015<\/strong><\/td>\n<td width=\"52\" data-sheets-value=\"{&quot;1&quot;:2,&quot;2&quot;:&quot;1,5 mm&quot;}\">1,5 mm<\/td>\n<\/tr>\n<tr>\n<td width=\"102\" data-sheets-value=\"{&quot;1&quot;:3,&quot;3&quot;:510150018}\"><strong>0510150018<\/strong><\/td>\n<td width=\"52\" data-sheets-value=\"{&quot;1&quot;:2,&quot;2&quot;:&quot;1,8 mm&quot;}\">1,8 mm<\/td>\n<\/tr>\n<tr>\n<td width=\"102\" data-sheets-value=\"{&quot;1&quot;:3,&quot;3&quot;:510150020}\"><strong>0510150020<\/strong><\/td>\n<td width=\"52\" data-sheets-value=\"{&quot;1&quot;:2,&quot;2&quot;:&quot;2,0 mm&quot;}\">2,0 mm<\/td>\n<\/tr>\n<tr>\n<td width=\"102\" data-sheets-value=\"{&quot;1&quot;:3,&quot;3&quot;:510150025}\"><strong>0510150025<\/strong><\/td>\n<td width=\"52\" data-sheets-value=\"{&quot;1&quot;:2,&quot;2&quot;:&quot;2,5 mm&quot;}\">2,5 mm<\/td>\n<\/tr>\n<tr>\n<td width=\"102\" data-sheets-value=\"{&quot;1&quot;:3,&quot;3&quot;:510150030}\"><strong>0510150030<\/strong><\/td>\n<td width=\"52\" data-sheets-value=\"{&quot;1&quot;:2,&quot;2&quot;:&quot;3,0 mm&quot;}\">3,0 mm<\/td>\n<\/tr>\n<tr>\n<td width=\"102\" data-sheets-value=\"{&quot;1&quot;:3,&quot;3&quot;:510150050}\"><strong>0510150050<\/strong><\/td>\n<td width=\"52\" data-sheets-value=\"{&quot;1&quot;:2,&quot;2&quot;:&quot;5,0 mm&quot;}\">5,0 mm<\/td>\n<td rowspan=\"2\" width=\"64\" data-sheets-value=\"{&quot;1&quot;:2,&quot;2&quot;:&quot;KROM&quot;}\">SS<\/td>\n<\/tr>\n<tr>\n<td width=\"102\"><strong>0510150090<\/strong><\/td>\n<td width=\"52\">9,0 mm<\/td>\n<\/tr>\n<\/tbody>\n<\/table>\n","protected":false},"excerpt":{"rendered":"<p>C\u00d3DIGO \u00d8 Boquilla 0510150010 1,0 mm CER\u00c1MICA 0510150012 1,2 mm 0510150015 1,5 mm 0510150018 1,8 mm 0510150020 2,0 mm 0510150025 2,5 mm 0510150030 3,0 mm 0510150050 5,0 mm SS 0510150090 9,0 mm<\/p>\n","protected":false},"featured_media":11376,"comment_status":"open","ping_status":"closed","template":"","meta":{"_acf_changed":false},"product_cat":[116],"product_tag":[],"class_list":{"0":"post-18309","1":"product","2":"type-product","3":"status-publish","4":"has-post-thumbnail","6":"product_cat-tapas-y-accesorios","8":"first","9":"instock","10":"shipping-taxable","11":"product-type-simple"},"acf":[],"_links":{"self":[{"href":"https:\/\/toyman.com.tr\/es\/wp-json\/wp\/v2\/product\/18309","targetHints":{"allow":["GET"]}}],"collection":[{"href":"https:\/\/toyman.com.tr\/es\/wp-json\/wp\/v2\/product"}],"about":[{"href":"https:\/\/toyman.com.tr\/es\/wp-json\/wp\/v2\/types\/product"}],"replies":[{"embeddable":true,"href":"https:\/\/toyman.com.tr\/es\/wp-json\/wp\/v2\/comments?post=18309"}],"version-history":[{"count":1,"href":"https:\/\/toyman.com.tr\/es\/wp-json\/wp\/v2\/product\/18309\/revisions"}],"predecessor-version":[{"id":18311,"href":"https:\/\/toyman.com.tr\/es\/wp-json\/wp\/v2\/product\/18309\/revisions\/18311"}],"wp:featuredmedia":[{"embeddable":true,"href":"https:\/\/toyman.com.tr\/es\/wp-json\/wp\/v2\/media\/11376"}],"wp:attachment":[{"href":"https:\/\/toyman.com.tr\/es\/wp-json\/wp\/v2\/media?parent=18309"}],"wp:term":[{"taxonomy":"product_cat","embeddable":true,"href":"https:\/\/toyman.com.tr\/es\/wp-json\/wp\/v2\/product_cat?post=18309"},{"taxonomy":"product_tag","embeddable":true,"href":"https:\/\/toyman.com.tr\/es\/wp-json\/wp\/v2\/product_tag?post=18309"}],"curies":[{"name":"wp","href":"https:\/\/api.w.org\/{rel}","templated":true}]}}