{"id":18427,"date":"2023-08-16T14:27:19","date_gmt":"2023-08-16T14:27:19","guid":{"rendered":"https:\/\/toyman.com.tr\/urun\/tar-cek-valfli-filtre\/"},"modified":"2024-07-01T14:37:27","modified_gmt":"2024-07-01T14:37:27","slug":"filtro-de-aspiracion-con-antigota","status":"publish","type":"product","link":"https:\/\/toyman.com.tr\/es\/urun\/filtro-de-aspiracion-con-antigota\/","title":{"rendered":"FILTRO DE ASPIRACI\u00d3N CON ANTIGOTA"},"content":{"rendered":"<table dir=\"ltr\" border=\"1\" cellspacing=\"0\" cellpadding=\"0\">\n<colgroup>\n<col width=\"263\" \/>\n<col width=\"100\" \/>\n<col width=\"100\" \/>\n<col width=\"100\" \/><\/colgroup>\n<tbody>\n<tr>\n<td><\/td>\n<td data-sheets-value=\"{&quot;1&quot;:2,&quot;2&quot;:&quot;KOD&quot;}\">C\u00d3DIGO<\/td>\n<td data-sheets-value=\"{&quot;1&quot;:2,&quot;2&quot;:&quot;F&quot;}\">F<\/td>\n<td data-sheets-value=\"{&quot;1&quot;:2,&quot;2&quot;:&quot;H (mm)&quot;}\">H (mm)<\/td>\n<\/tr>\n<tr>\n<td data-sheets-value=\"{&quot;1&quot;:2,&quot;2&quot;:&quot;Tar \u00c7ek Valfli Filtre&quot;}\"><strong>Filtro de aspiraci\u00f3n con v\u00e1lvula<\/strong><\/td>\n<td data-sheets-value=\"{&quot;1&quot;:3,&quot;3&quot;:6002300}\"><strong>06002300<\/strong><\/td>\n<td colspan=\"1\" rowspan=\"3\" data-sheets-value=\"{&quot;1&quot;:2,&quot;2&quot;:&quot;G 1\u00bc\\&quot;&quot;}\">\n<div>G 1\u00bc\u201d<\/div>\n<\/td>\n<td colspan=\"1\" rowspan=\"3\" data-sheets-value=\"{&quot;1&quot;:3,&quot;3&quot;:296}\">\n<div>296<\/div>\n<\/td>\n<\/tr>\n<tr>\n<td data-sheets-value=\"{&quot;1&quot;:2,&quot;2&quot;:&quot;Tar \u00c7ek Valfli Filtre (Komple - \u00d832 Dirsekli)&quot;}\"><strong>Filtro de aspiraci\u00f3n con v\u00e1lvula (Con 90\u00b0 racor \u00d832)<\/strong><\/td>\n<td data-sheets-value=\"{&quot;1&quot;:3,&quot;3&quot;:6002309}\"><strong>06002309<\/strong><\/td>\n<\/tr>\n<tr>\n<td data-sheets-value=\"{&quot;1&quot;:2,&quot;2&quot;:&quot;Tar \u00c7ek Valfli Filtre (Komple - \u00d832 Rekorlu)&quot;}\"><strong>Filtro de aspiraci\u00f3n con v\u00e1lvula (Con racor \u00d832)<\/strong><\/td>\n<td data-sheets-value=\"{&quot;1&quot;:3,&quot;3&quot;:6002310}\"><strong>06002310<\/strong><\/td>\n<\/tr>\n<\/tbody>\n<\/table>\n","protected":false},"excerpt":{"rendered":"<p>\u2022 1 \u00bc\u201d BSP roscas<br \/>\n\u2022 M8 racores de l\u00e1ton<br \/>\n\u2022 V\u00e1lvula de cierre para limpieza de filtros<\/p>\n","protected":false},"featured_media":11556,"comment_status":"open","ping_status":"closed","template":"","meta":{"_acf_changed":false},"product_cat":[117],"product_tag":[],"class_list":{"0":"post-18427","1":"product","2":"type-product","3":"status-publish","4":"has-post-thumbnail","6":"product_cat-filtros-y-valvulas-de-bola","8":"first","9":"instock","10":"shipping-taxable","11":"product-type-simple"},"acf":[],"_links":{"self":[{"href":"https:\/\/toyman.com.tr\/es\/wp-json\/wp\/v2\/product\/18427","targetHints":{"allow":["GET"]}}],"collection":[{"href":"https:\/\/toyman.com.tr\/es\/wp-json\/wp\/v2\/product"}],"about":[{"href":"https:\/\/toyman.com.tr\/es\/wp-json\/wp\/v2\/types\/product"}],"replies":[{"embeddable":true,"href":"https:\/\/toyman.com.tr\/es\/wp-json\/wp\/v2\/comments?post=18427"}],"version-history":[{"count":1,"href":"https:\/\/toyman.com.tr\/es\/wp-json\/wp\/v2\/product\/18427\/revisions"}],"predecessor-version":[{"id":18429,"href":"https:\/\/toyman.com.tr\/es\/wp-json\/wp\/v2\/product\/18427\/revisions\/18429"}],"wp:featuredmedia":[{"embeddable":true,"href":"https:\/\/toyman.com.tr\/es\/wp-json\/wp\/v2\/media\/11556"}],"wp:attachment":[{"href":"https:\/\/toyman.com.tr\/es\/wp-json\/wp\/v2\/media?parent=18427"}],"wp:term":[{"taxonomy":"product_cat","embeddable":true,"href":"https:\/\/toyman.com.tr\/es\/wp-json\/wp\/v2\/product_cat?post=18427"},{"taxonomy":"product_tag","embeddable":true,"href":"https:\/\/toyman.com.tr\/es\/wp-json\/wp\/v2\/product_tag?post=18427"}],"curies":[{"name":"wp","href":"https:\/\/api.w.org\/{rel}","templated":true}]}}