{"id":18477,"date":"2023-09-14T12:52:50","date_gmt":"2023-09-14T12:52:50","guid":{"rendered":"https:\/\/toyman.com.tr\/urun\/plastik-basinc-filtresi-takim\/"},"modified":"2024-07-02T07:34:01","modified_gmt":"2024-07-02T07:34:01","slug":"filtro-de-plastico-en-linea-para-alta-presion-2","status":"publish","type":"product","link":"https:\/\/toyman.com.tr\/es\/urun\/filtro-de-plastico-en-linea-para-alta-presion-2\/","title":{"rendered":"FILTRO DE PL\u00c1STICO EN L\u00cdNEA PARA ALTA PRESI\u00d3N"},"content":{"rendered":"<table dir=\"ltr\" border=\"1\" cellspacing=\"0\" cellpadding=\"0\">\n<colgroup>\n<col width=\"100\" \/>\n<col width=\"100\" \/>\n<col width=\"100\" \/>\n<col width=\"100\" \/>\n<col width=\"100\" \/><\/colgroup>\n<tbody>\n<tr>\n<td data-sheets-value=\"{&quot;1&quot;:2,&quot;2&quot;:&quot;KOD&quot;}\">C\u00d3DIGO<\/td>\n<td data-sheets-value=\"{&quot;1&quot;:2,&quot;2&quot;:&quot;F&quot;}\">F<\/td>\n<td data-sheets-value=\"{&quot;1&quot;:2,&quot;2&quot;:&quot;H (mm)&quot;}\">Bar<\/td>\n<td data-sheets-value=\"{&quot;1&quot;:2,&quot;2&quot;:&quot;Mesh&quot;}\">Mesh<\/td>\n<td data-sheets-value=\"{&quot;1&quot;:2,&quot;2&quot;:&quot;S\u00fczge\u00e7&quot;}\">Cartucho<\/td>\n<\/tr>\n<tr>\n<td data-sheets-value=\"{&quot;1&quot;:3,&quot;3&quot;:6002000328}\"><strong>060525003<\/strong><\/td>\n<td colspan=\"1\" rowspan=\"3\" data-sheets-value=\"{&quot;1&quot;:2,&quot;2&quot;:&quot;G 1\u00bd&quot;&quot;}\">G \u00bd\u201d<\/td>\n<td colspan=\"1\" rowspan=\"3\" data-sheets-value=\"{&quot;1&quot;:3,&quot;3&quot;:28}\">50<\/td>\n<td data-sheets-value=\"{&quot;1&quot;:2,&quot;2&quot;:&quot;30 Mesh&quot;}\">30 Mesh<\/td>\n<td colspan=\"1\" rowspan=\"3\" data-sheets-value=\"{&quot;1&quot;:2,&quot;2&quot;:&quot;Inox&quot;}\">\n<div>INOX<\/div>\n<\/td>\n<\/tr>\n<tr>\n<td data-sheets-value=\"{&quot;1&quot;:3,&quot;3&quot;:6002000528}\"><strong>060525005<\/strong><\/td>\n<td data-sheets-value=\"{&quot;1&quot;:2,&quot;2&quot;:&quot;50 Mesh&quot;}\">50 Mesh<\/td>\n<\/tr>\n<tr>\n<td data-sheets-value=\"{&quot;1&quot;:3,&quot;3&quot;:6002000828}\"><strong>060525008<\/strong><\/td>\n<td data-sheets-value=\"{&quot;1&quot;:2,&quot;2&quot;:&quot;80 Mesh&quot;}\">80 Mesh<\/td>\n<\/tr>\n<tr>\n<td data-sheets-value=\"{&quot;1&quot;:3,&quot;3&quot;:6002000344}\"><strong>060525013<\/strong><\/td>\n<td colspan=\"1\" rowspan=\"3\" data-sheets-value=\"{&quot;1&quot;:2,&quot;2&quot;:&quot;G 1\u00bd&quot;&quot;}\">G \u00be\u201d<\/td>\n<td colspan=\"1\" rowspan=\"3\" data-sheets-value=\"{&quot;1&quot;:3,&quot;3&quot;:44}\">50<\/td>\n<td data-sheets-value=\"{&quot;1&quot;:2,&quot;2&quot;:&quot;30 Mesh&quot;}\">30 Mesh<\/td>\n<td colspan=\"1\" rowspan=\"3\" data-sheets-value=\"{&quot;1&quot;:2,&quot;2&quot;:&quot;Inox&quot;}\">\n<div>INOX<\/div>\n<\/td>\n<\/tr>\n<tr>\n<td data-sheets-value=\"{&quot;1&quot;:3,&quot;3&quot;:6002000544}\"><strong>060525015<\/strong><\/td>\n<td data-sheets-value=\"{&quot;1&quot;:2,&quot;2&quot;:&quot;50 Mesh&quot;}\">50 Mesh<\/td>\n<\/tr>\n<tr>\n<td data-sheets-value=\"{&quot;1&quot;:3,&quot;3&quot;:6002000844}\"><strong>060525018<\/strong><\/td>\n<td data-sheets-value=\"{&quot;1&quot;:2,&quot;2&quot;:&quot;80 Mesh&quot;}\">80 Mesh<\/td>\n<\/tr>\n<\/tbody>\n<\/table>\n<p>&nbsp;<\/p>\n","protected":false},"excerpt":{"rendered":"<p>\u2022 Filtros en l\u00ednea para alta presi\u00f3n para atomizadores<br \/>\n\u2022 \u00bd\u201d BSP roscas entrada y salida<br \/>\n\u2022 Presi\u00f3n max: 50 bar<br \/>\n\u2022 V\u00e1lvula de bola y dos uniones incluidos<br \/>\n\u2022 M8 racores de l\u00e1ton<\/p>\n","protected":false},"featured_media":12252,"comment_status":"open","ping_status":"closed","template":"","meta":{"_acf_changed":false},"product_cat":[117],"product_tag":[],"class_list":{"0":"post-18477","1":"product","2":"type-product","3":"status-publish","4":"has-post-thumbnail","6":"product_cat-filtros-y-valvulas-de-bola","8":"first","9":"instock","10":"shipping-taxable","11":"product-type-simple"},"acf":[],"_links":{"self":[{"href":"https:\/\/toyman.com.tr\/es\/wp-json\/wp\/v2\/product\/18477","targetHints":{"allow":["GET"]}}],"collection":[{"href":"https:\/\/toyman.com.tr\/es\/wp-json\/wp\/v2\/product"}],"about":[{"href":"https:\/\/toyman.com.tr\/es\/wp-json\/wp\/v2\/types\/product"}],"replies":[{"embeddable":true,"href":"https:\/\/toyman.com.tr\/es\/wp-json\/wp\/v2\/comments?post=18477"}],"version-history":[{"count":1,"href":"https:\/\/toyman.com.tr\/es\/wp-json\/wp\/v2\/product\/18477\/revisions"}],"predecessor-version":[{"id":18478,"href":"https:\/\/toyman.com.tr\/es\/wp-json\/wp\/v2\/product\/18477\/revisions\/18478"}],"wp:featuredmedia":[{"embeddable":true,"href":"https:\/\/toyman.com.tr\/es\/wp-json\/wp\/v2\/media\/12252"}],"wp:attachment":[{"href":"https:\/\/toyman.com.tr\/es\/wp-json\/wp\/v2\/media?parent=18477"}],"wp:term":[{"taxonomy":"product_cat","embeddable":true,"href":"https:\/\/toyman.com.tr\/es\/wp-json\/wp\/v2\/product_cat?post=18477"},{"taxonomy":"product_tag","embeddable":true,"href":"https:\/\/toyman.com.tr\/es\/wp-json\/wp\/v2\/product_tag?post=18477"}],"curies":[{"name":"wp","href":"https:\/\/api.w.org\/{rel}","templated":true}]}}