{"id":18486,"date":"2023-09-15T06:02:45","date_gmt":"2023-09-15T06:02:45","guid":{"rendered":"https:\/\/toyman.com.tr\/urun\/buyuk-pirinc-basinc-filtresi-2\/"},"modified":"2024-07-02T07:39:17","modified_gmt":"2024-07-02T07:39:17","slug":"filtro-de-laton-en-linea-para-alta-presion-3","status":"publish","type":"product","link":"https:\/\/toyman.com.tr\/es\/urun\/filtro-de-laton-en-linea-para-alta-presion-3\/","title":{"rendered":"FILTRO DE LAT\u00d3N EN L\u00cdNEA PARA ALTA PRESI\u00d3N"},"content":{"rendered":"<table width=\"459\">\n<tbody>\n<tr>\n<td width=\"107\" data-sheets-value=\"{&quot;1&quot;:2,&quot;2&quot;:&quot;KOD&quot;}\">C\u00d3DIGO<\/td>\n<td width=\"88\" data-sheets-value=\"{&quot;1&quot;:2,&quot;2&quot;:&quot;F&quot;}\">F<\/td>\n<td width=\"88\" data-sheets-value=\"{&quot;1&quot;:2,&quot;2&quot;:&quot;H (mm)&quot;}\">Bar<\/td>\n<td width=\"88\" data-sheets-value=\"{&quot;1&quot;:2,&quot;2&quot;:&quot;Mesh&quot;}\">Mesh<\/td>\n<td width=\"88\" data-sheets-value=\"{&quot;1&quot;:2,&quot;2&quot;:&quot;S\u00fczge\u00e7&quot;}\">Cartucho<\/td>\n<\/tr>\n<tr>\n<td><strong>0605257031SS<\/strong><\/td>\n<td rowspan=\"4\" width=\"88\" data-sheets-value=\"{&quot;1&quot;:2,&quot;2&quot;:&quot;G 1\u00bd&quot;&quot;}\">G \u00bd\u00bb<\/td>\n<td rowspan=\"4\" width=\"88\" data-sheets-value=\"{&quot;1&quot;:3,&quot;3&quot;:28}\">50<\/td>\n<td width=\"88\" data-sheets-value=\"{&quot;1&quot;:2,&quot;2&quot;:&quot;30 Mesh&quot;}\">30 Mesh<\/td>\n<td rowspan=\"4\" width=\"88\" data-sheets-value=\"{&quot;1&quot;:2,&quot;2&quot;:&quot;Inox&quot;}\">INOX<\/td>\n<\/tr>\n<tr>\n<td><strong>0605257041SS<\/strong><\/td>\n<td width=\"88\" data-sheets-value=\"{&quot;1&quot;:2,&quot;2&quot;:&quot;50 Mesh&quot;}\">40 Mesh<\/td>\n<\/tr>\n<tr>\n<td><strong>0605257051SS<\/strong><\/td>\n<td width=\"88\" data-sheets-value=\"{&quot;1&quot;:2,&quot;2&quot;:&quot;80 Mesh&quot;}\">50 Mesh<\/td>\n<\/tr>\n<tr>\n<td><strong>0605257081SS<\/strong><\/td>\n<td width=\"88\">80 Mesh<\/td>\n<\/tr>\n<tr>\n<td><strong>0605258031SS<\/strong><\/td>\n<td rowspan=\"4\" width=\"88\" data-sheets-value=\"{&quot;1&quot;:2,&quot;2&quot;:&quot;G 1\u00bd&quot;&quot;}\">G \u00be\u00bb<\/td>\n<td rowspan=\"4\" width=\"88\" data-sheets-value=\"{&quot;1&quot;:3,&quot;3&quot;:44}\">50<\/td>\n<td width=\"88\" data-sheets-value=\"{&quot;1&quot;:2,&quot;2&quot;:&quot;30 Mesh&quot;}\">30 Mesh<\/td>\n<td rowspan=\"4\" width=\"88\" data-sheets-value=\"{&quot;1&quot;:2,&quot;2&quot;:&quot;Inox&quot;}\">INOX<\/td>\n<\/tr>\n<tr>\n<td><strong>0605258041SS<\/strong><\/td>\n<td width=\"88\" data-sheets-value=\"{&quot;1&quot;:2,&quot;2&quot;:&quot;50 Mesh&quot;}\">40 Mesh<\/td>\n<\/tr>\n<tr>\n<td><strong>0605258051SS<\/strong><\/td>\n<td width=\"88\" data-sheets-value=\"{&quot;1&quot;:2,&quot;2&quot;:&quot;80 Mesh&quot;}\">50 Mesh<\/td>\n<\/tr>\n<tr>\n<td><strong>0605258081SS<\/strong><\/td>\n<td width=\"88\">80 Mesh<\/td>\n<\/tr>\n<\/tbody>\n<\/table>\n","protected":false},"excerpt":{"rendered":"<p>\u2022 Filtros en l\u00ednea para alta presi\u00f3n para atomizadores<br \/>\n\u2022 \u00bd\u00bb y \u00be\u00bb BSP roscas entrada y salida<br \/>\n\u2022 Presi\u00f3n max: 50 bar<br \/>\n\u2022 No est\u00e1n incluidos t\u00e1pon macho y uni\u00f3n<br \/>\n\u2022 V\u00e1lvula de bola incluida<\/p>\n","protected":false},"featured_media":12270,"comment_status":"open","ping_status":"closed","template":"","meta":{"_acf_changed":false},"product_cat":[117],"product_tag":[],"class_list":{"0":"post-18486","1":"product","2":"type-product","3":"status-publish","4":"has-post-thumbnail","6":"product_cat-filtros-y-valvulas-de-bola","8":"first","9":"instock","10":"shipping-taxable","11":"product-type-simple"},"acf":[],"_links":{"self":[{"href":"https:\/\/toyman.com.tr\/es\/wp-json\/wp\/v2\/product\/18486","targetHints":{"allow":["GET"]}}],"collection":[{"href":"https:\/\/toyman.com.tr\/es\/wp-json\/wp\/v2\/product"}],"about":[{"href":"https:\/\/toyman.com.tr\/es\/wp-json\/wp\/v2\/types\/product"}],"replies":[{"embeddable":true,"href":"https:\/\/toyman.com.tr\/es\/wp-json\/wp\/v2\/comments?post=18486"}],"version-history":[{"count":1,"href":"https:\/\/toyman.com.tr\/es\/wp-json\/wp\/v2\/product\/18486\/revisions"}],"predecessor-version":[{"id":18488,"href":"https:\/\/toyman.com.tr\/es\/wp-json\/wp\/v2\/product\/18486\/revisions\/18488"}],"wp:featuredmedia":[{"embeddable":true,"href":"https:\/\/toyman.com.tr\/es\/wp-json\/wp\/v2\/media\/12270"}],"wp:attachment":[{"href":"https:\/\/toyman.com.tr\/es\/wp-json\/wp\/v2\/media?parent=18486"}],"wp:term":[{"taxonomy":"product_cat","embeddable":true,"href":"https:\/\/toyman.com.tr\/es\/wp-json\/wp\/v2\/product_cat?post=18486"},{"taxonomy":"product_tag","embeddable":true,"href":"https:\/\/toyman.com.tr\/es\/wp-json\/wp\/v2\/product_tag?post=18486"}],"curies":[{"name":"wp","href":"https:\/\/api.w.org\/{rel}","templated":true}]}}