{"id":18490,"date":"2024-01-09T10:39:27","date_gmt":"2024-01-09T10:39:27","guid":{"rendered":"https:\/\/toyman.com.tr\/urun\/kucuk-pirinc-basinc-filtresi-2\/"},"modified":"2024-06-05T14:06:15","modified_gmt":"2024-06-05T14:06:15","slug":"filtro-de-laton-en-linea-para-alta-presion-4","status":"publish","type":"product","link":"https:\/\/toyman.com.tr\/es\/urun\/filtro-de-laton-en-linea-para-alta-presion-4\/","title":{"rendered":"FILTRO DE LAT\u00d3N EN L\u00cdNEA PARA ALTA PRESI\u00d3N"},"content":{"rendered":"<table width=\"467\">\n<tbody>\n<tr>\n<td width=\"96\" data-sheets-value=\"{&quot;1&quot;:2,&quot;2&quot;:&quot;KOD&quot;}\">C\u00d3DIGO<\/td>\n<td width=\"107\" data-sheets-value=\"{&quot;1&quot;:2,&quot;2&quot;:&quot;F&quot;}\"><strong>F<\/strong><\/td>\n<td width=\"88\" data-sheets-value=\"{&quot;1&quot;:2,&quot;2&quot;:&quot;H (mm)&quot;}\">Bar<\/td>\n<td width=\"88\" data-sheets-value=\"{&quot;1&quot;:2,&quot;2&quot;:&quot;Mesh&quot;}\">Mesh<\/td>\n<td width=\"88\" data-sheets-value=\"{&quot;1&quot;:2,&quot;2&quot;:&quot;S\u00fczge\u00e7&quot;}\">Cartucho<\/td>\n<\/tr>\n<tr>\n<td width=\"96\" data-sheets-value=\"{&quot;1&quot;:3,&quot;3&quot;:6002000328}\"><strong>06052600C3<\/strong><\/td>\n<td rowspan=\"3\" width=\"107\" data-sheets-value=\"{&quot;1&quot;:2,&quot;2&quot;:&quot;G 1\u00bd&quot;&quot;}\">G \u00bd\u00bb<\/td>\n<td rowspan=\"3\" width=\"88\" data-sheets-value=\"{&quot;1&quot;:3,&quot;3&quot;:28}\">50<\/td>\n<td width=\"88\" data-sheets-value=\"{&quot;1&quot;:2,&quot;2&quot;:&quot;30 Mesh&quot;}\">30 Mesh<\/td>\n<td rowspan=\"3\" width=\"88\" data-sheets-value=\"{&quot;1&quot;:2,&quot;2&quot;:&quot;Inox&quot;}\">TIPO A<\/td>\n<\/tr>\n<tr>\n<td width=\"96\" data-sheets-value=\"{&quot;1&quot;:3,&quot;3&quot;:6002000528}\"><strong>06052600C5<\/strong><\/td>\n<td width=\"88\" data-sheets-value=\"{&quot;1&quot;:2,&quot;2&quot;:&quot;50 Mesh&quot;}\">50 Mesh<\/td>\n<\/tr>\n<tr>\n<td width=\"96\" data-sheets-value=\"{&quot;1&quot;:3,&quot;3&quot;:6002000828}\"><strong>06052600C8<\/strong><\/td>\n<td width=\"88\" data-sheets-value=\"{&quot;1&quot;:2,&quot;2&quot;:&quot;80 Mesh&quot;}\">80 Mesh<\/td>\n<\/tr>\n<tr>\n<td width=\"96\" data-sheets-value=\"{&quot;1&quot;:3,&quot;3&quot;:6002000344}\"><strong>06052600C3SS<\/strong><\/td>\n<td rowspan=\"4\" width=\"107\" data-sheets-value=\"{&quot;1&quot;:2,&quot;2&quot;:&quot;G 1\u00bd&quot;&quot;}\">G \u00bd\u00bb<\/td>\n<td rowspan=\"4\" data-sheets-value=\"{&quot;1&quot;:3,&quot;3&quot;:44}\">50<\/td>\n<td width=\"88\" data-sheets-value=\"{&quot;1&quot;:2,&quot;2&quot;:&quot;30 Mesh&quot;}\">30 Mesh<\/td>\n<td rowspan=\"4\" width=\"88\" data-sheets-value=\"{&quot;1&quot;:2,&quot;2&quot;:&quot;Inox&quot;}\">TIPO B<\/td>\n<\/tr>\n<tr>\n<td width=\"96\" data-sheets-value=\"{&quot;1&quot;:3,&quot;3&quot;:6002000544}\"><strong>06052600C4SS<\/strong><\/td>\n<td width=\"88\" data-sheets-value=\"{&quot;1&quot;:2,&quot;2&quot;:&quot;50 Mesh&quot;}\">40 Mesh<\/td>\n<\/tr>\n<tr>\n<td width=\"96\" data-sheets-value=\"{&quot;1&quot;:3,&quot;3&quot;:6002000844}\"><strong>06052600C5SS<\/strong><\/td>\n<td width=\"88\" data-sheets-value=\"{&quot;1&quot;:2,&quot;2&quot;:&quot;80 Mesh&quot;}\">50 Mesh<\/td>\n<\/tr>\n<tr>\n<td width=\"96\"><strong>06052600C8SS<\/strong><\/td>\n<td width=\"88\">80 Mesh<\/td>\n<\/tr>\n<\/tbody>\n<\/table>\n","protected":false},"excerpt":{"rendered":"<p>\u2022 Filtros compactos en l\u00ednea para alta presi\u00f3n para atomizadores<br \/>\n\u2022 Racor giratorio incluido<br \/>\n\u2022 \u00bd BSP roscas entrada y salida<br \/>\n\u2022 Presi\u00f3n max: 50 bar<br \/>\n\u2022 V\u00e1lvula de bola incluida<\/p>\n","protected":false},"featured_media":13658,"comment_status":"open","ping_status":"closed","template":"","meta":{"_acf_changed":false},"product_cat":[117],"product_tag":[],"class_list":{"0":"post-18490","1":"product","2":"type-product","3":"status-publish","4":"has-post-thumbnail","6":"product_cat-filtros-y-valvulas-de-bola","8":"first","9":"instock","10":"shipping-taxable","11":"product-type-simple"},"acf":[],"_links":{"self":[{"href":"https:\/\/toyman.com.tr\/es\/wp-json\/wp\/v2\/product\/18490","targetHints":{"allow":["GET"]}}],"collection":[{"href":"https:\/\/toyman.com.tr\/es\/wp-json\/wp\/v2\/product"}],"about":[{"href":"https:\/\/toyman.com.tr\/es\/wp-json\/wp\/v2\/types\/product"}],"replies":[{"embeddable":true,"href":"https:\/\/toyman.com.tr\/es\/wp-json\/wp\/v2\/comments?post=18490"}],"version-history":[{"count":1,"href":"https:\/\/toyman.com.tr\/es\/wp-json\/wp\/v2\/product\/18490\/revisions"}],"predecessor-version":[{"id":18493,"href":"https:\/\/toyman.com.tr\/es\/wp-json\/wp\/v2\/product\/18490\/revisions\/18493"}],"wp:featuredmedia":[{"embeddable":true,"href":"https:\/\/toyman.com.tr\/es\/wp-json\/wp\/v2\/media\/13658"}],"wp:attachment":[{"href":"https:\/\/toyman.com.tr\/es\/wp-json\/wp\/v2\/media?parent=18490"}],"wp:term":[{"taxonomy":"product_cat","embeddable":true,"href":"https:\/\/toyman.com.tr\/es\/wp-json\/wp\/v2\/product_cat?post=18490"},{"taxonomy":"product_tag","embeddable":true,"href":"https:\/\/toyman.com.tr\/es\/wp-json\/wp\/v2\/product_tag?post=18490"}],"curies":[{"name":"wp","href":"https:\/\/api.w.org\/{rel}","templated":true}]}}