{"id":18548,"date":"2024-01-10T11:59:48","date_gmt":"2024-01-10T11:59:48","guid":{"rendered":"https:\/\/toyman.com.tr\/urun\/plastik-kuresel-vana-kamlok-baglantili\/"},"modified":"2024-07-16T07:53:32","modified_gmt":"2024-07-16T07:53:32","slug":"valvulas-de-bola-de-2-vias-con-la-conexion-acople","status":"publish","type":"product","link":"https:\/\/toyman.com.tr\/es\/urun\/valvulas-de-bola-de-2-vias-con-la-conexion-acople\/","title":{"rendered":"V\u00c1LVULAS DE <br>BOLA DE 2 V\u00cdAS <br>(Con La Conexi\u00f3n Acople)"},"content":{"rendered":"<table width=\"1079\">\n<tbody>\n<tr>\n<td width=\"150\">Palanca Est\u00e1ndar<\/td>\n<td width=\"130\">Palanca Corta<\/td>\n<td width=\"64\">F<\/td>\n<td width=\"64\">Cuerpo<\/td>\n<td width=\"64\">A<\/td>\n<td width=\"64\">B<\/td>\n<td colspan=\"2\" width=\"64\">B1<\/td>\n<td width=\"64\">C<\/td>\n<td width=\"64\">D<\/td>\n<td width=\"64\">D1<\/td>\n<td width=\"64\">H<\/td>\n<td width=\"64\">L<\/td>\n<td width=\"64\">M<\/td>\n<td width=\"64\">N<\/td>\n<td width=\"64\">O<\/td>\n<\/tr>\n<tr>\n<td><strong>062012006<\/strong><\/td>\n<td><strong>062012016<\/strong><\/td>\n<td width=\"64\">G 1\u00bd\u2033<\/td>\n<td width=\"64\">1\u00bd\u2033<\/td>\n<td>179<\/td>\n<td>96<\/td>\n<td colspan=\"2\">83<\/td>\n<td>46<\/td>\n<td>192<\/td>\n<td>166<\/td>\n<td>151<\/td>\n<td>27<\/td>\n<td>34<\/td>\n<td>27<\/td>\n<td width=\"64\">M8<\/td>\n<\/tr>\n<tr>\n<td><strong>062012007<\/strong><\/td>\n<td><strong>062012017<\/strong><\/td>\n<td width=\"64\">G 2\u2033<\/td>\n<td width=\"64\">2\u2033<\/td>\n<td>196<\/td>\n<td>125<\/td>\n<td colspan=\"2\">110<\/td>\n<td>46<\/td>\n<td>250<\/td>\n<td>220<\/td>\n<td>174<\/td>\n<td>32<\/td>\n<td>78<\/td>\n<td>43<\/td>\n<td width=\"64\">M8<\/td>\n<\/tr>\n<\/tbody>\n<\/table>\n","protected":false},"excerpt":{"rendered":"<p>\u2022 Alojamientos de teflon<br \/>\n\u2022 BSP roscas<br \/>\n\u2022 Cuerpo y bola de polipropileno reforzado con fibra de vidrio<br \/>\n\u2022 Tambi\u00e9n disponible con palancas cortas<br \/>\n\u2022 M8 racores de l\u00e1ton<\/p>\n","protected":false},"featured_media":13742,"comment_status":"open","ping_status":"closed","template":"","meta":{"_acf_changed":false},"product_cat":[117],"product_tag":[],"class_list":{"0":"post-18548","1":"product","2":"type-product","3":"status-publish","4":"has-post-thumbnail","6":"product_cat-filtros-y-valvulas-de-bola","8":"first","9":"instock","10":"shipping-taxable","11":"product-type-simple"},"acf":[],"_links":{"self":[{"href":"https:\/\/toyman.com.tr\/es\/wp-json\/wp\/v2\/product\/18548","targetHints":{"allow":["GET"]}}],"collection":[{"href":"https:\/\/toyman.com.tr\/es\/wp-json\/wp\/v2\/product"}],"about":[{"href":"https:\/\/toyman.com.tr\/es\/wp-json\/wp\/v2\/types\/product"}],"replies":[{"embeddable":true,"href":"https:\/\/toyman.com.tr\/es\/wp-json\/wp\/v2\/comments?post=18548"}],"version-history":[{"count":1,"href":"https:\/\/toyman.com.tr\/es\/wp-json\/wp\/v2\/product\/18548\/revisions"}],"predecessor-version":[{"id":18555,"href":"https:\/\/toyman.com.tr\/es\/wp-json\/wp\/v2\/product\/18548\/revisions\/18555"}],"wp:featuredmedia":[{"embeddable":true,"href":"https:\/\/toyman.com.tr\/es\/wp-json\/wp\/v2\/media\/13742"}],"wp:attachment":[{"href":"https:\/\/toyman.com.tr\/es\/wp-json\/wp\/v2\/media?parent=18548"}],"wp:term":[{"taxonomy":"product_cat","embeddable":true,"href":"https:\/\/toyman.com.tr\/es\/wp-json\/wp\/v2\/product_cat?post=18548"},{"taxonomy":"product_tag","embeddable":true,"href":"https:\/\/toyman.com.tr\/es\/wp-json\/wp\/v2\/product_tag?post=18548"}],"curies":[{"name":"wp","href":"https:\/\/api.w.org\/{rel}","templated":true}]}}