{"id":18592,"date":"2023-10-24T06:03:39","date_gmt":"2023-10-24T06:03:39","guid":{"rendered":"https:\/\/toyman.com.tr\/urun\/45-oringli-dirsek\/"},"modified":"2024-06-06T12:00:05","modified_gmt":"2024-06-06T12:00:05","slug":"racor-portamangueras-curvo-45-para-tuerca","status":"publish","type":"product","link":"https:\/\/toyman.com.tr\/es\/urun\/racor-portamangueras-curvo-45-para-tuerca\/","title":{"rendered":"RACOR PORTAMANGUERAS CURVO 45\u00b0 PARA TUERCA"},"content":{"rendered":"<table width=\"600\">\n<tbody>\n<tr>\n<td width=\"64\">C\u00d3DIGO<\/td>\n<td width=\"80\">F<\/td>\n<td width=\"80\">A (mm)<\/td>\n<td width=\"80\">A1 (mm)<\/td>\n<td width=\"80\">B (mm)<\/td>\n<td width=\"80\">C (mm)<\/td>\n<td width=\"170\">Ba\u011flant\u0131 Somunu<\/td>\n<td width=\"64\">Oring<\/td>\n<\/tr>\n<tr>\n<td><strong>01011401<\/strong><\/td>\n<td width=\"64\"><strong>G 1\/2&#8243;<\/strong><\/td>\n<td>13<\/td>\n<td>13,7<\/td>\n<td>27<\/td>\n<td>24<\/td>\n<td>04011002<\/td>\n<td width=\"64\">OR2001000<\/td>\n<\/tr>\n<tr>\n<td><strong>01011402<\/strong><\/td>\n<td rowspan=\"2\" width=\"64\"><strong>G 1 1\/4&#8243;<\/strong><\/td>\n<td>30<\/td>\n<td>31,5<\/td>\n<td>45<\/td>\n<td>55<\/td>\n<td rowspan=\"2\">04011006<\/td>\n<td rowspan=\"2\" width=\"64\">OR2622665<\/td>\n<\/tr>\n<tr>\n<td><strong>01011403<\/strong><\/td>\n<td>32<\/td>\n<td>31,5<\/td>\n<td>45<\/td>\n<td>55<\/td>\n<\/tr>\n<tr>\n<td><strong>01011404<\/strong><\/td>\n<td rowspan=\"4\" width=\"64\"><strong>G 1 1\/2&#8243;<\/strong><\/td>\n<td>30<\/td>\n<td>37,5<\/td>\n<td>46,5<\/td>\n<td>55<\/td>\n<td rowspan=\"4\">04011007<\/td>\n<td rowspan=\"4\" width=\"64\">OR2623299<\/td>\n<\/tr>\n<tr>\n<td><strong>01011405<\/strong><\/td>\n<td>32<\/td>\n<td>37,5<\/td>\n<td>46,5<\/td>\n<td>55<\/td>\n<\/tr>\n<tr>\n<td><strong>01011406<\/strong><\/td>\n<td>35<\/td>\n<td>37,5<\/td>\n<td>46,5<\/td>\n<td>55<\/td>\n<\/tr>\n<tr>\n<td><strong>01011407<\/strong><\/td>\n<td>40<\/td>\n<td>37,5<\/td>\n<td>46,5<\/td>\n<td>60<\/td>\n<\/tr>\n<tr>\n<td><strong>01011408<\/strong><\/td>\n<td rowspan=\"2\" width=\"64\"><strong>G 2&#8243;<\/strong><\/td>\n<td>45<\/td>\n<td>47<\/td>\n<td>47<\/td>\n<td>65<\/td>\n<td rowspan=\"2\">04011008<\/td>\n<td rowspan=\"2\" width=\"64\">OR2623934<\/td>\n<\/tr>\n<tr>\n<td><strong>01011409<\/strong><\/td>\n<td>50<\/td>\n<td>47<\/td>\n<td>47<\/td>\n<td>68<\/td>\n<\/tr>\n<\/tbody>\n<\/table>\n","protected":false},"excerpt":{"rendered":"<p>C\u00d3DIGO F A (mm) A1 (mm) B (mm) C (mm) Ba\u011flant\u0131 Somunu Oring 01011401 G 1\/2&#8243; 13 13,7 27 24 04011002 OR2001000 01011402 G 1 1\/4&#8243; 30 31,5 45 55 04011006 OR2622665 01011403 32 31,5 45 55 01011404 G 1 1\/2&#8243; 30 37,5 46,5 55 04011007 OR2623299 01011405 32 37,5 46,5 55 01011406 35 37,5 [&hellip;]<\/p>\n","protected":false},"featured_media":12620,"comment_status":"open","ping_status":"closed","template":"","meta":{"_acf_changed":false},"product_cat":[210],"product_tag":[],"class_list":{"0":"post-18592","1":"product","2":"type-product","3":"status-publish","4":"has-post-thumbnail","6":"product_cat-racores-2","8":"first","9":"instock","10":"shipping-taxable","11":"product-type-simple"},"acf":[],"_links":{"self":[{"href":"https:\/\/toyman.com.tr\/es\/wp-json\/wp\/v2\/product\/18592","targetHints":{"allow":["GET"]}}],"collection":[{"href":"https:\/\/toyman.com.tr\/es\/wp-json\/wp\/v2\/product"}],"about":[{"href":"https:\/\/toyman.com.tr\/es\/wp-json\/wp\/v2\/types\/product"}],"replies":[{"embeddable":true,"href":"https:\/\/toyman.com.tr\/es\/wp-json\/wp\/v2\/comments?post=18592"}],"version-history":[{"count":1,"href":"https:\/\/toyman.com.tr\/es\/wp-json\/wp\/v2\/product\/18592\/revisions"}],"predecessor-version":[{"id":18598,"href":"https:\/\/toyman.com.tr\/es\/wp-json\/wp\/v2\/product\/18592\/revisions\/18598"}],"wp:featuredmedia":[{"embeddable":true,"href":"https:\/\/toyman.com.tr\/es\/wp-json\/wp\/v2\/media\/12620"}],"wp:attachment":[{"href":"https:\/\/toyman.com.tr\/es\/wp-json\/wp\/v2\/media?parent=18592"}],"wp:term":[{"taxonomy":"product_cat","embeddable":true,"href":"https:\/\/toyman.com.tr\/es\/wp-json\/wp\/v2\/product_cat?post=18592"},{"taxonomy":"product_tag","embeddable":true,"href":"https:\/\/toyman.com.tr\/es\/wp-json\/wp\/v2\/product_tag?post=18592"}],"curies":[{"name":"wp","href":"https:\/\/api.w.org\/{rel}","templated":true}]}}