{"id":18638,"date":"2023-10-25T12:22:07","date_gmt":"2023-10-25T12:22:07","guid":{"rendered":"https:\/\/toyman.com.tr\/urun\/anafor-emis-kiti-g-2\/"},"modified":"2024-06-06T12:32:28","modified_gmt":"2024-06-06T12:32:28","slug":"kit-de-aspiracion-anti-vortex-con-la-salida-anticontaminacion-2","status":"publish","type":"product","link":"https:\/\/toyman.com.tr\/es\/urun\/kit-de-aspiracion-anti-vortex-con-la-salida-anticontaminacion-2\/","title":{"rendered":"KIT DE ASPIRAC\u0130\u00d3N ANTI VORTEX CON LA SALIDA ANTICONTAMINACI\u00d3N 2\u201d"},"content":{"rendered":"<table style=\"border-collapse: collapse; width: 250pt;\" border=\"0\" width=\"250\" cellspacing=\"0\" cellpadding=\"0\">\n<tbody>\n<tr style=\"height: 20.25pt;\">\n<td class=\"xl65\" style=\"height: 20.25pt; width: 48pt;\" width=\"64\" height=\"27\">C\u00d3DIGO<\/td>\n<td class=\"xl69\" style=\"width: 48pt;\" width=\"64\"><span class=\"font5\">F<\/span><\/td>\n<td class=\"xl69\" style=\"width: 48pt;\" width=\"64\"><span class=\"font5\">F1<\/span><\/td>\n<td class=\"xl66\" style=\"width: 48pt;\" width=\"64\"><span class=\"font5\">\u00d8 <\/span><span class=\"font6\">(mm)<\/span><\/td>\n<\/tr>\n<tr style=\"height: 15.0pt;\">\n<td class=\"xl67\" style=\"height: 15.0pt;\" height=\"20\"><strong>03012025<\/strong><\/td>\n<td class=\"xl70\" style=\"width: 48pt;\" rowspan=\"5\" width=\"64\"><strong><span class=\"font7\">G \u00be\u00bb<\/span><\/strong><\/td>\n<td class=\"xl70\" style=\"width: 48pt;\" rowspan=\"5\" width=\"64\"><strong><span class=\"font7\">G 2&#8243;<\/span><\/strong><\/td>\n<td class=\"xl68\">25<\/td>\n<\/tr>\n<tr style=\"height: 15.0pt;\">\n<td class=\"xl67\" style=\"height: 15.0pt;\" height=\"20\"><strong>03012030<\/strong><\/td>\n<td class=\"xl68\">30<\/td>\n<\/tr>\n<tr style=\"height: 15.0pt;\">\n<td class=\"xl67\" style=\"height: 15.0pt;\" height=\"20\"><strong>03012035<\/strong><\/td>\n<td class=\"xl68\">35<\/td>\n<\/tr>\n<tr style=\"height: 15.0pt;\">\n<td class=\"xl67\" style=\"height: 15.0pt;\" height=\"20\"><strong>03012040<\/strong><\/td>\n<td class=\"xl68\">40<\/td>\n<\/tr>\n<tr style=\"height: 15.0pt;\">\n<td class=\"xl67\" style=\"height: 15.0pt;\" height=\"20\"><strong>03012045<\/strong><\/td>\n<td class=\"xl68\">45<\/td>\n<\/tr>\n<\/tbody>\n<\/table>\n","protected":false},"excerpt":{"rendered":"<p>C\u00d3DIGO F F1 \u00d8 (mm) 03012025 G \u00be\u00bb G 2&#8243; 25 03012030 30 03012035 35 03012040 40 03012045 45<\/p>\n","protected":false},"featured_media":12738,"comment_status":"open","ping_status":"closed","template":"","meta":{"_acf_changed":false},"product_cat":[43],"product_tag":[],"class_list":{"0":"post-18638","1":"product","2":"type-product","3":"status-publish","4":"has-post-thumbnail","6":"product_cat-genel","8":"first","9":"instock","10":"shipping-taxable","11":"product-type-simple"},"acf":[],"_links":{"self":[{"href":"https:\/\/toyman.com.tr\/es\/wp-json\/wp\/v2\/product\/18638","targetHints":{"allow":["GET"]}}],"collection":[{"href":"https:\/\/toyman.com.tr\/es\/wp-json\/wp\/v2\/product"}],"about":[{"href":"https:\/\/toyman.com.tr\/es\/wp-json\/wp\/v2\/types\/product"}],"replies":[{"embeddable":true,"href":"https:\/\/toyman.com.tr\/es\/wp-json\/wp\/v2\/comments?post=18638"}],"version-history":[{"count":0,"href":"https:\/\/toyman.com.tr\/es\/wp-json\/wp\/v2\/product\/18638\/revisions"}],"wp:featuredmedia":[{"embeddable":true,"href":"https:\/\/toyman.com.tr\/es\/wp-json\/wp\/v2\/media\/12738"}],"wp:attachment":[{"href":"https:\/\/toyman.com.tr\/es\/wp-json\/wp\/v2\/media?parent=18638"}],"wp:term":[{"taxonomy":"product_cat","embeddable":true,"href":"https:\/\/toyman.com.tr\/es\/wp-json\/wp\/v2\/product_cat?post=18638"},{"taxonomy":"product_tag","embeddable":true,"href":"https:\/\/toyman.com.tr\/es\/wp-json\/wp\/v2\/product_tag?post=18638"}],"curies":[{"name":"wp","href":"https:\/\/api.w.org\/{rel}","templated":true}]}}