{"id":18700,"date":"2023-12-25T13:11:33","date_gmt":"2023-12-25T13:11:33","guid":{"rendered":"https:\/\/toyman.com.tr\/urun\/plastik-tarla-memesi-tekli-meme-3-8-pasolu-somunlu-tip\/"},"modified":"2024-07-23T08:26:18","modified_gmt":"2024-07-23T08:26:18","slug":"portaboquillas-herbicidas-con-abrazadera-articulada-y-cabezal-roscado-g-3-8-2","status":"publish","type":"product","link":"https:\/\/toyman.com.tr\/es\/urun\/portaboquillas-herbicidas-con-abrazadera-articulada-y-cabezal-roscado-g-3-8-2\/","title":{"rendered":"PORTABOQUILLAS HERBICIDAS CON ABRAZADERA ARTICULADA Y CABEZAL ROSCADO G 3\/8&#8243;"},"content":{"rendered":"<table width=\"236\">\n<tbody>\n<tr>\n<td width=\"108\">C\u00d3DIGO<\/td>\n<td width=\"84\">F<\/td>\n<td width=\"85\">D<\/td>\n<\/tr>\n<tr>\n<td width=\"108\"><strong>0710104207B<\/strong><\/td>\n<td width=\"64\">7 mm<\/td>\n<td width=\"64\">\u00d8 20 mm<\/td>\n<\/tr>\n<tr>\n<td width=\"108\"><strong>0710104507B<\/strong><\/td>\n<td width=\"64\">7 mm<\/td>\n<td width=\"64\">\u00d8 \u00bd\u2033<\/td>\n<\/tr>\n<tr>\n<td width=\"108\"><strong>0710104410B<\/strong><\/td>\n<td width=\"64\">10 mm<\/td>\n<td width=\"64\">\u00d8 25 mm<\/td>\n<\/tr>\n<tr>\n<td width=\"108\"><strong>0710104510B<\/strong><\/td>\n<td width=\"64\">10 mm<\/td>\n<td width=\"64\">\u00d8 \u00bd\u2033<\/td>\n<\/tr>\n<tr>\n<td width=\"108\"><strong>0710104610B<\/strong><\/td>\n<td width=\"64\">10 mm<\/td>\n<td width=\"64\">\u00d8 \u00be\u2033<\/td>\n<\/tr>\n<tr>\n<td width=\"108\"><strong>0710104710B<\/strong><\/td>\n<td width=\"64\">10 mm<\/td>\n<td width=\"64\">\u00d8 1\u2033<\/td>\n<\/tr>\n<\/tbody>\n<\/table>\n","protected":false},"excerpt":{"rendered":"<p>\u2022 Para diferentes di\u00e1metros de tubo entre \u00d8 20 mm y \u00d8 1&#8243;<br \/>\n\u2022 Disponible con membrana y juntas en EPDM (a pedido VITON\u00ae)<br \/>\n\u2022 Presi\u00f3n m\u00e1xima de trabajo 20 bar<br \/>\n\u2022 Tipo con perno y cabezal<\/p>\n","protected":false},"featured_media":13374,"comment_status":"open","ping_status":"closed","template":"","meta":{"_acf_changed":false},"product_cat":[119],"product_tag":[],"class_list":{"0":"post-18700","1":"product","2":"type-product","3":"status-publish","4":"has-post-thumbnail","6":"product_cat-boquillas-y-accesorios","8":"first","9":"instock","10":"shipping-taxable","11":"product-type-simple"},"acf":[],"_links":{"self":[{"href":"https:\/\/toyman.com.tr\/es\/wp-json\/wp\/v2\/product\/18700","targetHints":{"allow":["GET"]}}],"collection":[{"href":"https:\/\/toyman.com.tr\/es\/wp-json\/wp\/v2\/product"}],"about":[{"href":"https:\/\/toyman.com.tr\/es\/wp-json\/wp\/v2\/types\/product"}],"replies":[{"embeddable":true,"href":"https:\/\/toyman.com.tr\/es\/wp-json\/wp\/v2\/comments?post=18700"}],"version-history":[{"count":1,"href":"https:\/\/toyman.com.tr\/es\/wp-json\/wp\/v2\/product\/18700\/revisions"}],"predecessor-version":[{"id":18703,"href":"https:\/\/toyman.com.tr\/es\/wp-json\/wp\/v2\/product\/18700\/revisions\/18703"}],"wp:featuredmedia":[{"embeddable":true,"href":"https:\/\/toyman.com.tr\/es\/wp-json\/wp\/v2\/media\/13374"}],"wp:attachment":[{"href":"https:\/\/toyman.com.tr\/es\/wp-json\/wp\/v2\/media?parent=18700"}],"wp:term":[{"taxonomy":"product_cat","embeddable":true,"href":"https:\/\/toyman.com.tr\/es\/wp-json\/wp\/v2\/product_cat?post=18700"},{"taxonomy":"product_tag","embeddable":true,"href":"https:\/\/toyman.com.tr\/es\/wp-json\/wp\/v2\/product_tag?post=18700"}],"curies":[{"name":"wp","href":"https:\/\/api.w.org\/{rel}","templated":true}]}}