{"id":18701,"date":"2023-12-25T13:22:33","date_gmt":"2023-12-25T13:22:33","guid":{"rendered":"https:\/\/toyman.com.tr\/urun\/plastik-tarla-memesi-tekli-meme-3-8-pasolu-somunlu-tip-kopya\/"},"modified":"2024-07-23T08:24:45","modified_gmt":"2024-07-23T08:24:45","slug":"portaboquillas-herbicidas-con-abrazadera-articulada-y-cabezal-roscado-g-3-8","status":"publish","type":"product","link":"https:\/\/toyman.com.tr\/es\/urun\/portaboquillas-herbicidas-con-abrazadera-articulada-y-cabezal-roscado-g-3-8\/","title":{"rendered":"PORTABOQUILLAS HERBICIDAS CON ABRAZADERA ARTICULADA Y CABEZAL ROSCADO G 3\/8&#8243;"},"content":{"rendered":"<table width=\"236\">\n<tbody>\n<tr>\n<td width=\"130\">C\u00d3DIGO<\/td>\n<td width=\"84\">F<\/td>\n<td width=\"84\">D<\/td>\n<\/tr>\n<tr>\n<td width=\"108\"><strong>0710104207S<\/strong><\/td>\n<td width=\"64\">7 mm<\/td>\n<td width=\"64\">\u00d8 20 mm<\/td>\n<\/tr>\n<tr>\n<td width=\"108\"><strong>0710104507S<\/strong><\/td>\n<td width=\"64\">7 mm<\/td>\n<td width=\"64\">\u00d8 \u00bd\u2033<\/td>\n<\/tr>\n<tr>\n<td width=\"108\"><strong>0710104410S<\/strong><\/td>\n<td width=\"64\">10 mm<\/td>\n<td width=\"64\">\u00d8 25 mm<\/td>\n<\/tr>\n<tr>\n<td width=\"108\"><strong>0710104510S<\/strong><\/td>\n<td width=\"64\">10 mm<\/td>\n<td width=\"64\">\u00d8 \u00bd\u2033<\/td>\n<\/tr>\n<tr>\n<td width=\"108\"><strong>0710104610S<\/strong><\/td>\n<td width=\"64\">10 mm<\/td>\n<td width=\"64\">\u00d8 \u00be\u2033<\/td>\n<\/tr>\n<tr>\n<td width=\"108\"><strong>0710104710S<\/strong><\/td>\n<td width=\"64\">10 mm<\/td>\n<td width=\"64\">\u00d8 1\u2033<\/td>\n<\/tr>\n<\/tbody>\n<\/table>\n","protected":false},"excerpt":{"rendered":"<p>\u2022 Para diferentes di\u00e1metros de tubo entre \u00d8 20 mm y \u00d8 1&#8243;<br \/>\n\u2022 EPDM diaphragm and gaskets (VITON\u00ae on request)<br \/>\n\u2022 Maximum operating pressure 20 bar<br \/>\n\u2022 Tipo con tornillo<\/p>\n","protected":false},"featured_media":13374,"comment_status":"open","ping_status":"closed","template":"","meta":{"_acf_changed":false},"product_cat":[119],"product_tag":[],"class_list":{"0":"post-18701","1":"product","2":"type-product","3":"status-publish","4":"has-post-thumbnail","6":"product_cat-boquillas-y-accesorios","8":"first","9":"instock","10":"shipping-taxable","11":"product-type-simple"},"acf":[],"_links":{"self":[{"href":"https:\/\/toyman.com.tr\/es\/wp-json\/wp\/v2\/product\/18701","targetHints":{"allow":["GET"]}}],"collection":[{"href":"https:\/\/toyman.com.tr\/es\/wp-json\/wp\/v2\/product"}],"about":[{"href":"https:\/\/toyman.com.tr\/es\/wp-json\/wp\/v2\/types\/product"}],"replies":[{"embeddable":true,"href":"https:\/\/toyman.com.tr\/es\/wp-json\/wp\/v2\/comments?post=18701"}],"version-history":[{"count":1,"href":"https:\/\/toyman.com.tr\/es\/wp-json\/wp\/v2\/product\/18701\/revisions"}],"predecessor-version":[{"id":18702,"href":"https:\/\/toyman.com.tr\/es\/wp-json\/wp\/v2\/product\/18701\/revisions\/18702"}],"wp:featuredmedia":[{"embeddable":true,"href":"https:\/\/toyman.com.tr\/es\/wp-json\/wp\/v2\/media\/13374"}],"wp:attachment":[{"href":"https:\/\/toyman.com.tr\/es\/wp-json\/wp\/v2\/media?parent=18701"}],"wp:term":[{"taxonomy":"product_cat","embeddable":true,"href":"https:\/\/toyman.com.tr\/es\/wp-json\/wp\/v2\/product_cat?post=18701"},{"taxonomy":"product_tag","embeddable":true,"href":"https:\/\/toyman.com.tr\/es\/wp-json\/wp\/v2\/product_tag?post=18701"}],"curies":[{"name":"wp","href":"https:\/\/api.w.org\/{rel}","templated":true}]}}