{"id":18731,"date":"2023-12-28T08:33:11","date_gmt":"2023-12-28T08:33:11","guid":{"rendered":"https:\/\/toyman.com.tr\/urun\/damla-kesicili-plastik-tarla-memesi-tekli-hortum-baglantili-tip-4\/"},"modified":"2024-07-23T11:36:46","modified_gmt":"2024-07-23T11:36:46","slug":"portaboquillas-para-manguera-11","status":"publish","type":"product","link":"https:\/\/toyman.com.tr\/es\/urun\/portaboquillas-para-manguera-11\/","title":{"rendered":"PORTABOQUILLAS PARA MANGUERA"},"content":{"rendered":"<table width=\"227\">\n<tbody>\n<tr>\n<td width=\"114\">C\u00d3DIGO<\/td>\n<td width=\"114\">\u00d8<\/td>\n<\/tr>\n<tr>\n<td><strong>071112210<\/strong><\/td>\n<td width=\"114\">10 mm (3\/8&#8243;)<\/td>\n<\/tr>\n<tr>\n<td><strong>071112213<\/strong><\/td>\n<td width=\"114\">13 mm (1\/2&#8243;)<\/td>\n<\/tr>\n<tr>\n<td><strong>071112219<\/strong><\/td>\n<td width=\"114\">19 mm (3\/4&#8243;)<\/td>\n<\/tr>\n<\/tbody>\n<\/table>\n","protected":false},"excerpt":{"rendered":"<p>CUERPO PORTABOQU\u0130LLA CON ANT\u0130GOTEO SUPER\u0130OR, CONEX\u0130\u00d3N R\u00c1P\u0130DA Y PORTAMANGUERA DOBLE<\/p>\n","protected":false},"featured_media":13412,"comment_status":"open","ping_status":"closed","template":"","meta":{"_acf_changed":false},"product_cat":[119],"product_tag":[],"class_list":{"0":"post-18731","1":"product","2":"type-product","3":"status-publish","4":"has-post-thumbnail","6":"product_cat-boquillas-y-accesorios","8":"first","9":"instock","10":"shipping-taxable","11":"product-type-simple"},"acf":[],"_links":{"self":[{"href":"https:\/\/toyman.com.tr\/es\/wp-json\/wp\/v2\/product\/18731","targetHints":{"allow":["GET"]}}],"collection":[{"href":"https:\/\/toyman.com.tr\/es\/wp-json\/wp\/v2\/product"}],"about":[{"href":"https:\/\/toyman.com.tr\/es\/wp-json\/wp\/v2\/types\/product"}],"replies":[{"embeddable":true,"href":"https:\/\/toyman.com.tr\/es\/wp-json\/wp\/v2\/comments?post=18731"}],"version-history":[{"count":1,"href":"https:\/\/toyman.com.tr\/es\/wp-json\/wp\/v2\/product\/18731\/revisions"}],"predecessor-version":[{"id":18735,"href":"https:\/\/toyman.com.tr\/es\/wp-json\/wp\/v2\/product\/18731\/revisions\/18735"}],"wp:featuredmedia":[{"embeddable":true,"href":"https:\/\/toyman.com.tr\/es\/wp-json\/wp\/v2\/media\/13412"}],"wp:attachment":[{"href":"https:\/\/toyman.com.tr\/es\/wp-json\/wp\/v2\/media?parent=18731"}],"wp:term":[{"taxonomy":"product_cat","embeddable":true,"href":"https:\/\/toyman.com.tr\/es\/wp-json\/wp\/v2\/product_cat?post=18731"},{"taxonomy":"product_tag","embeddable":true,"href":"https:\/\/toyman.com.tr\/es\/wp-json\/wp\/v2\/product_tag?post=18731"}],"curies":[{"name":"wp","href":"https:\/\/api.w.org\/{rel}","templated":true}]}}