{"id":18796,"date":"2024-01-02T13:43:06","date_gmt":"2024-01-02T13:43:06","guid":{"rendered":"https:\/\/toyman.com.tr\/urun\/kompakt-damla-kesicili-plastik-tarla-memesi-4lu-paralel-takim\/"},"modified":"2024-07-23T14:14:56","modified_gmt":"2024-07-23T14:14:56","slug":"boquillas-de-4-vias-con-antigota-de-membrana-kit-completo-3","status":"publish","type":"product","link":"https:\/\/toyman.com.tr\/es\/urun\/boquillas-de-4-vias-con-antigota-de-membrana-kit-completo-3\/","title":{"rendered":"BOQUILLAS DE 4 V\u00cdAS CON ANTIGOTA DE MEMBRANA (Kit Completo)"},"content":{"rendered":"<table width=\"428\">\n<tbody>\n<tr>\n<td width=\"130\">EPDM<\/td>\n<td width=\"130\">VITON\u00ae<\/td>\n<td width=\"84\">F<\/td>\n<td width=\"84\">D<\/td>\n<\/tr>\n<tr>\n<td width=\"100\"><strong>0700235007BE<\/strong><\/td>\n<td width=\"98\"><strong>0700235007BV<\/strong><\/td>\n<td rowspan=\"2\" width=\"100\">\u00d8 7<\/td>\n<td width=\"130\">\u00d8 \u00bd\u2033<\/td>\n<\/tr>\n<tr>\n<td width=\"100\"><strong>0700236007BE<\/strong><\/td>\n<td width=\"98\"><strong>0700236007BV<\/strong><\/td>\n<td width=\"130\">\u00d8 20 mm<\/td>\n<\/tr>\n<tr>\n<td width=\"100\"><strong>0700235010BE<\/strong><\/td>\n<td width=\"98\"><strong>0700235010BV<\/strong><\/td>\n<td rowspan=\"2\" width=\"100\">\u00d8 10<\/td>\n<td width=\"130\">\u00d8 \u00bd\u2033<\/td>\n<\/tr>\n<tr>\n<td width=\"100\"><strong>0700236010BE<\/strong><\/td>\n<td width=\"98\"><strong>0700236010BV<\/strong><\/td>\n<td width=\"130\">\u00d8 20 mm<\/td>\n<\/tr>\n<\/tbody>\n<\/table>\n","protected":false},"excerpt":{"rendered":"<p>\u2022 Disponible con boquilla est\u00e1ndar, cabezal de bayoneta, filtro y junta montados<br \/>\n\u2022 Especifiquen en el pedido dimensi\u00f3n de boquilla est\u00e1ndar y dimensi\u00f3n de mesh de filtro<br \/>\n\u2022 Junta t\u00f3rica incluida<br \/>\n\u2022 Logo de compan\u00eda a pedido<\/p>\n","protected":false},"featured_media":13474,"comment_status":"open","ping_status":"closed","template":"","meta":{"_acf_changed":false},"product_cat":[119],"product_tag":[],"class_list":{"0":"post-18796","1":"product","2":"type-product","3":"status-publish","4":"has-post-thumbnail","6":"product_cat-boquillas-y-accesorios","8":"first","9":"instock","10":"shipping-taxable","11":"product-type-simple"},"acf":[],"_links":{"self":[{"href":"https:\/\/toyman.com.tr\/es\/wp-json\/wp\/v2\/product\/18796","targetHints":{"allow":["GET"]}}],"collection":[{"href":"https:\/\/toyman.com.tr\/es\/wp-json\/wp\/v2\/product"}],"about":[{"href":"https:\/\/toyman.com.tr\/es\/wp-json\/wp\/v2\/types\/product"}],"replies":[{"embeddable":true,"href":"https:\/\/toyman.com.tr\/es\/wp-json\/wp\/v2\/comments?post=18796"}],"version-history":[{"count":1,"href":"https:\/\/toyman.com.tr\/es\/wp-json\/wp\/v2\/product\/18796\/revisions"}],"predecessor-version":[{"id":18798,"href":"https:\/\/toyman.com.tr\/es\/wp-json\/wp\/v2\/product\/18796\/revisions\/18798"}],"wp:featuredmedia":[{"embeddable":true,"href":"https:\/\/toyman.com.tr\/es\/wp-json\/wp\/v2\/media\/13474"}],"wp:attachment":[{"href":"https:\/\/toyman.com.tr\/es\/wp-json\/wp\/v2\/media?parent=18796"}],"wp:term":[{"taxonomy":"product_cat","embeddable":true,"href":"https:\/\/toyman.com.tr\/es\/wp-json\/wp\/v2\/product_cat?post=18796"},{"taxonomy":"product_tag","embeddable":true,"href":"https:\/\/toyman.com.tr\/es\/wp-json\/wp\/v2\/product_tag?post=18796"}],"curies":[{"name":"wp","href":"https:\/\/api.w.org\/{rel}","templated":true}]}}