{"id":18804,"date":"2024-01-02T14:34:36","date_gmt":"2024-01-02T14:34:36","guid":{"rendered":"https:\/\/toyman.com.tr\/urun\/revolver-plastik-tarla-memesi-3lu-takim\/"},"modified":"2024-07-23T14:21:30","modified_gmt":"2024-07-23T14:21:30","slug":"portaboquillas-herbicidas-de-3-vias-con-antigota-de-membrana-revolver-kit-completo","status":"publish","type":"product","link":"https:\/\/toyman.com.tr\/es\/urun\/portaboquillas-herbicidas-de-3-vias-con-antigota-de-membrana-revolver-kit-completo\/","title":{"rendered":"PORTABOQUILLAS HERBICIDAS DE 3 V\u00cdAS CON ANTIGOTA DE MEMBRANA <br>(Revolver Kit Completo)"},"content":{"rendered":"<table width=\"485\">\n<tbody>\n<tr>\n<td width=\"80\">EPDM<\/td>\n<td width=\"170\">VITON<sup>\u00ae<\/sup><\/td>\n<td width=\"84\">F<\/td>\n<td width=\"84\">D<\/td>\n<\/tr>\n<tr>\n<td width=\"230\"><strong>0720600507BE<\/strong><\/td>\n<td width=\"127\"><strong>0720600507BV<\/strong><\/td>\n<td rowspan=\"2\" width=\"64\">\u00d8 7<\/td>\n<td width=\"64\">\u00d8 \u00bd\u2033<\/td>\n<\/tr>\n<tr>\n<td width=\"230\"><strong>0720600207BE<\/strong><\/td>\n<td width=\"127\"><strong>0720600207BV<\/strong><\/td>\n<td width=\"64\">\u00d8 20 mm<\/td>\n<\/tr>\n<tr>\n<td width=\"230\"><strong>0720600510BE<\/strong><\/td>\n<td width=\"127\"><strong>0720600510BV<\/strong><\/td>\n<td rowspan=\"5\" width=\"64\">\u00d8 10<\/td>\n<td width=\"64\">\u00d8 \u00bd\u2033<\/td>\n<\/tr>\n<tr>\n<td width=\"230\"><strong>0720600210BE<\/strong><\/td>\n<td width=\"127\"><strong>0720600210BV<\/strong><\/td>\n<td width=\"64\">\u00d8 20 mm<\/td>\n<\/tr>\n<tr>\n<td width=\"230\"><strong>0720600610BE<\/strong><\/td>\n<td width=\"127\"><strong>0720600610BV<\/strong><\/td>\n<td width=\"64\">\u00d8 \u00be\u2033<\/td>\n<\/tr>\n<tr>\n<td width=\"230\"><strong>0720600410BE<\/strong><\/td>\n<td width=\"127\"><strong>0720600410BV<\/strong><\/td>\n<td width=\"64\">\u00d8 25 mm<\/td>\n<\/tr>\n<tr>\n<td width=\"230\"><strong>0720600710BE<\/strong><\/td>\n<td width=\"127\"><strong>0720600710BV<\/strong><\/td>\n<td width=\"64\">\u00d8 1\u2033<\/td>\n<\/tr>\n<\/tbody>\n<\/table>\n","protected":false},"excerpt":{"rendered":"<p>\u2022 Disponible con boquilla est\u00e1ndar, cabezal de bayoneta, filtro y junta montados<br \/>\n\u2022 Especifiquen en el pedido dimensi\u00f3n de boquilla est\u00e1ndar y dimensi\u00f3n de mesh de filtro<br \/>\n\u2022 Junta t\u00f3rica incluida<\/p>\n","protected":false},"featured_media":13482,"comment_status":"open","ping_status":"closed","template":"","meta":{"_acf_changed":false},"product_cat":[119],"product_tag":[],"class_list":{"0":"post-18804","1":"product","2":"type-product","3":"status-publish","4":"has-post-thumbnail","6":"product_cat-boquillas-y-accesorios","8":"first","9":"instock","10":"shipping-taxable","11":"product-type-simple"},"acf":[],"_links":{"self":[{"href":"https:\/\/toyman.com.tr\/es\/wp-json\/wp\/v2\/product\/18804","targetHints":{"allow":["GET"]}}],"collection":[{"href":"https:\/\/toyman.com.tr\/es\/wp-json\/wp\/v2\/product"}],"about":[{"href":"https:\/\/toyman.com.tr\/es\/wp-json\/wp\/v2\/types\/product"}],"replies":[{"embeddable":true,"href":"https:\/\/toyman.com.tr\/es\/wp-json\/wp\/v2\/comments?post=18804"}],"version-history":[{"count":1,"href":"https:\/\/toyman.com.tr\/es\/wp-json\/wp\/v2\/product\/18804\/revisions"}],"predecessor-version":[{"id":18805,"href":"https:\/\/toyman.com.tr\/es\/wp-json\/wp\/v2\/product\/18804\/revisions\/18805"}],"wp:featuredmedia":[{"embeddable":true,"href":"https:\/\/toyman.com.tr\/es\/wp-json\/wp\/v2\/media\/13482"}],"wp:attachment":[{"href":"https:\/\/toyman.com.tr\/es\/wp-json\/wp\/v2\/media?parent=18804"}],"wp:term":[{"taxonomy":"product_cat","embeddable":true,"href":"https:\/\/toyman.com.tr\/es\/wp-json\/wp\/v2\/product_cat?post=18804"},{"taxonomy":"product_tag","embeddable":true,"href":"https:\/\/toyman.com.tr\/es\/wp-json\/wp\/v2\/product_tag?post=18804"}],"curies":[{"name":"wp","href":"https:\/\/api.w.org\/{rel}","templated":true}]}}